{"id":284,"date":"2019-04-16T14:54:54","date_gmt":"2019-04-16T14:54:54","guid":{"rendered":"https:\/\/www.alcatelmobile.com\/?page_id=284"},"modified":"2020-04-13T20:39:04","modified_gmt":"2020-04-13T12:39:04","slug":"terms-conditions","status":"publish","type":"page","link":"https:\/\/www.alcatelmobile.com\/africa\/terms-conditions\/","title":{"rendered":"Termes et conditions d\u2019utilisation"},"content":{"rendered":"\t\t<div data-elementor-type=\"post\" data-elementor-id=\"284\" class=\"elementor elementor-284\" data-elementor-settings=\"[]\">\n\t\t\t<div class=\"elementor-inner\">\n\t\t\t\t<div class=\"elementor-section-wrap\">\n\t\t\t\t\t\t\t<section class=\"elementor-element elementor-element-5d992c1c mi-no-height elementor-section-boxed elementor-section-height-default elementor-section-height-default elementor-section elementor-top-section\" data-id=\"5d992c1c\" data-element_type=\"section\">\n\t\t\t\t\t\t<div class=\"elementor-container elementor-column-gap-no\">\n\t\t\t\t<div class=\"elementor-row\">\n\t\t\t\t<div class=\"elementor-element elementor-element-3fc3f109 elementor-column elementor-col-100 elementor-top-column\" data-id=\"3fc3f109\" data-element_type=\"column\">\n\t\t\t<div class=\"elementor-column-wrap  elementor-element-populated\">\n\t\t\t\t\t<div class=\"elementor-widget-wrap\">\n\t\t\t\t<div class=\"elementor-element elementor-element-3ef70ce3 elementor-widget elementor-widget-html\" data-id=\"3ef70ce3\" data-element_type=\"widget\" data-widget_type=\"html.default\">\n\t\t\t\t<div class=\"elementor-widget-container\">\n\t\t\t<div id=\"mi-alternative-menu-bottom-border-color\" data-alt-class=\"mi-dark-bottom-border\"><\/div>\t\t<\/div>\n\t\t\t\t<\/div>\n\t\t\t\t\t\t<\/div>\n\t\t\t<\/div>\n\t\t<\/div>\n\t\t\t\t\t\t<\/div>\n\t\t\t<\/div>\n\t\t<\/section>\n\t\t\t\t<section class=\"elementor-element elementor-element-c4a6c6f elementor-section-boxed elementor-section-height-default elementor-section-height-default elementor-section elementor-top-section\" data-id=\"c4a6c6f\" data-element_type=\"section\">\n\t\t\t\t\t\t<div class=\"elementor-container elementor-column-gap-no\">\n\t\t\t\t<div class=\"elementor-row\">\n\t\t\t\t<div class=\"elementor-element elementor-element-400c8ab8 elementor-column elementor-col-100 elementor-top-column\" data-id=\"400c8ab8\" data-element_type=\"column\">\n\t\t\t<div class=\"elementor-column-wrap  elementor-element-populated\">\n\t\t\t\t\t<div class=\"elementor-widget-wrap\">\n\t\t\t\t<div class=\"elementor-element elementor-element-1b88705f elementor-widget elementor-widget-theme-post-title elementor-page-title elementor-widget-heading\" data-id=\"1b88705f\" data-element_type=\"widget\" data-widget_type=\"theme-post-title.default\">\n\t\t\t\t<div class=\"elementor-widget-container\">\n\t\t\t<h1 class=\"elementor-heading-title elementor-size-default\">Termes et conditions d\u2019utilisation<\/h1>\t\t<\/div>\n\t\t\t\t<\/div>\n\t\t\t\t<div class=\"elementor-element elementor-element-318e0821 mi-general-text mi-hyperlink-blue elementor-widget elementor-widget-text-editor\" data-id=\"318e0821\" data-element_type=\"widget\" data-widget_type=\"text-editor.default\">\n\t\t\t\t<div class=\"elementor-widget-container\">\n\t\t\t\t\t<div class=\"elementor-text-editor elementor-clearfix\"><h2 style=\"font-size: 1em; font-style: normal; margin-top: 20px; margin-bottom: 10px; color: #00a0e3; line-height: 1.3em; text-transform: uppercase; font-family: Lato, Helvetica, Arial, sans-serif; text-rendering: optimizelegibility; text-align: center;\"><strong>CONDITIONS D&#8217;UTILISATION<\/strong><\/h2>\n<p>Bienvenue sur notre site. Les pr\u00e9sents termes et conditions r\u00e9gissent votre utilisation du <a href=\"https:\/\/www.alcatelmobile.com\/\">www.alcatelmobile.com<\/a>\u2002site Web (ci-apr\u00e8s le \u00ab site Web \u00bb) et de tous les sites Web connexes. Nous vous fournissons l\u2019acc\u00e8s \u00e0 ce site Web sous r\u00e9serve de l\u2019acceptation des pr\u00e9sentes conditions d&#8217;utilisation, de notre politique de confidentialit\u00e9 et de notre politique en mati\u00e8re de cookies (ci-apr\u00e8s \u00ab Termes et conditions \u00bb). Veuillez lire attentivement les pr\u00e9sents Termes et conditions. Ces Termes et conditions constituent un contrat entre vous et TCL Communication Technology Holdings Limited (\u00ab TCT \u00bb) et peuvent \u00eatre modifi\u00e9s de temps \u00e0 autre. Ces modifications et conditions suppl\u00e9mentaires vous seront communiqu\u00e9es et, si elles sont accept\u00e9es, elles entreront en vigueur imm\u00e9diatement et seront incorpor\u00e9es aux pr\u00e9sents Termes et conditions. Si vous refusez d&#8217;accepter ces modifications, vous cesserez imm\u00e9diatement d&#8217;avoir acc\u00e8s \u00e0 ce site Web. Si vous n&#8217;acceptez pas les Termes et conditions, n&#8217;utilisez pas ce site Web. Si vous utilisez ce site Web, vous reconnaissez accepter ces Termes et conditions. Certains contenus de ce site Web peuvent ne pas \u00eatre adapt\u00e9s aux mineurs. En acc\u00e9dant \u00e0 ce site Web, vous garantissez que vous n&#8217;\u00eates pas mineur et que la loi de votre pays de r\u00e9sidence vous autorise \u00e0 acc\u00e9der \u00e0 ce site Web.<\/p>\n<h2 style=\"font-size: 1em; font-style: normal; margin-top: 20px; margin-bottom: 10px; color: #00a0e3; line-height: 1.3em; text-transform: uppercase; font-family: Lato, Helvetica, Arial, sans-serif; text-rendering: optimizelegibility; text-align: center;\"><strong>PROPRI\u00c9T\u00c9 INTELLECTUELLE<\/strong><\/h2>\n<p>\u00c0 l&#8217;exception du contenu g\u00e9n\u00e9r\u00e9 par l&#8217;utilisateur, le cas \u00e9ch\u00e9ant, ce site Web, y compris tous les droits d&#8217;auteur, marques commerciales et autres droits de propri\u00e9t\u00e9 intellectuelle, est prot\u00e9g\u00e9 par des droits de propri\u00e9t\u00e9 intellectuelle d\u00e9tenus par TCT ou un tiers. Vous n\u2019\u00eates pas autoris\u00e9 \u00e0 reproduire, distribuer, modifier ou cr\u00e9er des \u0153uvres en d\u00e9rivant, afficher publiquement (y compris en encadrant tout contenu), ou exploiter commercialement toute partie de ce site Web, sauf si n\u00e9cessaire pour visualiser le contenu et cr\u00e9er un nombre raisonnable de copies d\u2019\u00e9l\u00e9ments de ce contenu (sans modification) pour votre usage personnel et non commercial. Si vous pensez que tout contenu de ce site Web viole les droits de propri\u00e9t\u00e9 intellectuelle de tiers, veuillez nous contacter imm\u00e9diatement. D\u00e8s r\u00e9ception de votre notification, nous prendrons les mesures n\u00e9cessaires pour mettre fin \u00e0 une telle violation et supprimer tout contenu illicite de notre site Web. Alcatel, TCL, Blackberry, les logos associ\u00e9s et toutes les autres marques commerciales, marques de service, graphiques et logos utilis\u00e9s en relation avec ce site Web sont des marques commerciales ou des marques d\u00e9pos\u00e9es de TCT ou de ses conc\u00e9dants de licence. Les autres marques commerciales, marques de service, graphiques et logos utilis\u00e9s en relation avec ce site Web peuvent s\u2019av\u00e9rer \u00eatre les marques commerciales de leurs propri\u00e9taires respectifs. Vous ne b\u00e9n\u00e9ficiez d&#8217;aucun droit ou licence \u00e0 l&#8217;\u00e9gard des marques susmentionn\u00e9es et pour toute utilisation de ces marques. En cas de violation de ce qui pr\u00e9c\u00e8de, TCT se r\u00e9serve le droit de vous demander d&#8217;arr\u00eater imm\u00e9diatement ou de rectifier l&#8217;utilisation ill\u00e9gale ou, si l&#8217;utilisation ill\u00e9gale et\/ou la violation se poursuivent, TCT se r\u00e9serve le droit de d\u00e9poser une plainte contre vous.<\/p>\n<h2 style=\"font-size: 1em; font-style: normal; margin-top: 20px; margin-bottom: 10px; color: #00a0e3; line-height: 1.3em; text-transform: uppercase; font-family: Lato, Helvetica, Arial, sans-serif; text-rendering: optimizelegibility; text-align: center;\"><strong>LICENCE ET ACC\u00c8S AU SITE<\/strong><\/h2>\n<p>Nous vous accordons une licence limit\u00e9e pour votre acc\u00e8s et votre usage personnel de ce site Web. Tout ou partie de ce site Web ne peut \u00eatre reproduit, dupliqu\u00e9, copi\u00e9, vendu, revendu, visit\u00e9 ou autrement exploit\u00e9 \u00e0 des fins commerciales sans notre consentement \u00e9crit expr\u00e8s. Vous ne pouvez pas encadrer ou utiliser des techniques de cadrage pour joindre une marque, un logo ou toutes autres informations exclusives (y compris des images, du texte, une mise en page ou un formulaire) sans notre consentement \u00e9crit expr\u00e8s. Vous ne pouvez pas utiliser de balises META, ou tout autre \u00ab texte cach\u00e9 \u00bb utilisant notre nom ou nos marques, sans notre consentement \u00e9crit expr\u00e8s. Toute utilisation non autoris\u00e9e entra\u00eenera automatiquement la r\u00e9siliation de la pr\u00e9sente licence accord\u00e9e.<\/p>\n<h2 style=\"font-size: 1em; font-style: normal; margin-top: 20px; margin-bottom: 10px; color: #00a0e3; line-height: 1.3em; text-transform: uppercase; font-family: Lato, Helvetica, Arial, sans-serif; text-rendering: optimizelegibility; text-align: center;\"><strong>D\u00c9CLARATION DE GARANTIE ; LIMITATION DE RESPONSABILIT\u00c9<\/strong><\/h2>\n<p>Ce site Web est fourni par TCT \u00ab tel quel \u00bb. Dans toute la mesure permise par la loi applicable, ni TCT ni ses partenaires, fournisseurs ou affili\u00e9s ne formulent de d\u00e9clarations ou de garanties de quelque nature que ce soit, explicites ou implicites, quant au fonctionnement de ce site Web, de son contenu ou de toute information mise \u00e0 disposition pour ou par le biais de ce site Web. De plus, TCT et ses partenaires d\u00e9clinent toutes les garanties concernant ce site Web, expresses ou implicites, y compris, mais sans s&#8217;y limiter, les garanties implicites de qualit\u00e9 marchande, de titre, d&#8217;ad\u00e9quation \u00e0 un usage particulier et de non-contrefa\u00e7on. En outre, TCT ne garantit pas que l&#8217;utilisation de ce site Web sera ininterrompue, disponible \u00e0 tout moment ou \u00e0 partir de n&#8217;importe quel endroit particulier, s\u00e9curis\u00e9e ou sans erreur, que les d\u00e9fauts seront corrig\u00e9s ou que ce site Web est exempt de virus ou de tout autre composant potentiellement dangereux. Vous serez responsable de la sauvegarde de votre propre syst\u00e8me. TCT ne formule aucune autre promesse ou garantie concernant ce site Web, et en particulier ne garantit pas et ne sera pas responsable pour toute r\u00e9clamation r\u00e9sultant d&#8217;une d\u00e9cision prise par TCT de supprimer ou de refuser de traiter des informations ou du contenu, de vous avertir, de suspendre ou r\u00e9silier votre acc\u00e8s \u00e0 ce site Web, ou prendre toute autre mesure au cours de l&#8217;enqu\u00eate sur une violation pr\u00e9sum\u00e9e ou \u00e0 la suite de la conclusion de TCT qu&#8217;une violation de ces conditions g\u00e9n\u00e9rales s&#8217;est produite ; ou relative \u00e0 une perte de revenus, d&#8217;affaires ou de b\u00e9n\u00e9fices, ou \u00e0 toute perte de donn\u00e9es ou corruption de donn\u00e9es en rapport avec votre utilisation de l&#8217;application ou de ce site Web. TCT n&#8217;acceptera en aucun cas la responsabilit\u00e9 pour toute qualification, y compris la responsabilit\u00e9 pour n\u00e9gligence (\u00e0 l&#8217;exception des blessures corporelles ou de la mort), pour tout dommage ou perte que ce soit (y compris, sans limitation, la perte d&#8217;activit\u00e9, les revenus, les b\u00e9n\u00e9fices ou la perte cons\u00e9cutive) r\u00e9sultant de l&#8217;utilisation ou de votre incapacit\u00e9 \u00e0 utiliser ces sites Web. Si vous ne respectez pas les pr\u00e9sents Termes et conditions, vous serez responsable envers TCT, ses administrateurs, dirigeants, employ\u00e9s, soci\u00e9t\u00e9s affili\u00e9es, agents, sous-traitants et conc\u00e9dants de licence de toute r\u00e9clamation d\u00e9coulant de votre violation. Vous serez \u00e9galement tenu pour responsable de toute mesure prise par TCT dans le cadre de son enqu\u00eate sur une violation pr\u00e9sum\u00e9e des pr\u00e9sents Termes et conditions, ou \u00e0 la suite de ses conclusions ou de sa d\u00e9cision qu&#8217;une violation de ces Termes et conditions s&#8217;est produite.<\/p>\n<h2 style=\"font-size: 1em; font-style: normal; margin-top: 20px; margin-bottom: 10px; color: #00a0e3; line-height: 1.3em; text-transform: uppercase; font-family: Lato, Helvetica, Arial, sans-serif; text-rendering: optimizelegibility; text-align: center;\"><strong>PROTECTION DES DONN\u00c9ES DE LA VIE PRIV\u00c9E<\/strong><\/h2>\n<p>Toutes les informations que vous nous fournissez, et \u00e0 partir desquelles TCT peut vous identifier, sont d\u00e9tenues et trait\u00e9es conform\u00e9ment \u00e0 nos\u00a0Politique de confidentialit\u00e9. Dans le cadre de votre utilisation de ce site Web, vous pouvez partager avec nous votre adresse e-mail pour une communication ult\u00e9rieure entre vous et TCT. Avant de donner votre adresse e-mail, veuillez consulter notre Politique de confidentialit\u00e9 afin de comprendre comment nous collectons et utilisons les informations vous concernant lorsque vous acc\u00e9dez, visitez ou utilisez ce site Web. Vos informations personnelles seront collect\u00e9es, stock\u00e9es et trait\u00e9es conform\u00e9ment \u00e0 notre Politique de confidentialit\u00e9, que vous devez lire et accepter avant de transmettre vos informations personnelles lors de l&#8217;utilisation de ce site Web.<\/p>\n<h2 style=\"font-size: 1em; font-style: normal; margin-top: 20px; margin-bottom: 10px; color: #00a0e3; line-height: 1.3em; text-transform: uppercase; font-family: Lato, Helvetica, Arial, sans-serif; text-rendering: optimizelegibility; text-align: center;\"><strong>LIENS VERS DES SITES TIERS<\/strong><\/h2>\n<p>Le pr\u00e9sent site Web peut \u00e9galement contenir des liens vers d&#8217;autres sites Web non contr\u00f4l\u00e9s ou maintenus par TCT. En aucun cas TCT ne peut \u00eatre tenu pour responsable du contenu de ces sites. TCT ne fournit ces liens que pour votre confort et n&#8217;approuve pas n\u00e9cessairement le contenu de ces sites. L&#8217;utilisation par vous de ces sites Web de tiers cr\u00e9e une relation directe entre vous et ces tiers. Il est donc de votre responsabilit\u00e9 de lire et de respecter les politiques de confidentialit\u00e9 de ces tiers ainsi que les Termes et conditions s\u2019appliquant \u00e0 leurs sites Web. Toutes les r\u00e9clamations concernant ces sites Web tiers, ou le contenu trouv\u00e9 sur ces sites Web, ne doivent \u00eatre adress\u00e9es qu\u2019\u00e0 ces tiers.<\/p>\n<h2 style=\"font-size: 1em; font-style: normal; margin-top: 20px; margin-bottom: 10px; color: #00a0e3; line-height: 1.3em; text-transform: uppercase; font-family: Lato, Helvetica, Arial, sans-serif; text-rendering: optimizelegibility; text-align: center;\"><strong>DROIT ET JURIDICTION APPLICABLES<\/strong><\/h2>\n<p>Ce site Web est contr\u00f4l\u00e9 et exploit\u00e9 par les bureaux de TCT bas\u00e9s \u00e0 Hong Kong. En acc\u00e9dant \u00e0 ce site Web, vous acceptez que les lois de la r\u00e9gion administrative sp\u00e9ciale de Hong Kong, de la R\u00e9publique populaire de Chine, s&#8217;appliquent aux questions relatives \u00e0 l&#8217;utilisation de ce site Web, sans \u00e9gard aux principes des conflits de lois. En cas de tout litige ou d\u00e9saccord entre TCT et vous d\u00e9coulant de, ou en relation avec, votre utilisation de ce site Web, les parties tenteront, rapidement et de bonne foi, de r\u00e9soudre un tel litige. Si nous ne sommes pas en mesure de r\u00e9soudre un tel diff\u00e9rend dans un d\u00e9lai raisonnable (ne d\u00e9passant pas trente (30) jours), alors l&#8217;une ou l&#8217;autre des parties peut soumettre cette controverse ou ce diff\u00e9rend aux tribunaux comp\u00e9tents de Hong Kong.<\/p><\/div>\n\t\t\t\t<\/div>\n\t\t\t\t<\/div>\n\t\t\t\t\t\t<\/div>\n\t\t\t<\/div>\n\t\t<\/div>\n\t\t\t\t\t\t<\/div>\n\t\t\t<\/div>\n\t\t<\/section>\n\t\t\t\t\t\t<\/div>\n\t\t\t<\/div>\n\t\t<\/div>\n\t\t","protected":false},"excerpt":{"rendered":"<p>CONDITIONS D&#8217;UTILISATION Bienvenue sur notre site. Les pr\u00e9sents termes et conditions r\u00e9gissent votre utilisation du www.alcatelmobile.com\u2002site Web (ci-apr\u00e8s le \u00ab site Web \u00bb) et de tous les sites Web connexes. Nous vous fournissons l\u2019acc\u00e8s \u00e0 ce site Web sous r\u00e9serve de l\u2019acceptation des pr\u00e9sentes conditions d&#8217;utilisation, de notre politique de confidentialit\u00e9 et de notre politique &hellip;<\/p>\n<p class=\"read-more\"> <a class=\"\" href=\"https:\/\/www.alcatelmobile.com\/africa\/terms-conditions\/\"> <span class=\"screen-reader-text\">Termes et conditions d\u2019utilisation<\/span> Read More &raquo;<\/a><\/p>\n","protected":false},"author":1,"featured_media":0,"parent":0,"menu_order":0,"comment_status":"closed","ping_status":"closed","template":"","meta":[],"_links":{"self":[{"href":"https:\/\/www.alcatelmobile.com\/africa\/content\/wp-json\/wp\/v2\/pages\/284"}],"collection":[{"href":"https:\/\/www.alcatelmobile.com\/africa\/content\/wp-json\/wp\/v2\/pages"}],"about":[{"href":"https:\/\/www.alcatelmobile.com\/africa\/content\/wp-json\/wp\/v2\/types\/page"}],"author":[{"embeddable":true,"href":"https:\/\/www.alcatelmobile.com\/africa\/content\/wp-json\/wp\/v2\/users\/1"}],"replies":[{"embeddable":true,"href":"https:\/\/www.alcatelmobile.com\/africa\/content\/wp-json\/wp\/v2\/comments?post=284"}],"version-history":[{"count":12,"href":"https:\/\/www.alcatelmobile.com\/africa\/content\/wp-json\/wp\/v2\/pages\/284\/revisions"}],"predecessor-version":[{"id":28861,"href":"https:\/\/www.alcatelmobile.com\/africa\/content\/wp-json\/wp\/v2\/pages\/284\/revisions\/28861"}],"wp:attachment":[{"href":"https:\/\/www.alcatelmobile.com\/africa\/content\/wp-json\/wp\/v2\/media?parent=284"}],"curies":[{"name":"wp","href":"https:\/\/api.w.org\/{rel}","templated":true}]}}