{"id":11,"date":"2019-04-14T03:09:21","date_gmt":"2019-04-14T03:09:21","guid":{"rendered":"https:\/\/www.alcatelmobile.com\/?page_id=11"},"modified":"2019-07-25T14:40:26","modified_gmt":"2019-07-25T06:40:26","slug":"tcl-communication","status":"publish","type":"page","link":"https:\/\/www.alcatelmobile.com\/ar\/tcl-communication\/","title":{"rendered":"Acerca de Nosotros"},"content":{"rendered":"\t\t<div data-elementor-type=\"wp-post\" data-elementor-id=\"11\" class=\"elementor elementor-11\" data-elementor-post-type=\"page\">\n\t\t\t\t\t\t<section class=\"elementor-section elementor-top-section elementor-element elementor-element-69b9a566 mi-no-height elementor-section-boxed elementor-section-height-default elementor-section-height-default\" data-id=\"69b9a566\" data-element_type=\"section\">\n\t\t\t\t\t\t<div class=\"elementor-container elementor-column-gap-no\">\n\t\t\t\t\t<div class=\"elementor-column elementor-col-100 elementor-top-column elementor-element elementor-element-55626936\" data-id=\"55626936\" data-element_type=\"column\">\n\t\t\t<div class=\"elementor-widget-wrap elementor-element-populated\">\n\t\t\t\t\t\t<div class=\"elementor-element elementor-element-26df0d72 elementor-widget elementor-widget-html\" data-id=\"26df0d72\" data-element_type=\"widget\" data-widget_type=\"html.default\">\n\t\t\t\t<div class=\"elementor-widget-container\">\n\t\t\t\t\t<div id=\"mi-prevent-header-double-overlay\"><\/div>\t\t\t\t<\/div>\n\t\t\t\t<\/div>\n\t\t\t\t\t<\/div>\n\t\t<\/div>\n\t\t\t\t\t<\/div>\n\t\t<\/section>\n\t\t\t\t<section class=\"elementor-section elementor-top-section elementor-element elementor-element-4c310b74 elementor-section-height-min-height elementor-section-content-middle mi-hero-image mi-dynamic-bg mi-force-full-width elementor-section-boxed elementor-section-height-default elementor-section-items-middle\" data-id=\"4c310b74\" data-element_type=\"section\" data-settings=\"{&quot;background_background&quot;:&quot;classic&quot;}\">\n\t\t\t\t\t\t\t<div class=\"elementor-background-overlay\"><\/div>\n\t\t\t\t\t\t\t<div class=\"elementor-container elementor-column-gap-no\">\n\t\t\t\t\t<div class=\"elementor-column elementor-col-100 elementor-top-column elementor-element elementor-element-3dc38656\" data-id=\"3dc38656\" data-element_type=\"column\">\n\t\t\t<div class=\"elementor-widget-wrap elementor-element-populated\">\n\t\t\t\t\t\t<div class=\"elementor-element elementor-element-39305b8 elementor-widget elementor-widget-heading\" data-id=\"39305b8\" data-element_type=\"widget\" data-widget_type=\"heading.default\">\n\t\t\t\t<div class=\"elementor-widget-container\">\n\t\t\t\t\t<h1 class=\"elementor-heading-title elementor-size-default\">Acerca de Nosotros<\/h1>\t\t\t\t<\/div>\n\t\t\t\t<\/div>\n\t\t\t\t<div class=\"elementor-element elementor-element-38019e6b elementor-widget elementor-widget-heading\" data-id=\"38019e6b\" data-element_type=\"widget\" data-widget_type=\"heading.default\">\n\t\t\t\t<div class=\"elementor-widget-container\">\n\t\t\t\t\t<h2 class=\"elementor-heading-title elementor-size-default\">Informaci\u00f3n sobre nosotros en un solo lugar.<\/h2>\t\t\t\t<\/div>\n\t\t\t\t<\/div>\n\t\t\t\t\t<\/div>\n\t\t<\/div>\n\t\t\t\t\t<\/div>\n\t\t<\/section>\n\t\t\t\t<section class=\"elementor-section elementor-top-section elementor-element elementor-element-6f5ed058 elementor-section-boxed elementor-section-height-default elementor-section-height-default\" data-id=\"6f5ed058\" data-element_type=\"section\">\n\t\t\t\t\t\t<div class=\"elementor-container elementor-column-gap-no\">\n\t\t\t\t\t<div class=\"elementor-column elementor-col-100 elementor-top-column elementor-element elementor-element-117293fd\" data-id=\"117293fd\" data-element_type=\"column\">\n\t\t\t<div class=\"elementor-widget-wrap elementor-element-populated\">\n\t\t\t\t\t\t<div class=\"elementor-element elementor-element-7d30b6ad mi-general-text mi-hyperlink-blue elementor-widget elementor-widget-text-editor\" data-id=\"7d30b6ad\" data-element_type=\"widget\" data-widget_type=\"text-editor.default\">\n\t\t\t\t<div class=\"elementor-widget-container\">\n\t\t\t\t\t\t\t\t\t<p>Con base en Hong Kong, TCL Communication Technology Holdings Limited dise\u00f1a, fabrica y vende un portafolio creciente de productos y servicios m\u00f3viles en todo el mundo.<\/p>\n<p>El portafolio de productos se vende actualmente en m\u00e1s de 160 pa\u00edses de Norte Am\u00e9rica, Latinoam\u00e9rica, Europa, Medio Oriente, \u00c1frica, Asia y Ocean\u00eda. TCL fue catalogada entre los 10 fabricantes m\u00e1s grandes de tel\u00e9fonos m\u00f3viles en el primer cuarto de 2017 de acuerdo con IDC e informaci\u00f3n de la compa\u00f1\u00eda.<\/p>\n<p>Los productos comercializados por TCL con marca Alcatel entregan innovaci\u00f3n, experiencias ricas en especificaciones que hacen simple el acceso a la tecnolog\u00eda m\u00f3vil actual; entregando un portafolio variado de productos cargados de la tecnolog\u00eda que la gente hoy mas busca. Sus productos y soluciones son vistos por los millennials y la Generaci\u00f3n Z de consumidores como simples, personalizables, aut\u00e9nticos y divertidos. Combinando y entendiendo cada mercado, y con el control punta a punta del proceso de fabricaci\u00f3n, Alcatel entrega experiencias a media con productos m\u00f3viles de alta performance que permiten a los consumidores explorar y amplificar su bienestar d\u00eda a d\u00eda.\n\nTCL es una marca registrada de TCL Corporation. Todas las otras marcas son propiedad de sus due\u00f1os respectivos. Alcatel es una marca de Nokia usada bajo licencia por TCL Comunicaciones.\t\t\t\t\t\t\t\t<\/div>\n\t\t\t\t<\/div>\n\t\t\t\t\t<\/div>\n\t\t<\/div>\n\t\t\t\t\t<\/div>\n\t\t<\/section>\n\t\t\t\t<\/div>\n\t\t","protected":false},"excerpt":{"rendered":"<p>Informaci\u00f3n sobre nosotros en un solo lugar.<\/p>\n","protected":false},"author":1,"featured_media":13132,"parent":0,"menu_order":0,"comment_status":"closed","ping_status":"closed","template":"","meta":{"site-sidebar-layout":"no-sidebar","site-content-layout":"default","ast-site-content-layout":"","site-content-style":"default","site-sidebar-style":"default","ast-global-header-display":"","ast-banner-title-visibility":"","ast-main-header-display":"","ast-hfb-above-header-display":"","ast-hfb-below-header-display":"","ast-hfb-mobile-header-display":"","site-post-title":"disabled","ast-breadcrumbs-content":"","ast-featured-img":"disabled","footer-sml-layout":"","theme-transparent-header-meta":"default","adv-header-id-meta":"","stick-header-meta":"default","header-above-stick-meta":"","header-main-stick-meta":"","header-below-stick-meta":"","astra-migrate-meta-layouts":"default","ast-page-background-enabled":"default","ast-page-background-meta":{"desktop":{"background-color":"var(--ast-global-color-4)","background-image":"","background-repeat":"repeat","background-position":"center center","background-size":"auto","background-attachment":"scroll","background-type":"","background-media":"","overlay-type":"","overlay-color":"","overlay-opacity":"","overlay-gradient":""},"tablet":{"background-color":"","background-image":"","background-repeat":"repeat","background-position":"center center","background-size":"auto","background-attachment":"scroll","background-type":"","background-media":"","overlay-type":"","overlay-color":"","overlay-opacity":"","overlay-gradient":""},"mobile":{"background-color":"","background-image":"","background-repeat":"repeat","background-position":"center center","background-size":"auto","background-attachment":"scroll","background-type":"","background-media":"","overlay-type":"","overlay-color":"","overlay-opacity":"","overlay-gradient":""}},"ast-content-background-meta":{"desktop":{"background-color":"var(--ast-global-color-5)","background-image":"","background-repeat":"repeat","background-position":"center center","background-size":"auto","background-attachment":"scroll","background-type":"","background-media":"","overlay-type":"","overlay-color":"","overlay-opacity":"","overlay-gradient":""},"tablet":{"background-color":"var(--ast-global-color-5)","background-image":"","background-repeat":"repeat","background-position":"center center","background-size":"auto","background-attachment":"scroll","background-type":"","background-media":"","overlay-type":"","overlay-color":"","overlay-opacity":"","overlay-gradient":""},"mobile":{"background-color":"var(--ast-global-color-5)","background-image":"","background-repeat":"repeat","background-position":"center center","background-size":"auto","background-attachment":"scroll","background-type":"","background-media":"","overlay-type":"","overlay-color":"","overlay-opacity":"","overlay-gradient":""}},"footnotes":""},"class_list":["post-11","page","type-page","status-publish","has-post-thumbnail","hentry"],"yoast_head":"<!-- This site is optimized with the Yoast SEO plugin v24.7 - https:\/\/yoast.com\/wordpress\/plugins\/seo\/ -->\n<title>About Alcatel | Alcatel Mobile | TCL Communication<\/title>\n<meta name=\"description\" content=\"TCL Communication Technology Holdings Limited designs, manufactures and markets an expanding portfolio of mobile and internet products and services worldwide\" \/>\n<meta name=\"robots\" content=\"index, follow, max-snippet:-1, max-image-preview:large, max-video-preview:-1\" \/>\n<link rel=\"canonical\" href=\"https:\/\/www.alcatelmobile.com\/ar\/tcl-communication\/\" \/>\n<meta property=\"og:locale\" content=\"en_US\" \/>\n<meta property=\"og:type\" content=\"article\" \/>\n<meta property=\"og:title\" content=\"About Alcatel | Alcatel Mobile | TCL Communication\" \/>\n<meta property=\"og:description\" content=\"TCL Communication Technology Holdings Limited designs, manufactures and markets an expanding portfolio of mobile and internet products and services worldwide\" \/>\n<meta property=\"og:url\" content=\"https:\/\/www.alcatelmobile.com\/ar\/tcl-communication\/\" \/>\n<meta property=\"og:site_name\" content=\"Alcatel\" \/>\n<meta property=\"article:modified_time\" content=\"2019-07-25T06:40:26+00:00\" \/>\n<meta property=\"og:image\" content=\"https:\/\/www.alcatelmobile.com\/ar\/wp-content\/uploads\/2019\/06\/alcatel_about_us_preview.jpg\" \/>\n\t<meta property=\"og:image:width\" content=\"2000\" \/>\n\t<meta property=\"og:image:height\" content=\"475\" \/>\n\t<meta property=\"og:image:type\" content=\"image\/jpeg\" \/>\n<meta name=\"twitter:card\" content=\"summary_large_image\" \/>\n<meta name=\"twitter:label1\" content=\"Est. reading time\" \/>\n\t<meta name=\"twitter:data1\" content=\"1 minute\" \/>\n<script type=\"application\/ld+json\" class=\"yoast-schema-graph\">{\"@context\":\"https:\/\/schema.org\",\"@graph\":[{\"@type\":\"WebPage\",\"@id\":\"https:\/\/www.alcatelmobile.com\/ar\/tcl-communication\/\",\"url\":\"https:\/\/www.alcatelmobile.com\/ar\/tcl-communication\/\",\"name\":\"About Alcatel | Alcatel Mobile | TCL Communication\",\"isPartOf\":{\"@id\":\"https:\/\/www.alcatelmobile.com\/ar\/#website\"},\"primaryImageOfPage\":{\"@id\":\"https:\/\/www.alcatelmobile.com\/ar\/tcl-communication\/#primaryimage\"},\"image\":{\"@id\":\"https:\/\/www.alcatelmobile.com\/ar\/tcl-communication\/#primaryimage\"},\"thumbnailUrl\":\"https:\/\/www.alcatelmobile.com\/ar\/wp-content\/uploads\/2019\/06\/alcatel_about_us_preview.jpg\",\"datePublished\":\"2019-04-14T03:09:21+00:00\",\"dateModified\":\"2019-07-25T06:40:26+00:00\",\"description\":\"TCL Communication Technology Holdings Limited designs, manufactures and markets an expanding portfolio of mobile and internet products and services worldwide\",\"inLanguage\":\"en-US\",\"potentialAction\":[{\"@type\":\"ReadAction\",\"target\":[\"https:\/\/www.alcatelmobile.com\/ar\/tcl-communication\/\"]}]},{\"@type\":\"ImageObject\",\"inLanguage\":\"en-US\",\"@id\":\"https:\/\/www.alcatelmobile.com\/ar\/tcl-communication\/#primaryimage\",\"url\":\"https:\/\/www.alcatelmobile.com\/ar\/wp-content\/uploads\/2019\/06\/alcatel_about_us_preview.jpg\",\"contentUrl\":\"https:\/\/www.alcatelmobile.com\/ar\/wp-content\/uploads\/2019\/06\/alcatel_about_us_preview.jpg\",\"width\":2000,\"height\":475},{\"@type\":\"WebSite\",\"@id\":\"https:\/\/www.alcatelmobile.com\/ar\/#website\",\"url\":\"https:\/\/www.alcatelmobile.com\/ar\/\",\"name\":\"Alcatel\",\"description\":\"\",\"publisher\":{\"@id\":\"https:\/\/www.alcatelmobile.com\/ar\/#organization\"},\"potentialAction\":[{\"@type\":\"SearchAction\",\"target\":{\"@type\":\"EntryPoint\",\"urlTemplate\":\"https:\/\/www.alcatelmobile.com\/ar\/?s={search_term_string}\"},\"query-input\":{\"@type\":\"PropertyValueSpecification\",\"valueRequired\":true,\"valueName\":\"search_term_string\"}}],\"inLanguage\":\"en-US\"},{\"@type\":\"Organization\",\"@id\":\"https:\/\/www.alcatelmobile.com\/ar\/#organization\",\"name\":\"Alcatel\",\"url\":\"https:\/\/www.alcatelmobile.com\/ar\/\",\"logo\":{\"@type\":\"ImageObject\",\"inLanguage\":\"en-US\",\"@id\":\"https:\/\/www.alcatelmobile.com\/ar\/#\/schema\/logo\/image\/\",\"url\":\"https:\/\/www.alcatelmobile.com\/ar\/wp-content\/uploads\/2019\/05\/Alcatel_logo_2016.svg\",\"contentUrl\":\"https:\/\/www.alcatelmobile.com\/ar\/wp-content\/uploads\/2019\/05\/Alcatel_logo_2016.svg\",\"caption\":\"Alcatel\"},\"image\":{\"@id\":\"https:\/\/www.alcatelmobile.com\/ar\/#\/schema\/logo\/image\/\"}}]}<\/script>\n<!-- \/ Yoast SEO plugin. -->","yoast_head_json":{"title":"About Alcatel | Alcatel Mobile | TCL Communication","description":"TCL Communication Technology Holdings Limited designs, manufactures and markets an expanding portfolio of mobile and internet products and services worldwide","robots":{"index":"index","follow":"follow","max-snippet":"max-snippet:-1","max-image-preview":"max-image-preview:large","max-video-preview":"max-video-preview:-1"},"canonical":"https:\/\/www.alcatelmobile.com\/ar\/tcl-communication\/","og_locale":"en_US","og_type":"article","og_title":"About Alcatel | Alcatel Mobile | TCL Communication","og_description":"TCL Communication Technology Holdings Limited designs, manufactures and markets an expanding portfolio of mobile and internet products and services worldwide","og_url":"https:\/\/www.alcatelmobile.com\/ar\/tcl-communication\/","og_site_name":"Alcatel","article_modified_time":"2019-07-25T06:40:26+00:00","og_image":[{"width":2000,"height":475,"url":"https:\/\/www.alcatelmobile.com\/ar\/wp-content\/uploads\/2019\/06\/alcatel_about_us_preview.jpg","type":"image\/jpeg"}],"twitter_card":"summary_large_image","twitter_misc":{"Est. reading time":"1 minute"},"schema":{"@context":"https:\/\/schema.org","@graph":[{"@type":"WebPage","@id":"https:\/\/www.alcatelmobile.com\/ar\/tcl-communication\/","url":"https:\/\/www.alcatelmobile.com\/ar\/tcl-communication\/","name":"About Alcatel | Alcatel Mobile | TCL Communication","isPartOf":{"@id":"https:\/\/www.alcatelmobile.com\/ar\/#website"},"primaryImageOfPage":{"@id":"https:\/\/www.alcatelmobile.com\/ar\/tcl-communication\/#primaryimage"},"image":{"@id":"https:\/\/www.alcatelmobile.com\/ar\/tcl-communication\/#primaryimage"},"thumbnailUrl":"https:\/\/www.alcatelmobile.com\/ar\/wp-content\/uploads\/2019\/06\/alcatel_about_us_preview.jpg","datePublished":"2019-04-14T03:09:21+00:00","dateModified":"2019-07-25T06:40:26+00:00","description":"TCL Communication Technology Holdings Limited designs, manufactures and markets an expanding portfolio of mobile and internet products and services worldwide","inLanguage":"en-US","potentialAction":[{"@type":"ReadAction","target":["https:\/\/www.alcatelmobile.com\/ar\/tcl-communication\/"]}]},{"@type":"ImageObject","inLanguage":"en-US","@id":"https:\/\/www.alcatelmobile.com\/ar\/tcl-communication\/#primaryimage","url":"https:\/\/www.alcatelmobile.com\/ar\/wp-content\/uploads\/2019\/06\/alcatel_about_us_preview.jpg","contentUrl":"https:\/\/www.alcatelmobile.com\/ar\/wp-content\/uploads\/2019\/06\/alcatel_about_us_preview.jpg","width":2000,"height":475},{"@type":"WebSite","@id":"https:\/\/www.alcatelmobile.com\/ar\/#website","url":"https:\/\/www.alcatelmobile.com\/ar\/","name":"Alcatel","description":"","publisher":{"@id":"https:\/\/www.alcatelmobile.com\/ar\/#organization"},"potentialAction":[{"@type":"SearchAction","target":{"@type":"EntryPoint","urlTemplate":"https:\/\/www.alcatelmobile.com\/ar\/?s={search_term_string}"},"query-input":{"@type":"PropertyValueSpecification","valueRequired":true,"valueName":"search_term_string"}}],"inLanguage":"en-US"},{"@type":"Organization","@id":"https:\/\/www.alcatelmobile.com\/ar\/#organization","name":"Alcatel","url":"https:\/\/www.alcatelmobile.com\/ar\/","logo":{"@type":"ImageObject","inLanguage":"en-US","@id":"https:\/\/www.alcatelmobile.com\/ar\/#\/schema\/logo\/image\/","url":"https:\/\/www.alcatelmobile.com\/ar\/wp-content\/uploads\/2019\/05\/Alcatel_logo_2016.svg","contentUrl":"https:\/\/www.alcatelmobile.com\/ar\/wp-content\/uploads\/2019\/05\/Alcatel_logo_2016.svg","caption":"Alcatel"},"image":{"@id":"https:\/\/www.alcatelmobile.com\/ar\/#\/schema\/logo\/image\/"}}]}},"_links":{"self":[{"href":"https:\/\/www.alcatelmobile.com\/ar\/content\/wp-json\/wp\/v2\/pages\/11","targetHints":{"allow":["GET"]}}],"collection":[{"href":"https:\/\/www.alcatelmobile.com\/ar\/content\/wp-json\/wp\/v2\/pages"}],"about":[{"href":"https:\/\/www.alcatelmobile.com\/ar\/content\/wp-json\/wp\/v2\/types\/page"}],"author":[{"embeddable":true,"href":"https:\/\/www.alcatelmobile.com\/ar\/content\/wp-json\/wp\/v2\/users\/1"}],"replies":[{"embeddable":true,"href":"https:\/\/www.alcatelmobile.com\/ar\/content\/wp-json\/wp\/v2\/comments?post=11"}],"version-history":[{"count":31,"href":"https:\/\/www.alcatelmobile.com\/ar\/content\/wp-json\/wp\/v2\/pages\/11\/revisions"}],"predecessor-version":[{"id":26402,"href":"https:\/\/www.alcatelmobile.com\/ar\/content\/wp-json\/wp\/v2\/pages\/11\/revisions\/26402"}],"wp:featuredmedia":[{"embeddable":true,"href":"https:\/\/www.alcatelmobile.com\/ar\/content\/wp-json\/wp\/v2\/media\/13132"}],"wp:attachment":[{"href":"https:\/\/www.alcatelmobile.com\/ar\/content\/wp-json\/wp\/v2\/media?parent=11"}],"curies":[{"name":"wp","href":"https:\/\/api.w.org\/{rel}","templated":true}]}}