{"id":27808,"date":"2019-12-01T17:02:43","date_gmt":"2019-12-01T09:02:43","guid":{"rendered":"https:\/\/www.alcatelmobile.com\/befr\/?page_id=27808"},"modified":"2019-12-21T15:53:47","modified_gmt":"2019-12-21T07:53:47","slug":"alcatel-approach","status":"publish","type":"page","link":"https:\/\/www.alcatelmobile.com\/befr\/alcatel-approach\/","title":{"rendered":"Notre Approche"},"content":{"rendered":"\t\t<div data-elementor-type=\"post\" data-elementor-id=\"27808\" class=\"elementor elementor-27808\" data-elementor-settings=\"[]\">\n\t\t\t<div class=\"elementor-inner\">\n\t\t\t\t<div class=\"elementor-section-wrap\">\n\t\t\t\t\t\t\t<section class=\"elementor-element elementor-element-399e8e8a mi-no-height elementor-section-boxed elementor-section-height-default elementor-section-height-default elementor-section elementor-top-section\" data-id=\"399e8e8a\" data-element_type=\"section\">\n\t\t\t\t\t\t<div class=\"elementor-container elementor-column-gap-no\">\n\t\t\t\t<div class=\"elementor-row\">\n\t\t\t\t<div class=\"elementor-element elementor-element-2a41a3e4 elementor-column elementor-col-100 elementor-top-column\" data-id=\"2a41a3e4\" data-element_type=\"column\">\n\t\t\t<div class=\"elementor-column-wrap  elementor-element-populated\">\n\t\t\t\t\t<div class=\"elementor-widget-wrap\">\n\t\t\t\t<div class=\"elementor-element elementor-element-77d7f3c9 elementor-widget elementor-widget-html\" data-id=\"77d7f3c9\" data-element_type=\"widget\" data-widget_type=\"html.default\">\n\t\t\t\t<div class=\"elementor-widget-container\">\n\t\t\t<div id=\"mi-prevent-header-double-overlay\"><\/div>\t\t<\/div>\n\t\t\t\t<\/div>\n\t\t\t\t\t\t<\/div>\n\t\t\t<\/div>\n\t\t<\/div>\n\t\t\t\t\t\t<\/div>\n\t\t\t<\/div>\n\t\t<\/section>\n\t\t\t\t<section class=\"elementor-element elementor-element-21910cb1 elementor-section-height-min-height elementor-section-content-middle mi-hero-image mi-dynamic-bg mi-force-full-width elementor-section-boxed elementor-section-height-default elementor-section-items-middle elementor-section elementor-top-section\" data-id=\"21910cb1\" data-element_type=\"section\" data-settings=\"{&quot;background_background&quot;:&quot;classic&quot;}\">\n\t\t\t\t\t\t\t<div class=\"elementor-background-overlay\"><\/div>\n\t\t\t\t\t\t\t<div class=\"elementor-container elementor-column-gap-no\">\n\t\t\t\t<div class=\"elementor-row\">\n\t\t\t\t<div class=\"elementor-element elementor-element-719d0a58 elementor-column elementor-col-100 elementor-top-column\" data-id=\"719d0a58\" data-element_type=\"column\">\n\t\t\t<div class=\"elementor-column-wrap  elementor-element-populated\">\n\t\t\t\t\t<div class=\"elementor-widget-wrap\">\n\t\t\t\t<div class=\"elementor-element elementor-element-1bdf404f elementor-widget elementor-widget-heading\" data-id=\"1bdf404f\" data-element_type=\"widget\" data-widget_type=\"heading.default\">\n\t\t\t\t<div class=\"elementor-widget-container\">\n\t\t\t<h1 class=\"elementor-heading-title elementor-size-default\">Notre Approche<\/h1>\t\t<\/div>\n\t\t\t\t<\/div>\n\t\t\t\t\t\t<\/div>\n\t\t\t<\/div>\n\t\t<\/div>\n\t\t\t\t\t\t<\/div>\n\t\t\t<\/div>\n\t\t<\/section>\n\t\t\t\t<section class=\"elementor-element elementor-element-b3873c7 elementor-section-stretched elementor-section-boxed elementor-section-height-default elementor-section-height-default elementor-section elementor-top-section\" data-id=\"b3873c7\" data-element_type=\"section\" data-settings=\"{&quot;stretch_section&quot;:&quot;section-stretched&quot;,&quot;background_background&quot;:&quot;classic&quot;}\">\n\t\t\t\t\t\t<div class=\"elementor-container elementor-column-gap-no\">\n\t\t\t\t<div class=\"elementor-row\">\n\t\t\t\t<div class=\"elementor-element elementor-element-2b3abda elementor-column elementor-col-100 elementor-top-column\" data-id=\"2b3abda\" data-element_type=\"column\">\n\t\t\t<div class=\"elementor-column-wrap  elementor-element-populated\">\n\t\t\t\t\t<div class=\"elementor-widget-wrap\">\n\t\t\t\t<div class=\"elementor-element elementor-element-746f42c0 elementor-widget elementor-widget-heading\" data-id=\"746f42c0\" data-element_type=\"widget\" data-widget_type=\"heading.default\">\n\t\t\t\t<div class=\"elementor-widget-container\">\n\t\t\t<h2 class=\"elementor-heading-title elementor-size-default\">TCL<\/h2>\t\t<\/div>\n\t\t\t\t<\/div>\n\t\t\t\t<div class=\"elementor-element elementor-element-698edcea elementor-widget elementor-widget-heading\" data-id=\"698edcea\" data-element_type=\"widget\" data-widget_type=\"heading.default\">\n\t\t\t\t<div class=\"elementor-widget-container\">\n\t\t\t<h2 class=\"elementor-heading-title elementor-size-default\">COMMUNICATION TECHNOLOGY<\/h2>\t\t<\/div>\n\t\t\t\t<\/div>\n\t\t\t\t<div class=\"elementor-element elementor-element-11b72d74 mi-general-text mi-hyperlink-blue elementor-widget elementor-widget-text-editor\" data-id=\"11b72d74\" data-element_type=\"widget\" data-widget_type=\"text-editor.default\">\n\t\t\t\t<div class=\"elementor-widget-container\">\n\t\t\t\t\t<div class=\"elementor-text-editor elementor-clearfix\"><p>En tant que fabricant de produits de communication et de service internet, de premier plan dans le monde, TCL Communication est sp\u00e9cialis\u00e9 dans l&#8217;offre de produits intelligents et de service pour une exp\u00e9rience utilisateur premium. Fid\u00e8le \u00e0 sa mission d&#8217;entreprise, qui est de cr\u00e9er de la valeur pour ses clients, d&#8217;offrir des opportunit\u00e9s aux employ\u00e9s, d&#8217;apporter des b\u00e9n\u00e9fices aux parties prenantes et d&#8217;assumer ses responsabilit\u00e9s envers la soci\u00e9t\u00e9, l&#8217;entreprise s&#8217;est toujours acquitt\u00e9 de ses responsabilit\u00e9s sociales tout en d\u00e9veloppant ses activit\u00e9s internationales.<\/p><\/div>\n\t\t\t\t<\/div>\n\t\t\t\t<\/div>\n\t\t\t\t<div class=\"elementor-element elementor-element-1d25b723 elementor-widget elementor-widget-image\" data-id=\"1d25b723\" data-element_type=\"widget\" data-widget_type=\"image.default\">\n\t\t\t\t<div class=\"elementor-widget-container\">\n\t\t\t\t\t<div class=\"elementor-image\">\n\t\t\t\t\t\t\t\t\t\t<img width=\"1537\" height=\"589\" src=\"https:\/\/www.alcatelmobile.com\/befr\/wp-content\/uploads\/2019\/12\/web_A3_HD_page_web_2-1.jpg\" class=\"attachment-full size-full\" alt=\"\" loading=\"lazy\" srcset=\"https:\/\/www.alcatelmobile.com\/befr\/wp-content\/uploads\/2019\/12\/web_A3_HD_page_web_2-1.jpg 1537w, https:\/\/www.alcatelmobile.com\/befr\/wp-content\/uploads\/2019\/12\/web_A3_HD_page_web_2-1-300x115.jpg 300w, https:\/\/www.alcatelmobile.com\/befr\/wp-content\/uploads\/2019\/12\/web_A3_HD_page_web_2-1-768x294.jpg 768w, https:\/\/www.alcatelmobile.com\/befr\/wp-content\/uploads\/2019\/12\/web_A3_HD_page_web_2-1-1024x392.jpg 1024w, https:\/\/www.alcatelmobile.com\/befr\/wp-content\/uploads\/2019\/12\/web_A3_HD_page_web_2-1-600x230.jpg 600w\" sizes=\"(max-width: 1537px) 100vw, 1537px\" \/>\t\t\t\t\t\t\t\t\t\t\t<\/div>\n\t\t\t\t<\/div>\n\t\t\t\t<\/div>\n\t\t\t\t\t\t<\/div>\n\t\t\t<\/div>\n\t\t<\/div>\n\t\t\t\t\t\t<\/div>\n\t\t\t<\/div>\n\t\t<\/section>\n\t\t\t\t<section class=\"elementor-element elementor-element-2a78e2fc elementor-section-stretched elementor-section-height-min-height elementor-section-items-stretch mi-bg-invis-tab-mob elementor-section-boxed elementor-section-height-default elementor-section elementor-top-section\" data-id=\"2a78e2fc\" data-element_type=\"section\" data-settings=\"{&quot;stretch_section&quot;:&quot;section-stretched&quot;,&quot;background_background&quot;:&quot;classic&quot;}\">\n\t\t\t\t\t\t<div class=\"elementor-container elementor-column-gap-no\">\n\t\t\t\t<div class=\"elementor-row\">\n\t\t\t\t<div class=\"elementor-element elementor-element-789c874a elementor-column elementor-col-50 elementor-top-column\" data-id=\"789c874a\" data-element_type=\"column\">\n\t\t\t<div class=\"elementor-column-wrap  elementor-element-populated\">\n\t\t\t\t\t<div class=\"elementor-widget-wrap\">\n\t\t\t\t<div class=\"elementor-element elementor-element-4583ceb elementor-widget elementor-widget-heading\" data-id=\"4583ceb\" data-element_type=\"widget\" data-widget_type=\"heading.default\">\n\t\t\t\t<div class=\"elementor-widget-container\">\n\t\t\t<h2 class=\"elementor-heading-title elementor-size-default\">VID\u00c9O<\/h2>\t\t<\/div>\n\t\t\t\t<\/div>\n\t\t\t\t<div class=\"elementor-element elementor-element-6aef23b5 mi-general-text mi-hyperlink-blue mi-text-height-36 elementor-widget elementor-widget-text-editor\" data-id=\"6aef23b5\" data-element_type=\"widget\" data-widget_type=\"text-editor.default\">\n\t\t\t\t<div class=\"elementor-widget-container\">\n\t\t\t\t\t<div class=\"elementor-text-editor elementor-clearfix\"><p>Pr\u00e9sentation de l&#8217;entreprise et de notre engagement pour la responsabilit\u00e9 sociale.<\/p><\/div>\n\t\t\t\t<\/div>\n\t\t\t\t<\/div>\n\t\t\t\t<div class=\"elementor-element elementor-element-64e172ca elementor-widget__width-auto elementor-widget elementor-widget-button\" data-id=\"64e172ca\" data-element_type=\"widget\" data-widget_type=\"button.default\">\n\t\t\t\t<div class=\"elementor-widget-container\">\n\t\t\t\t\t<div class=\"elementor-button-wrapper\">\n\t\t\t<a href=\"https:\/\/youtu.be\/zOEoT-mKVkc\" class=\"elementor-button-link elementor-button elementor-size-sm\" target=\"_blank\" role=\"button\">\n\t\t\t\t\t\t<span class=\"elementor-button-content-wrapper\">\n\t\t\t\t\t\t<span class=\"elementor-button-text\"> Lire ici  <\/span>\n\t\t<\/span>\n\t\t\t\t\t<\/a>\n\t\t<\/div>\n\t\t\t\t<\/div>\n\t\t\t\t<\/div>\n\t\t\t\t\t\t<\/div>\n\t\t\t<\/div>\n\t\t<\/div>\n\t\t\t\t<div class=\"elementor-element elementor-element-14f0043 mi-bg-invis-desktop elementor-column elementor-col-50 elementor-top-column\" data-id=\"14f0043\" data-element_type=\"column\">\n\t\t\t<div class=\"elementor-column-wrap  elementor-element-populated\">\n\t\t\t\t\t<div class=\"elementor-widget-wrap\">\n\t\t\t\t<div class=\"elementor-element elementor-element-4240b917 elementor-widget elementor-widget-spacer\" data-id=\"4240b917\" data-element_type=\"widget\" data-widget_type=\"spacer.default\">\n\t\t\t\t<div class=\"elementor-widget-container\">\n\t\t\t\t\t<div class=\"elementor-spacer\">\n\t\t\t<div class=\"elementor-spacer-inner\"><\/div>\n\t\t<\/div>\n\t\t\t\t<\/div>\n\t\t\t\t<\/div>\n\t\t\t\t\t\t<\/div>\n\t\t\t<\/div>\n\t\t<\/div>\n\t\t\t\t\t\t<\/div>\n\t\t\t<\/div>\n\t\t<\/section>\n\t\t\t\t<section class=\"elementor-element elementor-element-14333a24 elementor-section-stretched elementor-section-height-min-height elementor-section-items-stretch elementor-reverse-tablet elementor-reverse-mobile mi-bg-invis-tab-mob elementor-section-boxed elementor-section-height-default elementor-section elementor-top-section\" data-id=\"14333a24\" data-element_type=\"section\" data-settings=\"{&quot;stretch_section&quot;:&quot;section-stretched&quot;,&quot;background_background&quot;:&quot;classic&quot;}\">\n\t\t\t\t\t\t<div class=\"elementor-container elementor-column-gap-no\">\n\t\t\t\t<div class=\"elementor-row\">\n\t\t\t\t<div class=\"elementor-element elementor-element-c33759d mi-bg-invis-desktop elementor-column elementor-col-50 elementor-top-column\" data-id=\"c33759d\" data-element_type=\"column\">\n\t\t\t<div class=\"elementor-column-wrap  elementor-element-populated\">\n\t\t\t\t\t<div class=\"elementor-widget-wrap\">\n\t\t\t\t<div class=\"elementor-element elementor-element-40c277da elementor-widget elementor-widget-spacer\" data-id=\"40c277da\" data-element_type=\"widget\" data-widget_type=\"spacer.default\">\n\t\t\t\t<div class=\"elementor-widget-container\">\n\t\t\t\t\t<div class=\"elementor-spacer\">\n\t\t\t<div class=\"elementor-spacer-inner\"><\/div>\n\t\t<\/div>\n\t\t\t\t<\/div>\n\t\t\t\t<\/div>\n\t\t\t\t\t\t<\/div>\n\t\t\t<\/div>\n\t\t<\/div>\n\t\t\t\t<div class=\"elementor-element elementor-element-5446edba elementor-column elementor-col-50 elementor-top-column\" data-id=\"5446edba\" data-element_type=\"column\">\n\t\t\t<div class=\"elementor-column-wrap  elementor-element-populated\">\n\t\t\t\t\t<div class=\"elementor-widget-wrap\">\n\t\t\t\t<div class=\"elementor-element elementor-element-363cb062 elementor-widget elementor-widget-heading\" data-id=\"363cb062\" data-element_type=\"widget\" data-widget_type=\"heading.default\">\n\t\t\t\t<div class=\"elementor-widget-container\">\n\t\t\t<h2 class=\"elementor-heading-title elementor-size-default\">COMMUNIQU\u00c9 DE<\/h2>\t\t<\/div>\n\t\t\t\t<\/div>\n\t\t\t\t<div class=\"elementor-element elementor-element-755f42f6 elementor-widget elementor-widget-heading\" data-id=\"755f42f6\" data-element_type=\"widget\" data-widget_type=\"heading.default\">\n\t\t\t\t<div class=\"elementor-widget-container\">\n\t\t\t<h2 class=\"elementor-heading-title elementor-size-default\">PRESSE<\/h2>\t\t<\/div>\n\t\t\t\t<\/div>\n\t\t\t\t<div class=\"elementor-element elementor-element-1129e61a mi-general-text mi-hyperlink-blue mi-text-height-36 elementor-widget elementor-widget-text-editor\" data-id=\"1129e61a\" data-element_type=\"widget\" data-widget_type=\"text-editor.default\">\n\t\t\t\t<div class=\"elementor-widget-container\">\n\t\t\t\t\t<div class=\"elementor-text-editor elementor-clearfix\"><p>TCL Communication obtient les certifications ISO 9001-2015 et TL 9000<\/p><\/div>\n\t\t\t\t<\/div>\n\t\t\t\t<\/div>\n\t\t\t\t<div class=\"elementor-element elementor-element-257cac66 elementor-widget__width-auto elementor-widget elementor-widget-button\" data-id=\"257cac66\" data-element_type=\"widget\" data-widget_type=\"button.default\">\n\t\t\t\t<div class=\"elementor-widget-container\">\n\t\t\t\t\t<div class=\"elementor-button-wrapper\">\n\t\t\t<a href=\"https:\/\/www.alcatelmobile.com\/cz\/wp-content\/uploads\/2019\/11\/TCL_Communication_achieves_global_ISO9001_ALCATEL.pdf\" class=\"elementor-button-link elementor-button elementor-size-sm\" target=\"_blank\" role=\"button\">\n\t\t\t\t\t\t<span class=\"elementor-button-content-wrapper\">\n\t\t\t\t\t\t<span class=\"elementor-button-text\"> Lire ici  <\/span>\n\t\t<\/span>\n\t\t\t\t\t<\/a>\n\t\t<\/div>\n\t\t\t\t<\/div>\n\t\t\t\t<\/div>\n\t\t\t\t\t\t<\/div>\n\t\t\t<\/div>\n\t\t<\/div>\n\t\t\t\t\t\t<\/div>\n\t\t\t<\/div>\n\t\t<\/section>\n\t\t\t\t<section class=\"elementor-element elementor-element-2429c2c2 elementor-section-stretched elementor-section-height-min-height elementor-section-items-stretch mi-bg-invis-tab-mob elementor-section-boxed elementor-section-height-default elementor-section elementor-top-section\" data-id=\"2429c2c2\" data-element_type=\"section\" data-settings=\"{&quot;stretch_section&quot;:&quot;section-stretched&quot;,&quot;background_background&quot;:&quot;classic&quot;}\">\n\t\t\t\t\t\t<div class=\"elementor-container elementor-column-gap-no\">\n\t\t\t\t<div class=\"elementor-row\">\n\t\t\t\t<div class=\"elementor-element elementor-element-7652346c elementor-column elementor-col-50 elementor-top-column\" data-id=\"7652346c\" data-element_type=\"column\">\n\t\t\t<div class=\"elementor-column-wrap  elementor-element-populated\">\n\t\t\t\t\t<div class=\"elementor-widget-wrap\">\n\t\t\t\t<div class=\"elementor-element elementor-element-327aa1aa elementor-widget elementor-widget-heading\" data-id=\"327aa1aa\" data-element_type=\"widget\" data-widget_type=\"heading.default\">\n\t\t\t\t<div class=\"elementor-widget-container\">\n\t\t\t<h2 class=\"elementor-heading-title elementor-size-default\">RAPPORT<\/h2>\t\t<\/div>\n\t\t\t\t<\/div>\n\t\t\t\t<div class=\"elementor-element elementor-element-1679ebed elementor-widget elementor-widget-heading\" data-id=\"1679ebed\" data-element_type=\"widget\" data-widget_type=\"heading.default\">\n\t\t\t\t<div class=\"elementor-widget-container\">\n\t\t\t<h2 class=\"elementor-heading-title elementor-size-default\">ESG<\/h2>\t\t<\/div>\n\t\t\t\t<\/div>\n\t\t\t\t<div class=\"elementor-element elementor-element-5b007367 mi-general-text mi-hyperlink-blue mi-text-height-36 elementor-widget elementor-widget-text-editor\" data-id=\"5b007367\" data-element_type=\"widget\" data-widget_type=\"text-editor.default\">\n\t\t\t\t<div class=\"elementor-widget-container\">\n\t\t\t\t\t<div class=\"elementor-text-editor elementor-clearfix\"><p>D\u00e9couvrir un rapport d\u00e9taill\u00e9 sur nos actions environnementales et sociales.<\/p><\/div>\n\t\t\t\t<\/div>\n\t\t\t\t<\/div>\n\t\t\t\t<div class=\"elementor-element elementor-element-31d745c6 elementor-widget__width-auto elementor-widget elementor-widget-button\" data-id=\"31d745c6\" data-element_type=\"widget\" data-widget_type=\"button.default\">\n\t\t\t\t<div class=\"elementor-widget-container\">\n\t\t\t\t\t<div class=\"elementor-button-wrapper\">\n\t\t\t<a href=\"https:\/\/www.alcatelmobile.com\/cz\/wp-content\/uploads\/2019\/11\/2017_TCL_ESG_Report_ALCATEL.pdf\" class=\"elementor-button-link elementor-button elementor-size-sm\" target=\"_blank\" role=\"button\">\n\t\t\t\t\t\t<span class=\"elementor-button-content-wrapper\">\n\t\t\t\t\t\t<span class=\"elementor-button-text\"> T\u00e9l\u00e9charger le rapport <\/span>\n\t\t<\/span>\n\t\t\t\t\t<\/a>\n\t\t<\/div>\n\t\t\t\t<\/div>\n\t\t\t\t<\/div>\n\t\t\t\t\t\t<\/div>\n\t\t\t<\/div>\n\t\t<\/div>\n\t\t\t\t<div class=\"elementor-element elementor-element-17fdb6bd mi-bg-invis-desktop elementor-column elementor-col-50 elementor-top-column\" data-id=\"17fdb6bd\" data-element_type=\"column\">\n\t\t\t<div class=\"elementor-column-wrap  elementor-element-populated\">\n\t\t\t\t\t<div class=\"elementor-widget-wrap\">\n\t\t\t\t<div class=\"elementor-element elementor-element-21ca3a5b elementor-widget elementor-widget-spacer\" data-id=\"21ca3a5b\" data-element_type=\"widget\" data-widget_type=\"spacer.default\">\n\t\t\t\t<div class=\"elementor-widget-container\">\n\t\t\t\t\t<div class=\"elementor-spacer\">\n\t\t\t<div class=\"elementor-spacer-inner\"><\/div>\n\t\t<\/div>\n\t\t\t\t<\/div>\n\t\t\t\t<\/div>\n\t\t\t\t\t\t<\/div>\n\t\t\t<\/div>\n\t\t<\/div>\n\t\t\t\t\t\t<\/div>\n\t\t\t<\/div>\n\t\t<\/section>\n\t\t\t\t\t\t<\/div>\n\t\t\t<\/div>\n\t\t<\/div>\n\t\t","protected":false},"excerpt":{"rendered":"<p>TCL COMMUNICATION TECHNOLOGY En tant que fabricant de produits de communication et de service internet, de premier plan dans le monde, TCL Communication est sp\u00e9cialis\u00e9 dans l&#8217;offre de produits intelligents et de service pour une exp\u00e9rience utilisateur premium. Fid\u00e8le \u00e0 sa mission d&#8217;entreprise, qui est de cr\u00e9er de la valeur pour ses clients, d&#8217;offrir des &hellip;<\/p>\n<p class=\"read-more\"> <a class=\"\" href=\"https:\/\/www.alcatelmobile.com\/befr\/alcatel-approach\/\"> <span class=\"screen-reader-text\">Notre Approche<\/span> Read More &raquo;<\/a><\/p>\n","protected":false},"author":1,"featured_media":0,"parent":0,"menu_order":0,"comment_status":"closed","ping_status":"closed","template":"","meta":[],"_links":{"self":[{"href":"https:\/\/www.alcatelmobile.com\/befr\/content\/wp-json\/wp\/v2\/pages\/27808"}],"collection":[{"href":"https:\/\/www.alcatelmobile.com\/befr\/content\/wp-json\/wp\/v2\/pages"}],"about":[{"href":"https:\/\/www.alcatelmobile.com\/befr\/content\/wp-json\/wp\/v2\/types\/page"}],"author":[{"embeddable":true,"href":"https:\/\/www.alcatelmobile.com\/befr\/content\/wp-json\/wp\/v2\/users\/1"}],"replies":[{"embeddable":true,"href":"https:\/\/www.alcatelmobile.com\/befr\/content\/wp-json\/wp\/v2\/comments?post=27808"}],"version-history":[{"count":8,"href":"https:\/\/www.alcatelmobile.com\/befr\/content\/wp-json\/wp\/v2\/pages\/27808\/revisions"}],"predecessor-version":[{"id":28042,"href":"https:\/\/www.alcatelmobile.com\/befr\/content\/wp-json\/wp\/v2\/pages\/27808\/revisions\/28042"}],"wp:attachment":[{"href":"https:\/\/www.alcatelmobile.com\/befr\/content\/wp-json\/wp\/v2\/media?parent=27808"}],"curies":[{"name":"wp","href":"https:\/\/api.w.org\/{rel}","templated":true}]}}