{"id":13356,"date":"2019-06-27T21:07:06","date_gmt":"2019-06-27T13:07:06","guid":{"rendered":"https:\/\/www.alcatelmobile.com\/?post_type=product&#038;p=13356"},"modified":"2019-12-21T15:18:35","modified_gmt":"2019-12-21T07:18:35","slug":"alcatel-5v","status":"publish","type":"product","link":"https:\/\/www.alcatelmobile.com\/befr\/product\/smartphone\/alcatel5\/alcatel-5v\/","title":{"rendered":"Alcatel 5V"},"content":{"rendered":"","protected":false},"excerpt":{"rendered":"<p>Profitez d&#8217;une taille d&#8217;affichage maximale gr\u00e2ce \u00e0 un \u00e9cran FullView 19:9 grand format<\/p>\n","protected":false},"featured_media":25926,"template":"","meta":[],"_links":{"self":[{"href":"https:\/\/www.alcatelmobile.com\/befr\/content\/wp-json\/wp\/v2\/product\/13356"}],"collection":[{"href":"https:\/\/www.alcatelmobile.com\/befr\/content\/wp-json\/wp\/v2\/product"}],"about":[{"href":"https:\/\/www.alcatelmobile.com\/befr\/content\/wp-json\/wp\/v2\/types\/product"}],"version-history":[{"count":9,"href":"https:\/\/www.alcatelmobile.com\/befr\/content\/wp-json\/wp\/v2\/product\/13356\/revisions"}],"predecessor-version":[{"id":28029,"href":"https:\/\/www.alcatelmobile.com\/befr\/content\/wp-json\/wp\/v2\/product\/13356\/revisions\/28029"}],"wp:featuredmedia":[{"embeddable":true,"href":"https:\/\/www.alcatelmobile.com\/befr\/content\/wp-json\/wp\/v2\/media\/25926"}],"wp:attachment":[{"href":"https:\/\/www.alcatelmobile.com\/befr\/content\/wp-json\/wp\/v2\/media?parent=13356"}],"curies":[{"name":"wp","href":"https:\/\/api.w.org\/{rel}","templated":true}]}}