{"id":25798,"date":"2019-07-09T09:55:09","date_gmt":"2019-07-09T01:55:09","guid":{"rendered":"https:\/\/www.alcatelmobile.com\/?post_type=product&#038;p=25798"},"modified":"2019-12-20T22:31:00","modified_gmt":"2019-12-20T14:31:00","slug":"alcatel-3c","status":"publish","type":"product","link":"https:\/\/www.alcatelmobile.com\/befr\/product\/smartphone\/alcatel3\/alcatel-3c\/","title":{"rendered":"Alcatel 3C"},"content":{"rendered":"","protected":false},"excerpt":{"rendered":"<p>Votre univers \u00e0 port\u00e9e de main avec un \u00e9cran Alcatel FullView 18:9 de 6\u00a0pouces<\/p>\n","protected":false},"featured_media":27957,"template":"","meta":[],"_links":{"self":[{"href":"https:\/\/www.alcatelmobile.com\/befr\/content\/wp-json\/wp\/v2\/product\/25798"}],"collection":[{"href":"https:\/\/www.alcatelmobile.com\/befr\/content\/wp-json\/wp\/v2\/product"}],"about":[{"href":"https:\/\/www.alcatelmobile.com\/befr\/content\/wp-json\/wp\/v2\/types\/product"}],"version-history":[{"count":5,"href":"https:\/\/www.alcatelmobile.com\/befr\/content\/wp-json\/wp\/v2\/product\/25798\/revisions"}],"predecessor-version":[{"id":28012,"href":"https:\/\/www.alcatelmobile.com\/befr\/content\/wp-json\/wp\/v2\/product\/25798\/revisions\/28012"}],"wp:featuredmedia":[{"embeddable":true,"href":"https:\/\/www.alcatelmobile.com\/befr\/content\/wp-json\/wp\/v2\/media\/27957"}],"wp:attachment":[{"href":"https:\/\/www.alcatelmobile.com\/befr\/content\/wp-json\/wp\/v2\/media?parent=25798"}],"curies":[{"name":"wp","href":"https:\/\/api.w.org\/{rel}","templated":true}]}}