{"id":28168,"date":"2020-07-01T13:22:40","date_gmt":"2020-07-01T05:22:40","guid":{"rendered":"https:\/\/www.alcatelmobile.com\/befr\/?post_type=product&#038;p=28168"},"modified":"2020-07-01T14:16:34","modified_gmt":"2020-07-01T06:16:34","slug":"alcatel-3x-2020","status":"publish","type":"product","link":"https:\/\/www.alcatelmobile.com\/befr\/product\/smartphone\/alcatel3\/alcatel-3x-2020\/","title":{"rendered":"Alcatel 3X (2020)"},"content":{"rendered":"","protected":false},"excerpt":{"rendered":"<p>R\u00e9volutionnez votre vie avec un quadruple appareil photo \u00e0 IA ultime et un grand \u00e9cran<\/p>\n","protected":false},"featured_media":28174,"template":"","meta":[],"_links":{"self":[{"href":"https:\/\/www.alcatelmobile.com\/befr\/content\/wp-json\/wp\/v2\/product\/28168"}],"collection":[{"href":"https:\/\/www.alcatelmobile.com\/befr\/content\/wp-json\/wp\/v2\/product"}],"about":[{"href":"https:\/\/www.alcatelmobile.com\/befr\/content\/wp-json\/wp\/v2\/types\/product"}],"version-history":[{"count":1,"href":"https:\/\/www.alcatelmobile.com\/befr\/content\/wp-json\/wp\/v2\/product\/28168\/revisions"}],"predecessor-version":[{"id":28210,"href":"https:\/\/www.alcatelmobile.com\/befr\/content\/wp-json\/wp\/v2\/product\/28168\/revisions\/28210"}],"wp:featuredmedia":[{"embeddable":true,"href":"https:\/\/www.alcatelmobile.com\/befr\/content\/wp-json\/wp\/v2\/media\/28174"}],"wp:attachment":[{"href":"https:\/\/www.alcatelmobile.com\/befr\/content\/wp-json\/wp\/v2\/media?parent=28168"}],"curies":[{"name":"wp","href":"https:\/\/api.w.org\/{rel}","templated":true}]}}