{"id":11,"date":"2019-04-14T03:09:21","date_gmt":"2019-04-14T03:09:21","guid":{"rendered":"https:\/\/www.alcatelmobile.com\/?page_id=11"},"modified":"2020-04-07T16:41:31","modified_gmt":"2020-04-07T08:41:31","slug":"tcl-communication","status":"publish","type":"page","link":"https:\/\/www.alcatelmobile.com\/cenam\/tcl-communication\/","title":{"rendered":"Acerca de Nosotros"},"content":{"rendered":"\t\t<div data-elementor-type=\"post\" data-elementor-id=\"11\" class=\"elementor elementor-11\" data-elementor-settings=\"[]\">\n\t\t\t<div class=\"elementor-inner\">\n\t\t\t\t<div class=\"elementor-section-wrap\">\n\t\t\t\t\t\t\t<section class=\"elementor-element elementor-element-69b9a566 mi-no-height elementor-section-boxed elementor-section-height-default elementor-section-height-default elementor-section elementor-top-section\" data-id=\"69b9a566\" data-element_type=\"section\">\n\t\t\t\t\t\t<div class=\"elementor-container elementor-column-gap-no\">\n\t\t\t\t<div class=\"elementor-row\">\n\t\t\t\t<div class=\"elementor-element elementor-element-55626936 elementor-column elementor-col-100 elementor-top-column\" data-id=\"55626936\" data-element_type=\"column\">\n\t\t\t<div class=\"elementor-column-wrap  elementor-element-populated\">\n\t\t\t\t\t<div class=\"elementor-widget-wrap\">\n\t\t\t\t<div class=\"elementor-element elementor-element-26df0d72 elementor-widget elementor-widget-html\" data-id=\"26df0d72\" data-element_type=\"widget\" data-widget_type=\"html.default\">\n\t\t\t\t<div class=\"elementor-widget-container\">\n\t\t\t<div id=\"mi-prevent-header-double-overlay\"><\/div>\t\t<\/div>\n\t\t\t\t<\/div>\n\t\t\t\t\t\t<\/div>\n\t\t\t<\/div>\n\t\t<\/div>\n\t\t\t\t\t\t<\/div>\n\t\t\t<\/div>\n\t\t<\/section>\n\t\t\t\t<section class=\"elementor-element elementor-element-4c310b74 elementor-section-height-min-height elementor-section-content-middle mi-hero-image mi-dynamic-bg mi-force-full-width elementor-section-boxed elementor-section-height-default elementor-section-items-middle elementor-section elementor-top-section\" data-id=\"4c310b74\" data-element_type=\"section\" data-settings=\"{&quot;background_background&quot;:&quot;classic&quot;}\">\n\t\t\t\t\t\t\t<div class=\"elementor-background-overlay\"><\/div>\n\t\t\t\t\t\t\t<div class=\"elementor-container elementor-column-gap-no\">\n\t\t\t\t<div class=\"elementor-row\">\n\t\t\t\t<div class=\"elementor-element elementor-element-3dc38656 elementor-column elementor-col-100 elementor-top-column\" data-id=\"3dc38656\" data-element_type=\"column\">\n\t\t\t<div class=\"elementor-column-wrap  elementor-element-populated\">\n\t\t\t\t\t<div class=\"elementor-widget-wrap\">\n\t\t\t\t<div class=\"elementor-element elementor-element-39305b8 elementor-widget elementor-widget-heading\" data-id=\"39305b8\" data-element_type=\"widget\" data-widget_type=\"heading.default\">\n\t\t\t\t<div class=\"elementor-widget-container\">\n\t\t\t<h1 class=\"elementor-heading-title elementor-size-default\">Acerca de Nosotros<\/h1>\t\t<\/div>\n\t\t\t\t<\/div>\n\t\t\t\t<div class=\"elementor-element elementor-element-38019e6b elementor-widget elementor-widget-heading\" data-id=\"38019e6b\" data-element_type=\"widget\" data-widget_type=\"heading.default\">\n\t\t\t\t<div class=\"elementor-widget-container\">\n\t\t\t<h2 class=\"elementor-heading-title elementor-size-default\">Informacion sobre Alcatel Mobile<\/h2>\t\t<\/div>\n\t\t\t\t<\/div>\n\t\t\t\t\t\t<\/div>\n\t\t\t<\/div>\n\t\t<\/div>\n\t\t\t\t\t\t<\/div>\n\t\t\t<\/div>\n\t\t<\/section>\n\t\t\t\t<section class=\"elementor-element elementor-element-6f5ed058 elementor-section-boxed elementor-section-height-default elementor-section-height-default elementor-section elementor-top-section\" data-id=\"6f5ed058\" data-element_type=\"section\">\n\t\t\t\t\t\t<div class=\"elementor-container elementor-column-gap-no\">\n\t\t\t\t<div class=\"elementor-row\">\n\t\t\t\t<div class=\"elementor-element elementor-element-117293fd elementor-column elementor-col-100 elementor-top-column\" data-id=\"117293fd\" data-element_type=\"column\">\n\t\t\t<div class=\"elementor-column-wrap  elementor-element-populated\">\n\t\t\t\t\t<div class=\"elementor-widget-wrap\">\n\t\t\t\t<div class=\"elementor-element elementor-element-7d30b6ad mi-general-text mi-hyperlink-blue elementor-widget elementor-widget-text-editor\" data-id=\"7d30b6ad\" data-element_type=\"widget\" data-widget_type=\"text-editor.default\">\n\t\t\t\t<div class=\"elementor-widget-container\">\n\t\t\t\t\t<div class=\"elementor-text-editor elementor-clearfix\"><p>TCL Communication dise\u00f1a, desarrolla y comercializa una amplia gama de productos m\u00f3viles y servicios de internet en m\u00e1s de 160 pa\u00edses bajo la marca Alcatel. Seg\u00fan la firma de investigaci\u00f3n de telecomunicaciones IDC y datos de la compa\u00f1\u00eda, Alcatel ocup\u00f3 el puesto n\u00famero 8 y 11 entre los fabricantes globales de tel\u00e9fonos y de smartphones en el segundo trimestre del 2016, respectivamente. La empresa tambi\u00e9n se posicion\u00f3 en el puesto n\u00famero 8 entre los fabricantes globales de tabletas.<\/p>\n<p>Los dispositivos de la marca Alcatel de TCL Communication ofrecen experiencias innovadoras y enriquecedoras que hoy permiten un acceso simple a las tecnolog\u00edas m\u00f3viles, ofreciendo una diversa cartera de productos de valor, equipados con la tecnolog\u00eda que las personas m\u00e1s quieren. Sus productos y soluciones resuenan con los consumidores millennials y Gen Z con un enfoque simple, personal, aut\u00e9ntico y divertido. Mediante la comprensi\u00f3n de los mercados locales y el control sobre todo el proceso de fabricaci\u00f3n, TCL Communication bajo la marca Alcatel ofrece experiencias de usuario personalizadas con dispositivos m\u00f3viles innovadores, con m\u00faltiples funciones, de alto rendimiento, que permiten a los consumidores explorar y brindar alegr\u00eda diariamente.<\/p>\n<p>TCL Communication es una empresa de TCL Corporation, una de las compa\u00f1\u00edas de electr\u00f3nica de consumo m\u00e1s grandes del mundo. Alcatel es una marca registrada de Alcatel &#8211; Lucent utilizada bajo la licencia de TCL Communication.Para obtener m\u00e1s informaci\u00f3n de Alcatel, visita <a href=\"https:\/\/www.alcatelmobile.com\/\">www.alcatel-mobile.com<\/a><\/p><\/div>\n\t\t\t\t<\/div>\n\t\t\t\t<\/div>\n\t\t\t\t\t\t<\/div>\n\t\t\t<\/div>\n\t\t<\/div>\n\t\t\t\t\t\t<\/div>\n\t\t\t<\/div>\n\t\t<\/section>\n\t\t\t\t\t\t<\/div>\n\t\t\t<\/div>\n\t\t<\/div>\n\t\t","protected":false},"excerpt":{"rendered":"<p>Informacion sobre Alcatel Mobile<\/p>\n","protected":false},"author":1,"featured_media":13132,"parent":0,"menu_order":0,"comment_status":"closed","ping_status":"closed","template":"","meta":[],"_links":{"self":[{"href":"https:\/\/www.alcatelmobile.com\/cenam\/content\/wp-json\/wp\/v2\/pages\/11"}],"collection":[{"href":"https:\/\/www.alcatelmobile.com\/cenam\/content\/wp-json\/wp\/v2\/pages"}],"about":[{"href":"https:\/\/www.alcatelmobile.com\/cenam\/content\/wp-json\/wp\/v2\/types\/page"}],"author":[{"embeddable":true,"href":"https:\/\/www.alcatelmobile.com\/cenam\/content\/wp-json\/wp\/v2\/users\/1"}],"replies":[{"embeddable":true,"href":"https:\/\/www.alcatelmobile.com\/cenam\/content\/wp-json\/wp\/v2\/comments?post=11"}],"version-history":[{"count":33,"href":"https:\/\/www.alcatelmobile.com\/cenam\/content\/wp-json\/wp\/v2\/pages\/11\/revisions"}],"predecessor-version":[{"id":26524,"href":"https:\/\/www.alcatelmobile.com\/cenam\/content\/wp-json\/wp\/v2\/pages\/11\/revisions\/26524"}],"wp:featuredmedia":[{"embeddable":true,"href":"https:\/\/www.alcatelmobile.com\/cenam\/content\/wp-json\/wp\/v2\/media\/13132"}],"wp:attachment":[{"href":"https:\/\/www.alcatelmobile.com\/cenam\/content\/wp-json\/wp\/v2\/media?parent=11"}],"curies":[{"name":"wp","href":"https:\/\/api.w.org\/{rel}","templated":true}]}}