{"id":27841,"date":"2019-11-27T02:03:03","date_gmt":"2019-11-26T18:03:03","guid":{"rendered":"https:\/\/www.alcatelmobile.com\/cz\/?page_id=27841"},"modified":"2019-12-16T17:37:29","modified_gmt":"2019-12-16T09:37:29","slug":"alcatel-approach","status":"publish","type":"page","link":"https:\/\/www.alcatelmobile.com\/cz\/alcatel-approach\/","title":{"rendered":"N\u00e1\u0161 p\u0159\u00edstup"},"content":{"rendered":"\t\t<div data-elementor-type=\"post\" data-elementor-id=\"27841\" class=\"elementor elementor-27841\" data-elementor-settings=\"[]\">\n\t\t\t<div class=\"elementor-inner\">\n\t\t\t\t<div class=\"elementor-section-wrap\">\n\t\t\t\t\t\t\t<section class=\"elementor-element elementor-element-69b9a566 mi-no-height elementor-section-boxed elementor-section-height-default elementor-section-height-default elementor-section elementor-top-section\" data-id=\"69b9a566\" data-element_type=\"section\">\n\t\t\t\t\t\t<div class=\"elementor-container elementor-column-gap-no\">\n\t\t\t\t<div class=\"elementor-row\">\n\t\t\t\t<div class=\"elementor-element elementor-element-55626936 elementor-column elementor-col-100 elementor-top-column\" data-id=\"55626936\" data-element_type=\"column\">\n\t\t\t<div class=\"elementor-column-wrap  elementor-element-populated\">\n\t\t\t\t\t<div class=\"elementor-widget-wrap\">\n\t\t\t\t<div class=\"elementor-element elementor-element-26df0d72 elementor-widget elementor-widget-html\" data-id=\"26df0d72\" data-element_type=\"widget\" data-widget_type=\"html.default\">\n\t\t\t\t<div class=\"elementor-widget-container\">\n\t\t\t<div id=\"mi-prevent-header-double-overlay\"><\/div>\t\t<\/div>\n\t\t\t\t<\/div>\n\t\t\t\t\t\t<\/div>\n\t\t\t<\/div>\n\t\t<\/div>\n\t\t\t\t\t\t<\/div>\n\t\t\t<\/div>\n\t\t<\/section>\n\t\t\t\t<section class=\"elementor-element elementor-element-4c310b74 elementor-section-height-min-height elementor-section-content-middle mi-hero-image mi-dynamic-bg mi-force-full-width elementor-section-boxed elementor-section-height-default elementor-section-items-middle elementor-section elementor-top-section\" data-id=\"4c310b74\" data-element_type=\"section\" data-settings=\"{&quot;background_background&quot;:&quot;classic&quot;}\">\n\t\t\t\t\t\t\t<div class=\"elementor-background-overlay\"><\/div>\n\t\t\t\t\t\t\t<div class=\"elementor-container elementor-column-gap-no\">\n\t\t\t\t<div class=\"elementor-row\">\n\t\t\t\t<div class=\"elementor-element elementor-element-3dc38656 elementor-column elementor-col-100 elementor-top-column\" data-id=\"3dc38656\" data-element_type=\"column\">\n\t\t\t<div class=\"elementor-column-wrap  elementor-element-populated\">\n\t\t\t\t\t<div class=\"elementor-widget-wrap\">\n\t\t\t\t<div class=\"elementor-element elementor-element-39305b8 elementor-widget elementor-widget-heading\" data-id=\"39305b8\" data-element_type=\"widget\" data-widget_type=\"heading.default\">\n\t\t\t\t<div class=\"elementor-widget-container\">\n\t\t\t<h1 class=\"elementor-heading-title elementor-size-default\">N\u00e1\u0161 p\u0159\u00edstup<\/h1>\t\t<\/div>\n\t\t\t\t<\/div>\n\t\t\t\t<div class=\"elementor-element elementor-element-38019e6b elementor-widget elementor-widget-heading\" data-id=\"38019e6b\" data-element_type=\"widget\" data-widget_type=\"heading.default\">\n\t\t\t\t<div class=\"elementor-widget-container\">\n\t\t\t<h2 class=\"elementor-heading-title elementor-size-default\">Informace o n\u00e1s na jednom m\u00edst\u011b.<\/h2>\t\t<\/div>\n\t\t\t\t<\/div>\n\t\t\t\t\t\t<\/div>\n\t\t\t<\/div>\n\t\t<\/div>\n\t\t\t\t\t\t<\/div>\n\t\t\t<\/div>\n\t\t<\/section>\n\t\t\t\t<section class=\"elementor-element elementor-element-6f5ed058 elementor-section-stretched elementor-section-boxed elementor-section-height-default elementor-section-height-default elementor-section elementor-top-section\" data-id=\"6f5ed058\" data-element_type=\"section\" data-settings=\"{&quot;stretch_section&quot;:&quot;section-stretched&quot;,&quot;background_background&quot;:&quot;classic&quot;}\">\n\t\t\t\t\t\t<div class=\"elementor-container elementor-column-gap-no\">\n\t\t\t\t<div class=\"elementor-row\">\n\t\t\t\t<div class=\"elementor-element elementor-element-117293fd elementor-column elementor-col-100 elementor-top-column\" data-id=\"117293fd\" data-element_type=\"column\">\n\t\t\t<div class=\"elementor-column-wrap  elementor-element-populated\">\n\t\t\t\t\t<div class=\"elementor-widget-wrap\">\n\t\t\t\t<div class=\"elementor-element elementor-element-857a2f3 elementor-widget elementor-widget-heading\" data-id=\"857a2f3\" data-element_type=\"widget\" data-widget_type=\"heading.default\">\n\t\t\t\t<div class=\"elementor-widget-container\">\n\t\t\t<h2 class=\"elementor-heading-title elementor-size-default\">TCL<\/h2>\t\t<\/div>\n\t\t\t\t<\/div>\n\t\t\t\t<div class=\"elementor-element elementor-element-385d398 elementor-widget elementor-widget-heading\" data-id=\"385d398\" data-element_type=\"widget\" data-widget_type=\"heading.default\">\n\t\t\t\t<div class=\"elementor-widget-container\">\n\t\t\t<h2 class=\"elementor-heading-title elementor-size-default\">KOMUNIKA\u010cN\u00cd TECHNOLOGIE<\/h2>\t\t<\/div>\n\t\t\t\t<\/div>\n\t\t\t\t<div class=\"elementor-element elementor-element-7d30b6ad mi-general-text mi-hyperlink-blue elementor-widget elementor-widget-text-editor\" data-id=\"7d30b6ad\" data-element_type=\"widget\" data-widget_type=\"text-editor.default\">\n\t\t\t\t<div class=\"elementor-widget-container\">\n\t\t\t\t\t<div class=\"elementor-text-editor elementor-clearfix\"><p>Jako p\u0159edn\u00ed sv\u011btov\u00fd poskytovatel produkt\u016f pro komunikaci a internetov\u00fdch slu\u017eeb se spole\u010dnost TCL Communication specializuje na nab\u00eddku chytr\u00fdch produkt\u016f a slu\u017eeb s p\u0159idanou hodnotou pro u\u017eivatele. Posl\u00e1n\u00edm firmy je vytv\u00e1\u0159et hodnotu pro z\u00e1kazn\u00edky, poskytovat p\u0159\u00edle\u017eitosti pro zam\u011bstnance, p\u0159in\u00e1\u0161et zisk akcion\u00e1\u0159\u016fm, a p\u0159evz\u00edt zodpov\u011bdnost za spole\u010dnost. Firma v\u017edy proaktivn\u011b plnila svou spole\u010denskou odpov\u011bdnost a sou\u010dasn\u011b roz\u0161i\u0159ovala sv\u00e9 podnikatelsk\u00e9 aktivity do zahrani\u010d\u00ed.<\/p><\/div>\n\t\t\t\t<\/div>\n\t\t\t\t<\/div>\n\t\t\t\t<div class=\"elementor-element elementor-element-878e431 elementor-widget elementor-widget-image\" data-id=\"878e431\" data-element_type=\"widget\" data-widget_type=\"image.default\">\n\t\t\t\t<div class=\"elementor-widget-container\">\n\t\t\t\t\t<div class=\"elementor-image\">\n\t\t\t\t\t\t\t\t\t\t<img width=\"1537\" height=\"589\" src=\"https:\/\/www.alcatelmobile.com\/cz\/wp-content\/uploads\/2019\/11\/web_A3_HD_page_web_2.jpg\" class=\"attachment-full size-full\" alt=\"\" loading=\"lazy\" srcset=\"https:\/\/www.alcatelmobile.com\/cz\/wp-content\/uploads\/2019\/11\/web_A3_HD_page_web_2.jpg 1537w, https:\/\/www.alcatelmobile.com\/cz\/wp-content\/uploads\/2019\/11\/web_A3_HD_page_web_2-300x115.jpg 300w, https:\/\/www.alcatelmobile.com\/cz\/wp-content\/uploads\/2019\/11\/web_A3_HD_page_web_2-768x294.jpg 768w, https:\/\/www.alcatelmobile.com\/cz\/wp-content\/uploads\/2019\/11\/web_A3_HD_page_web_2-1024x392.jpg 1024w, https:\/\/www.alcatelmobile.com\/cz\/wp-content\/uploads\/2019\/11\/web_A3_HD_page_web_2-600x230.jpg 600w\" sizes=\"(max-width: 1537px) 100vw, 1537px\" \/>\t\t\t\t\t\t\t\t\t\t\t<\/div>\n\t\t\t\t<\/div>\n\t\t\t\t<\/div>\n\t\t\t\t\t\t<\/div>\n\t\t\t<\/div>\n\t\t<\/div>\n\t\t\t\t\t\t<\/div>\n\t\t\t<\/div>\n\t\t<\/section>\n\t\t\t\t<section class=\"elementor-element elementor-element-8d7606d elementor-section-stretched elementor-section-height-min-height elementor-section-items-stretch mi-bg-invis-tab-mob elementor-section-boxed elementor-section-height-default elementor-section elementor-top-section\" data-id=\"8d7606d\" data-element_type=\"section\" data-settings=\"{&quot;stretch_section&quot;:&quot;section-stretched&quot;,&quot;background_background&quot;:&quot;classic&quot;}\">\n\t\t\t\t\t\t<div class=\"elementor-container elementor-column-gap-no\">\n\t\t\t\t<div class=\"elementor-row\">\n\t\t\t\t<div class=\"elementor-element elementor-element-94a2847 elementor-column elementor-col-50 elementor-top-column\" data-id=\"94a2847\" data-element_type=\"column\">\n\t\t\t<div class=\"elementor-column-wrap  elementor-element-populated\">\n\t\t\t\t\t<div class=\"elementor-widget-wrap\">\n\t\t\t\t<div class=\"elementor-element elementor-element-f3b245d elementor-widget elementor-widget-heading\" data-id=\"f3b245d\" data-element_type=\"widget\" data-widget_type=\"heading.default\">\n\t\t\t\t<div class=\"elementor-widget-container\">\n\t\t\t<h2 class=\"elementor-heading-title elementor-size-default\">VIDEO<\/h2>\t\t<\/div>\n\t\t\t\t<\/div>\n\t\t\t\t<div class=\"elementor-element elementor-element-cd74821 mi-general-text mi-hyperlink-blue mi-text-height-36 elementor-widget elementor-widget-text-editor\" data-id=\"cd74821\" data-element_type=\"widget\" data-widget_type=\"text-editor.default\">\n\t\t\t\t<div class=\"elementor-widget-container\">\n\t\t\t\t\t<div class=\"elementor-text-editor elementor-clearfix\"><p>Prezentace spole\u010dnosti a jej\u00ed z\u00e1vazek spole\u010densk\u00e9 odpov\u011bdnosti.<\/p><\/div>\n\t\t\t\t<\/div>\n\t\t\t\t<\/div>\n\t\t\t\t<div class=\"elementor-element elementor-element-92fa8ca elementor-widget__width-auto elementor-widget elementor-widget-button\" data-id=\"92fa8ca\" data-element_type=\"widget\" data-widget_type=\"button.default\">\n\t\t\t\t<div class=\"elementor-widget-container\">\n\t\t\t\t\t<div class=\"elementor-button-wrapper\">\n\t\t\t<a href=\"https:\/\/youtu.be\/zOEoT-mKVkc\" class=\"elementor-button-link elementor-button elementor-size-sm\" target=\"_blank\" role=\"button\">\n\t\t\t\t\t\t<span class=\"elementor-button-content-wrapper\">\n\t\t\t\t\t\t<span class=\"elementor-button-text\"> P\u0159ehr\u00e1t video  <\/span>\n\t\t<\/span>\n\t\t\t\t\t<\/a>\n\t\t<\/div>\n\t\t\t\t<\/div>\n\t\t\t\t<\/div>\n\t\t\t\t\t\t<\/div>\n\t\t\t<\/div>\n\t\t<\/div>\n\t\t\t\t<div class=\"elementor-element elementor-element-e3474fb mi-bg-invis-desktop elementor-column elementor-col-50 elementor-top-column\" data-id=\"e3474fb\" data-element_type=\"column\">\n\t\t\t<div class=\"elementor-column-wrap  elementor-element-populated\">\n\t\t\t\t\t<div class=\"elementor-widget-wrap\">\n\t\t\t\t<div class=\"elementor-element elementor-element-4eda81b elementor-widget elementor-widget-spacer\" data-id=\"4eda81b\" data-element_type=\"widget\" data-widget_type=\"spacer.default\">\n\t\t\t\t<div class=\"elementor-widget-container\">\n\t\t\t\t\t<div class=\"elementor-spacer\">\n\t\t\t<div class=\"elementor-spacer-inner\"><\/div>\n\t\t<\/div>\n\t\t\t\t<\/div>\n\t\t\t\t<\/div>\n\t\t\t\t\t\t<\/div>\n\t\t\t<\/div>\n\t\t<\/div>\n\t\t\t\t\t\t<\/div>\n\t\t\t<\/div>\n\t\t<\/section>\n\t\t\t\t<section class=\"elementor-element elementor-element-63c8bab elementor-section-stretched elementor-section-height-min-height elementor-section-items-stretch elementor-reverse-tablet elementor-reverse-mobile mi-bg-invis-tab-mob elementor-section-boxed elementor-section-height-default elementor-section elementor-top-section\" data-id=\"63c8bab\" data-element_type=\"section\" data-settings=\"{&quot;stretch_section&quot;:&quot;section-stretched&quot;,&quot;background_background&quot;:&quot;classic&quot;}\">\n\t\t\t\t\t\t<div class=\"elementor-container elementor-column-gap-no\">\n\t\t\t\t<div class=\"elementor-row\">\n\t\t\t\t<div class=\"elementor-element elementor-element-9a41093 mi-bg-invis-desktop elementor-column elementor-col-50 elementor-top-column\" data-id=\"9a41093\" data-element_type=\"column\">\n\t\t\t<div class=\"elementor-column-wrap  elementor-element-populated\">\n\t\t\t\t\t<div class=\"elementor-widget-wrap\">\n\t\t\t\t<div class=\"elementor-element elementor-element-08bf862 elementor-widget elementor-widget-spacer\" data-id=\"08bf862\" data-element_type=\"widget\" data-widget_type=\"spacer.default\">\n\t\t\t\t<div class=\"elementor-widget-container\">\n\t\t\t\t\t<div class=\"elementor-spacer\">\n\t\t\t<div class=\"elementor-spacer-inner\"><\/div>\n\t\t<\/div>\n\t\t\t\t<\/div>\n\t\t\t\t<\/div>\n\t\t\t\t\t\t<\/div>\n\t\t\t<\/div>\n\t\t<\/div>\n\t\t\t\t<div class=\"elementor-element elementor-element-8672e22 elementor-column elementor-col-50 elementor-top-column\" data-id=\"8672e22\" data-element_type=\"column\">\n\t\t\t<div class=\"elementor-column-wrap  elementor-element-populated\">\n\t\t\t\t\t<div class=\"elementor-widget-wrap\">\n\t\t\t\t<div class=\"elementor-element elementor-element-8ec7740 elementor-widget elementor-widget-heading\" data-id=\"8ec7740\" data-element_type=\"widget\" data-widget_type=\"heading.default\">\n\t\t\t\t<div class=\"elementor-widget-container\">\n\t\t\t<h2 class=\"elementor-heading-title elementor-size-default\">PRESS<\/h2>\t\t<\/div>\n\t\t\t\t<\/div>\n\t\t\t\t<div class=\"elementor-element elementor-element-1e975af elementor-widget elementor-widget-heading\" data-id=\"1e975af\" data-element_type=\"widget\" data-widget_type=\"heading.default\">\n\t\t\t\t<div class=\"elementor-widget-container\">\n\t\t\t<h2 class=\"elementor-heading-title elementor-size-default\">ZPR\u00c1VA<\/h2>\t\t<\/div>\n\t\t\t\t<\/div>\n\t\t\t\t<div class=\"elementor-element elementor-element-eccc5bc mi-general-text mi-hyperlink-blue mi-text-height-36 elementor-widget elementor-widget-text-editor\" data-id=\"eccc5bc\" data-element_type=\"widget\" data-widget_type=\"text-editor.default\">\n\t\t\t\t<div class=\"elementor-widget-container\">\n\t\t\t\t\t<div class=\"elementor-text-editor elementor-clearfix\"><p>TCL Communication je dr\u017eitelem glob\u00e1ln\u00ed certifikace ISO 9001-2015 a TL 9000<\/p><\/div>\n\t\t\t\t<\/div>\n\t\t\t\t<\/div>\n\t\t\t\t<div class=\"elementor-element elementor-element-03dc36c elementor-widget__width-auto elementor-widget elementor-widget-button\" data-id=\"03dc36c\" data-element_type=\"widget\" data-widget_type=\"button.default\">\n\t\t\t\t<div class=\"elementor-widget-container\">\n\t\t\t\t\t<div class=\"elementor-button-wrapper\">\n\t\t\t<a href=\"https:\/\/www.alcatelmobile.com\/cz\/wp-content\/uploads\/2019\/11\/TCL_Communication_achieves_global_ISO9001_ALCATEL.pdf\" class=\"elementor-button-link elementor-button elementor-size-sm\" target=\"_blank\" role=\"button\">\n\t\t\t\t\t\t<span class=\"elementor-button-content-wrapper\">\n\t\t\t\t\t\t<span class=\"elementor-button-text\"> \u010ct\u011bte zde  <\/span>\n\t\t<\/span>\n\t\t\t\t\t<\/a>\n\t\t<\/div>\n\t\t\t\t<\/div>\n\t\t\t\t<\/div>\n\t\t\t\t\t\t<\/div>\n\t\t\t<\/div>\n\t\t<\/div>\n\t\t\t\t\t\t<\/div>\n\t\t\t<\/div>\n\t\t<\/section>\n\t\t\t\t<section class=\"elementor-element elementor-element-ec42cda elementor-section-stretched elementor-section-height-min-height elementor-section-items-stretch mi-bg-invis-tab-mob elementor-section-boxed elementor-section-height-default elementor-section elementor-top-section\" data-id=\"ec42cda\" data-element_type=\"section\" data-settings=\"{&quot;stretch_section&quot;:&quot;section-stretched&quot;,&quot;background_background&quot;:&quot;classic&quot;}\">\n\t\t\t\t\t\t<div class=\"elementor-container elementor-column-gap-no\">\n\t\t\t\t<div class=\"elementor-row\">\n\t\t\t\t<div class=\"elementor-element elementor-element-5153d63 elementor-column elementor-col-50 elementor-top-column\" data-id=\"5153d63\" data-element_type=\"column\">\n\t\t\t<div class=\"elementor-column-wrap  elementor-element-populated\">\n\t\t\t\t\t<div class=\"elementor-widget-wrap\">\n\t\t\t\t<div class=\"elementor-element elementor-element-34f9111 elementor-widget elementor-widget-heading\" data-id=\"34f9111\" data-element_type=\"widget\" data-widget_type=\"heading.default\">\n\t\t\t\t<div class=\"elementor-widget-container\">\n\t\t\t<h2 class=\"elementor-heading-title elementor-size-default\">ESG<\/h2>\t\t<\/div>\n\t\t\t\t<\/div>\n\t\t\t\t<div class=\"elementor-element elementor-element-92e44f8 elementor-widget elementor-widget-heading\" data-id=\"92e44f8\" data-element_type=\"widget\" data-widget_type=\"heading.default\">\n\t\t\t\t<div class=\"elementor-widget-container\">\n\t\t\t<h2 class=\"elementor-heading-title elementor-size-default\">ZPR\u00c1VA<\/h2>\t\t<\/div>\n\t\t\t\t<\/div>\n\t\t\t\t<div class=\"elementor-element elementor-element-020a1cc mi-general-text mi-hyperlink-blue mi-text-height-36 elementor-widget elementor-widget-text-editor\" data-id=\"020a1cc\" data-element_type=\"widget\" data-widget_type=\"text-editor.default\">\n\t\t\t\t<div class=\"elementor-widget-container\">\n\t\t\t\t\t<div class=\"elementor-text-editor elementor-clearfix\"><p>Prohl\u00e9dn\u011bte si podrobnou zpr\u00e1vu t\u00fdkaj\u00edc\u00ed se na\u0161ich aktivit v oblasti \u017eivotn\u00edho prost\u0159ed\u00ed a spole\u010densk\u00e9 odpov\u011bdnosti.<\/p><\/div>\n\t\t\t\t<\/div>\n\t\t\t\t<\/div>\n\t\t\t\t<div class=\"elementor-element elementor-element-8e3cc17 elementor-widget__width-auto elementor-widget elementor-widget-button\" data-id=\"8e3cc17\" data-element_type=\"widget\" data-widget_type=\"button.default\">\n\t\t\t\t<div class=\"elementor-widget-container\">\n\t\t\t\t\t<div class=\"elementor-button-wrapper\">\n\t\t\t<a href=\"https:\/\/www.alcatelmobile.com\/cz\/wp-content\/uploads\/2019\/11\/2017_TCL_ESG_Report_ALCATEL.pdf\" class=\"elementor-button-link elementor-button elementor-size-sm\" target=\"_blank\" role=\"button\">\n\t\t\t\t\t\t<span class=\"elementor-button-content-wrapper\">\n\t\t\t\t\t\t<span class=\"elementor-button-text\"> St\u00e1hn\u011bte si zpr\u00e1vu <\/span>\n\t\t<\/span>\n\t\t\t\t\t<\/a>\n\t\t<\/div>\n\t\t\t\t<\/div>\n\t\t\t\t<\/div>\n\t\t\t\t\t\t<\/div>\n\t\t\t<\/div>\n\t\t<\/div>\n\t\t\t\t<div class=\"elementor-element elementor-element-efdd5cc mi-bg-invis-desktop elementor-column elementor-col-50 elementor-top-column\" data-id=\"efdd5cc\" data-element_type=\"column\">\n\t\t\t<div class=\"elementor-column-wrap  elementor-element-populated\">\n\t\t\t\t\t<div class=\"elementor-widget-wrap\">\n\t\t\t\t<div class=\"elementor-element elementor-element-f4f7092 elementor-widget elementor-widget-spacer\" data-id=\"f4f7092\" data-element_type=\"widget\" data-widget_type=\"spacer.default\">\n\t\t\t\t<div class=\"elementor-widget-container\">\n\t\t\t\t\t<div class=\"elementor-spacer\">\n\t\t\t<div class=\"elementor-spacer-inner\"><\/div>\n\t\t<\/div>\n\t\t\t\t<\/div>\n\t\t\t\t<\/div>\n\t\t\t\t\t\t<\/div>\n\t\t\t<\/div>\n\t\t<\/div>\n\t\t\t\t\t\t<\/div>\n\t\t\t<\/div>\n\t\t<\/section>\n\t\t\t\t\t\t<\/div>\n\t\t\t<\/div>\n\t\t<\/div>\n\t\t","protected":false},"excerpt":{"rendered":"<p>Informace o n\u00e1s na jednom m\u00edst\u011b.<\/p>\n","protected":false},"author":1,"featured_media":13132,"parent":0,"menu_order":0,"comment_status":"closed","ping_status":"closed","template":"","meta":[],"_links":{"self":[{"href":"https:\/\/www.alcatelmobile.com\/cz\/content\/wp-json\/wp\/v2\/pages\/27841"}],"collection":[{"href":"https:\/\/www.alcatelmobile.com\/cz\/content\/wp-json\/wp\/v2\/pages"}],"about":[{"href":"https:\/\/www.alcatelmobile.com\/cz\/content\/wp-json\/wp\/v2\/types\/page"}],"author":[{"embeddable":true,"href":"https:\/\/www.alcatelmobile.com\/cz\/content\/wp-json\/wp\/v2\/users\/1"}],"replies":[{"embeddable":true,"href":"https:\/\/www.alcatelmobile.com\/cz\/content\/wp-json\/wp\/v2\/comments?post=27841"}],"version-history":[{"count":14,"href":"https:\/\/www.alcatelmobile.com\/cz\/content\/wp-json\/wp\/v2\/pages\/27841\/revisions"}],"predecessor-version":[{"id":28018,"href":"https:\/\/www.alcatelmobile.com\/cz\/content\/wp-json\/wp\/v2\/pages\/27841\/revisions\/28018"}],"wp:featuredmedia":[{"embeddable":true,"href":"https:\/\/www.alcatelmobile.com\/cz\/content\/wp-json\/wp\/v2\/media\/13132"}],"wp:attachment":[{"href":"https:\/\/www.alcatelmobile.com\/cz\/content\/wp-json\/wp\/v2\/media?parent=27841"}],"curies":[{"name":"wp","href":"https:\/\/api.w.org\/{rel}","templated":true}]}}