{"id":28774,"date":"2021-02-03T15:33:09","date_gmt":"2021-02-03T07:33:09","guid":{"rendered":"https:\/\/www.alcatelmobile.com\/cz\/?page_id=28774"},"modified":"2021-02-03T15:33:40","modified_gmt":"2021-02-03T07:33:40","slug":"zaruka","status":"publish","type":"page","link":"https:\/\/www.alcatelmobile.com\/cz\/zaruka\/","title":{"rendered":"Z\u00e1ruka"},"content":{"rendered":"\t\t<div data-elementor-type=\"post\" data-elementor-id=\"28774\" class=\"elementor elementor-28774\" data-elementor-settings=\"[]\">\n\t\t\t<div class=\"elementor-inner\">\n\t\t\t\t<div class=\"elementor-section-wrap\">\n\t\t\t\t\t\t\t<section class=\"elementor-element elementor-element-4862f035 mi-no-height elementor-section-boxed elementor-section-height-default elementor-section-height-default elementor-section elementor-top-section\" data-id=\"4862f035\" data-element_type=\"section\">\n\t\t\t\t\t\t<div class=\"elementor-container elementor-column-gap-no\">\n\t\t\t\t<div class=\"elementor-row\">\n\t\t\t\t<div class=\"elementor-element elementor-element-7a0bfd04 elementor-column elementor-col-100 elementor-top-column\" data-id=\"7a0bfd04\" data-element_type=\"column\">\n\t\t\t<div class=\"elementor-column-wrap  elementor-element-populated\">\n\t\t\t\t\t<div class=\"elementor-widget-wrap\">\n\t\t\t\t<div class=\"elementor-element elementor-element-6765cc07 elementor-widget elementor-widget-html\" data-id=\"6765cc07\" data-element_type=\"widget\" data-widget_type=\"html.default\">\n\t\t\t\t<div class=\"elementor-widget-container\">\n\t\t\t<div id=\"mi-alternative-menu-bottom-border-color\" data-alt-class=\"mi-dark-bottom-border\"><\/div>\t\t<\/div>\n\t\t\t\t<\/div>\n\t\t\t\t\t\t<\/div>\n\t\t\t<\/div>\n\t\t<\/div>\n\t\t\t\t\t\t<\/div>\n\t\t\t<\/div>\n\t\t<\/section>\n\t\t\t\t<section class=\"elementor-element elementor-element-1deda77d elementor-section-boxed elementor-section-height-default elementor-section-height-default elementor-section elementor-top-section\" data-id=\"1deda77d\" data-element_type=\"section\">\n\t\t\t\t\t\t<div class=\"elementor-container elementor-column-gap-no\">\n\t\t\t\t<div class=\"elementor-row\">\n\t\t\t\t<div class=\"elementor-element elementor-element-16052129 elementor-column elementor-col-100 elementor-top-column\" data-id=\"16052129\" data-element_type=\"column\">\n\t\t\t<div class=\"elementor-column-wrap  elementor-element-populated\">\n\t\t\t\t\t<div class=\"elementor-widget-wrap\">\n\t\t\t\t<div class=\"elementor-element elementor-element-133c6fc4 elementor-widget elementor-widget-theme-post-title elementor-page-title elementor-widget-heading\" data-id=\"133c6fc4\" data-element_type=\"widget\" data-widget_type=\"theme-post-title.default\">\n\t\t\t\t<div class=\"elementor-widget-container\">\n\t\t\t<h1 class=\"elementor-heading-title elementor-size-default\">Z\u00e1ruka<\/h1>\t\t<\/div>\n\t\t\t\t<\/div>\n\t\t\t\t<div class=\"elementor-element elementor-element-75a7ef72 mi-general-text mi-hyperlink-blue elementor-widget elementor-widget-text-editor\" data-id=\"75a7ef72\" data-element_type=\"widget\" data-widget_type=\"text-editor.default\">\n\t\t\t\t<div class=\"elementor-widget-container\">\n\t\t\t\t\t<div class=\"elementor-text-editor elementor-clearfix\"><p>Tento telefon je p\u0159edm\u011btem z\u00e1ruky proti po\u0161kozen\u00ed nebo vad\u00e1m, ke kter\u00fdm do\u0161lo b\u011bhem b\u011b\u017en\u00e9ho pou\u017e\u00edv\u00e1n\u00ed v z\u00e1ru\u010dn\u00edm obdob\u00ed dvaceti \u010dty\u0159 (24) m\u011bs\u00edc\u016f <sup>(1)<\/sup> od data zakoupen\u00ed uveden\u00e9ho na p\u016fvodn\u00edm dokladu o koupi.<br \/>Na baterie <sup>(2)<\/sup> a p\u0159\u00edslu\u0161enstv\u00ed prod\u00e1van\u00e9 spole\u010dn\u011b s telefonem je rovn\u011b\u017e poskytov\u00e1na z\u00e1ruka na v\u0161echny vady, k nim\u017e m\u016f\u017ee doj\u00edt b\u011bhem prvn\u00edch \u0161esti (6) m\u011bs\u00edc\u016f<sup>(1)<\/sup> od data zakoupen\u00ed uveden\u00e9ho na p\u016fvodn\u00edm dokladu o koupi.<br \/>V p\u0159\u00edpad\u011b vady, kter\u00e1 br\u00e1n\u00ed v b\u011b\u017en\u00e9m pou\u017e\u00edv\u00e1n\u00ed telefonu, okam\u017eit\u011b informujte prodejce a p\u0159edlo\u017ete sv\u016fj telefon spole\u010dn\u011b s dokladem o koupi.<br \/>V p\u0159\u00edpad\u011b potvrzen\u00ed vady bude telefon nebo jeho \u010d\u00e1st dle pot\u0159eby vym\u011bn\u011bn nebo opraven. Na opraven\u00fd telefon a p\u0159\u00edslu\u0161enstv\u00ed se vztahuje z\u00e1ruka jeden (1) m\u011bs\u00edc na stejnou z\u00e1vadu. P\u0159i oprav\u011b nebo v\u00fdm\u011bn\u011b mohou b\u00fdt pou\u017eity repasovan\u00e9 sou\u010d\u00e1sti, kter\u00e9 funguj\u00ed stejn\u00fdm zp\u016fsobem.<br \/>Tato z\u00e1ruka se vztahuje na d\u00edly a pr\u00e1ci, ale nikoli na jin\u00e9 n\u00e1klady.<br \/>Tato z\u00e1ruka se nevztahuje na vady telefonu anebo jeho p\u0159\u00edslu\u0161enstv\u00ed, kter\u00e9 byly zp\u016fsobeny n\u00e1sleduj\u00edc\u00edmi okolnostmi (bez jak\u00e9hokoli omezen\u00ed):<br \/>1) nedodr\u017een\u00ed pokyn\u016f k pou\u017eit\u00ed \u010di instalaci nebo technick\u00fdch \u010di bezpe\u010dnostn\u00edch standard\u016f platn\u00fdch v zem\u011bpisn\u00e9 oblasti, kde se telefon pou\u017e\u00edv\u00e1;<br \/>2) p\u0159ipojen\u00ed vybaven\u00ed, je\u017e nebylo dod\u00e1no nebo doporu\u010deno spole\u010dnost\u00ed TCL Communication Ltd.;<br \/>3) \u00fapravy nebo opravy proveden\u00e9 subjekty bez autorizace od spole\u010dnosti TCL Communication Ltd. \u010di jej\u00edch pobo\u010dek nebo va\u0161eho dodavatele;<br \/>4) \u00fapravy nebo zm\u011bny softwaru nebo hardwaru proveden\u00e9 osobami, kter\u00e9 k tomu nemaj\u00ed opr\u00e1vn\u011bn\u00ed od spole\u010dnosti TCL Communication Ltd.;<br \/>5) nevl\u00eddn\u00e9 po\u010das\u00ed, blesk, ohe\u0148, vlhko, vniknut\u00ed kapalin nebo potravin, pou\u017eit\u00ed chemick\u00fdch produkt\u016f, sta\u017een\u00ed soubor\u016f, n\u00e1raz, vysok\u00e9 nap\u011bt\u00ed, koroze, oxidace.<br \/>Oprava telefonu nebude poskytnuta, pokud byly sejmuty \u010di zm\u011bn\u011bny \u0161t\u00edtky na krytu nebo s\u00e9riov\u00e9 \u010d\u00edslo (IMEI).<br \/><strong><br \/><\/strong>Neexistuj\u00ed \u017e\u00e1dn\u00e9 vyj\u00e1d\u0159en\u00e9 z\u00e1ruky, p\u00edsemn\u00e9, \u00fastn\u00ed ani odvozen\u00e9, krom\u011b t\u00e9to vyti\u0161t\u011bn\u00e9 omezen\u00e9 z\u00e1ruky a povinn\u00fdch z\u00e1ruk uplat\u0148ovan\u00fdch v souladu s p\u0159\u00edslu\u0161nou st\u00e1tn\u00ed nebo soudn\u00ed pravomoc\u00ed.<br \/>Spole\u010dnost TCL Communication Ltd. ani \u017e\u00e1dn\u00e1 z jejich pobo\u010dek nebudou v \u017e\u00e1dn\u00e9m p\u0159\u00edpad\u011b zodpov\u011bdn\u00e9 za nep\u0159\u00edm\u00e9, n\u00e1hodn\u00e9 \u010di n\u00e1sledn\u00e9 \u0161kody \u017e\u00e1dn\u00e9ho druhu, v\u010detn\u011b a bez omezen\u00ed na obchodn\u00ed \u010di finan\u010dn\u00ed ztr\u00e1ty nebo \u00fajmu, ztr\u00e1tu dat nebo dobr\u00e9 pov\u011bsti, v pln\u00e9m rozsahu, v n\u011bm\u017e pop\u0159en\u00ed t\u011bchto z\u00e1ruk umo\u017e\u0148uje z\u00e1kon.<br \/>N\u011bkter\u00e9 zem\u011b \u010di st\u00e1ty neumo\u017e\u0148uj\u00ed vylou\u010den\u00ed \u010di omezen\u00ed nep\u0159\u00edm\u00fdch, n\u00e1hodn\u00fdch a n\u00e1sledn\u00fdch \u0161kod, p\u0159\u00edpadn\u011b omezen\u00ed doby trv\u00e1n\u00ed odvozen\u00fdch z\u00e1ruk; v takov\u00e9m p\u0159\u00edpad\u011b se na v\u00e1s p\u0159edchoz\u00ed omezen\u00ed a vylou\u010den\u00ed nevztahuj\u00ed.<\/p>\n<p>\u00a0<\/p>\n<p><sup>(1)<\/sup> D\u00e9lka z\u00e1ru\u010dn\u00edho obdob\u00ed se m\u016f\u017ee li\u0161it v z\u00e1vislosti na zemi.<br \/><sup>(2)<\/sup> \u017divotnost akumul\u00e1toru mobiln\u00edho telefonu ve smyslu doby pohotovosti, doby hovoru a celkov\u00e9 provozn\u00ed \u017eivotnosti z\u00e1vis\u00ed na podm\u00ednk\u00e1ch pou\u017eit\u00ed a konfiguraci s\u00edt\u011b. Baterie je pova\u017eov\u00e1na za nahraditeln\u00fd spot\u0159ebn\u00ed materi\u00e1l. Podle specifikac\u00ed mus\u00ed poskytovat optim\u00e1ln\u00ed v\u00fdkonnost v telefonu b\u011bhem prvn\u00edch 6 m\u011bs\u00edc\u016f od zakoupen\u00ed a po dobu p\u0159ibli\u017en\u011b 200 cykl\u016f nabit\u00ed.<\/p><\/div>\n\t\t\t\t<\/div>\n\t\t\t\t<\/div>\n\t\t\t\t\t\t<\/div>\n\t\t\t<\/div>\n\t\t<\/div>\n\t\t\t\t\t\t<\/div>\n\t\t\t<\/div>\n\t\t<\/section>\n\t\t\t\t\t\t<\/div>\n\t\t\t<\/div>\n\t\t<\/div>\n\t\t","protected":false},"excerpt":{"rendered":"<p>Tento telefon je p\u0159edm\u011btem z\u00e1ruky proti po\u0161kozen\u00ed nebo  &hellip;<\/p>\n<p class=\"read-more\"> <a class=\"\" href=\"https:\/\/www.alcatelmobile.com\/cz\/zaruka\/\"> <span class=\"screen-reader-text\">Z\u00e1ruka<\/span> Read More &raquo;<\/a><\/p>\n","protected":false},"author":1,"featured_media":0,"parent":0,"menu_order":0,"comment_status":"closed","ping_status":"closed","template":"","meta":[],"_links":{"self":[{"href":"https:\/\/www.alcatelmobile.com\/cz\/content\/wp-json\/wp\/v2\/pages\/28774"}],"collection":[{"href":"https:\/\/www.alcatelmobile.com\/cz\/content\/wp-json\/wp\/v2\/pages"}],"about":[{"href":"https:\/\/www.alcatelmobile.com\/cz\/content\/wp-json\/wp\/v2\/types\/page"}],"author":[{"embeddable":true,"href":"https:\/\/www.alcatelmobile.com\/cz\/content\/wp-json\/wp\/v2\/users\/1"}],"replies":[{"embeddable":true,"href":"https:\/\/www.alcatelmobile.com\/cz\/content\/wp-json\/wp\/v2\/comments?post=28774"}],"version-history":[{"count":2,"href":"https:\/\/www.alcatelmobile.com\/cz\/content\/wp-json\/wp\/v2\/pages\/28774\/revisions"}],"predecessor-version":[{"id":28776,"href":"https:\/\/www.alcatelmobile.com\/cz\/content\/wp-json\/wp\/v2\/pages\/28774\/revisions\/28776"}],"wp:attachment":[{"href":"https:\/\/www.alcatelmobile.com\/cz\/content\/wp-json\/wp\/v2\/media?parent=28774"}],"curies":[{"name":"wp","href":"https:\/\/api.w.org\/{rel}","templated":true}]}}