{"id":13333,"date":"2019-06-27T20:52:12","date_gmt":"2019-06-27T12:52:12","guid":{"rendered":"https:\/\/www.alcatelmobile.com\/?post_type=product&#038;p=13333"},"modified":"2020-03-12T16:27:57","modified_gmt":"2020-03-12T08:27:57","slug":"alcatel-1-2018","status":"publish","type":"product","link":"https:\/\/www.alcatelmobile.com\/cz\/product\/smartphone\/alcatel1\/alcatel-1-2018\/","title":{"rendered":"Alcatel 1 (2018)"},"content":{"rendered":"","protected":false},"excerpt":{"rendered":"<p>Povrchov\u00e1 \u00faprava s efektem brou\u0161en\u00e9ho kovu a displej s modern\u00edm pom\u011brem stran 18:9<\/p>\n","protected":false},"featured_media":25426,"template":"","meta":[],"_links":{"self":[{"href":"https:\/\/www.alcatelmobile.com\/cz\/content\/wp-json\/wp\/v2\/product\/13333"}],"collection":[{"href":"https:\/\/www.alcatelmobile.com\/cz\/content\/wp-json\/wp\/v2\/product"}],"about":[{"href":"https:\/\/www.alcatelmobile.com\/cz\/content\/wp-json\/wp\/v2\/types\/product"}],"version-history":[{"count":21,"href":"https:\/\/www.alcatelmobile.com\/cz\/content\/wp-json\/wp\/v2\/product\/13333\/revisions"}],"predecessor-version":[{"id":28154,"href":"https:\/\/www.alcatelmobile.com\/cz\/content\/wp-json\/wp\/v2\/product\/13333\/revisions\/28154"}],"wp:featuredmedia":[{"embeddable":true,"href":"https:\/\/www.alcatelmobile.com\/cz\/content\/wp-json\/wp\/v2\/media\/25426"}],"wp:attachment":[{"href":"https:\/\/www.alcatelmobile.com\/cz\/content\/wp-json\/wp\/v2\/media?parent=13333"}],"curies":[{"name":"wp","href":"https:\/\/api.w.org\/{rel}","templated":true}]}}