{"id":13362,"date":"2019-06-27T21:12:40","date_gmt":"2019-06-27T13:12:40","guid":{"rendered":"https:\/\/www.alcatelmobile.com\/?post_type=product&#038;p=13362"},"modified":"2021-02-25T16:46:37","modified_gmt":"2021-02-25T08:46:37","slug":"alcatel-1t-10","status":"publish","type":"product","link":"https:\/\/www.alcatelmobile.com\/cz\/product\/tablet\/alcatel-1-series\/alcatel-1t-10\/","title":{"rendered":"Alcatel 1T 10"},"content":{"rendered":"","protected":false},"excerpt":{"rendered":"<p>Senza\u010dn\u00ed tablet s\u00a010\u2019\u2019 HD displejem v\u00a0neuv\u011b\u0159iteln\u011b lehk\u00e9m proveden\u00ed<\/p>\n","protected":false},"featured_media":26106,"template":"","meta":[],"_links":{"self":[{"href":"https:\/\/www.alcatelmobile.com\/cz\/content\/wp-json\/wp\/v2\/product\/13362"}],"collection":[{"href":"https:\/\/www.alcatelmobile.com\/cz\/content\/wp-json\/wp\/v2\/product"}],"about":[{"href":"https:\/\/www.alcatelmobile.com\/cz\/content\/wp-json\/wp\/v2\/types\/product"}],"version-history":[{"count":11,"href":"https:\/\/www.alcatelmobile.com\/cz\/content\/wp-json\/wp\/v2\/product\/13362\/revisions"}],"predecessor-version":[{"id":28287,"href":"https:\/\/www.alcatelmobile.com\/cz\/content\/wp-json\/wp\/v2\/product\/13362\/revisions\/28287"}],"wp:featuredmedia":[{"embeddable":true,"href":"https:\/\/www.alcatelmobile.com\/cz\/content\/wp-json\/wp\/v2\/media\/26106"}],"wp:attachment":[{"href":"https:\/\/www.alcatelmobile.com\/cz\/content\/wp-json\/wp\/v2\/media?parent=13362"}],"curies":[{"name":"wp","href":"https:\/\/api.w.org\/{rel}","templated":true}]}}