{"id":13631,"date":"2019-07-02T11:43:23","date_gmt":"2019-07-02T03:43:23","guid":{"rendered":"https:\/\/www.alcatelmobile.com\/?post_type=product&#038;p=13631"},"modified":"2021-09-30T11:21:19","modified_gmt":"2021-09-30T03:21:19","slug":"movetrack-gps-tracker","status":"publish","type":"product","link":"https:\/\/www.alcatelmobile.com\/cz\/product\/mobile-broadband\/movetrack-series\/movetrack-gps-tracker\/","title":{"rendered":"MOVETRACK GPS TRACKER"},"content":{"rendered":"","protected":false},"excerpt":{"rendered":"<p>M\u011bjte p\u0159ehled o\u00a0poloze sv\u00fdch bl\u00edzk\u00fdch p\u0159\u00edmo ve va\u0161em smartphonu<\/p>\n","protected":false},"featured_media":13689,"template":"","meta":[],"_links":{"self":[{"href":"https:\/\/www.alcatelmobile.com\/cz\/content\/wp-json\/wp\/v2\/product\/13631"}],"collection":[{"href":"https:\/\/www.alcatelmobile.com\/cz\/content\/wp-json\/wp\/v2\/product"}],"about":[{"href":"https:\/\/www.alcatelmobile.com\/cz\/content\/wp-json\/wp\/v2\/types\/product"}],"version-history":[{"count":6,"href":"https:\/\/www.alcatelmobile.com\/cz\/content\/wp-json\/wp\/v2\/product\/13631\/revisions"}],"predecessor-version":[{"id":29626,"href":"https:\/\/www.alcatelmobile.com\/cz\/content\/wp-json\/wp\/v2\/product\/13631\/revisions\/29626"}],"wp:featuredmedia":[{"embeddable":true,"href":"https:\/\/www.alcatelmobile.com\/cz\/content\/wp-json\/wp\/v2\/media\/13689"}],"wp:attachment":[{"href":"https:\/\/www.alcatelmobile.com\/cz\/content\/wp-json\/wp\/v2\/media?parent=13631"}],"curies":[{"name":"wp","href":"https:\/\/api.w.org\/{rel}","templated":true}]}}