{"id":19550,"date":"2019-07-03T13:35:33","date_gmt":"2019-07-03T05:35:33","guid":{"rendered":"https:\/\/www.alcatelmobile.com\/?post_type=product&#038;p=19550"},"modified":"2021-09-30T10:49:48","modified_gmt":"2021-09-30T02:49:48","slug":"alcatel-2053","status":"publish","type":"product","link":"https:\/\/www.alcatelmobile.com\/cz\/product\/feature-phone\/all-feature-phones\/alcatel-2053\/","title":{"rendered":"Alcatel 2053"},"content":{"rendered":"","protected":false},"excerpt":{"rendered":"<p>Elegantn\u00ed v\u00e9\u010dkov\u00fd telefon s\u00a0velk\u00fdm 2,4palcov\u00fdm displejem a\u00a0velkou bateri\u00ed<\/p>\n","protected":false},"featured_media":27797,"template":"","meta":[],"_links":{"self":[{"href":"https:\/\/www.alcatelmobile.com\/cz\/content\/wp-json\/wp\/v2\/product\/19550"}],"collection":[{"href":"https:\/\/www.alcatelmobile.com\/cz\/content\/wp-json\/wp\/v2\/product"}],"about":[{"href":"https:\/\/www.alcatelmobile.com\/cz\/content\/wp-json\/wp\/v2\/types\/product"}],"version-history":[{"count":11,"href":"https:\/\/www.alcatelmobile.com\/cz\/content\/wp-json\/wp\/v2\/product\/19550\/revisions"}],"predecessor-version":[{"id":29620,"href":"https:\/\/www.alcatelmobile.com\/cz\/content\/wp-json\/wp\/v2\/product\/19550\/revisions\/29620"}],"wp:featuredmedia":[{"embeddable":true,"href":"https:\/\/www.alcatelmobile.com\/cz\/content\/wp-json\/wp\/v2\/media\/27797"}],"wp:attachment":[{"href":"https:\/\/www.alcatelmobile.com\/cz\/content\/wp-json\/wp\/v2\/media?parent=19550"}],"curies":[{"name":"wp","href":"https:\/\/api.w.org\/{rel}","templated":true}]}}