{"id":19555,"date":"2019-07-03T13:37:18","date_gmt":"2019-07-03T05:37:18","guid":{"rendered":"https:\/\/www.alcatelmobile.com\/?post_type=product&#038;p=19555"},"modified":"2021-09-29T16:50:52","modified_gmt":"2021-09-29T08:50:52","slug":"alcatel-1066g","status":"publish","type":"product","link":"https:\/\/www.alcatelmobile.com\/cz\/product\/feature-phone\/all-feature-phones\/alcatel-1066g\/","title":{"rendered":"Alcatel 1066G"},"content":{"rendered":"","protected":false},"excerpt":{"rendered":"<p>Nejlep\u0161\u00ed cenov\u011b dostupn\u00fd tla\u010d\u00edtkov\u00fd telefon se sv\u011b\u017e\u00edm designem a\u00a0praktick\u00fdm fotoapar\u00e1tem<\/p>\n","protected":false},"featured_media":27785,"template":"","meta":[],"_links":{"self":[{"href":"https:\/\/www.alcatelmobile.com\/cz\/content\/wp-json\/wp\/v2\/product\/19555"}],"collection":[{"href":"https:\/\/www.alcatelmobile.com\/cz\/content\/wp-json\/wp\/v2\/product"}],"about":[{"href":"https:\/\/www.alcatelmobile.com\/cz\/content\/wp-json\/wp\/v2\/types\/product"}],"version-history":[{"count":9,"href":"https:\/\/www.alcatelmobile.com\/cz\/content\/wp-json\/wp\/v2\/product\/19555\/revisions"}],"predecessor-version":[{"id":29605,"href":"https:\/\/www.alcatelmobile.com\/cz\/content\/wp-json\/wp\/v2\/product\/19555\/revisions\/29605"}],"wp:featuredmedia":[{"embeddable":true,"href":"https:\/\/www.alcatelmobile.com\/cz\/content\/wp-json\/wp\/v2\/media\/27785"}],"wp:attachment":[{"href":"https:\/\/www.alcatelmobile.com\/cz\/content\/wp-json\/wp\/v2\/media?parent=19555"}],"curies":[{"name":"wp","href":"https:\/\/api.w.org\/{rel}","templated":true}]}}