{"id":27269,"date":"2019-09-06T14:58:14","date_gmt":"2019-09-06T06:58:14","guid":{"rendered":"https:\/\/www.alcatelmobile.com\/?post_type=product&#038;p=27269"},"modified":"2021-11-04T16:21:13","modified_gmt":"2021-11-04T08:21:13","slug":"alcatel-3088","status":"publish","type":"product","link":"https:\/\/www.alcatelmobile.com\/cz\/product\/feature-phone\/all-feature-phones\/alcatel-3088\/","title":{"rendered":"Alcatel 3088"},"content":{"rendered":"","protected":false},"excerpt":{"rendered":"<p>V\u0161echny nezbytn\u00e9 aplikaca s rychlost\u00ed 4G<\/p>\n","protected":false},"featured_media":28108,"template":"","meta":[],"_links":{"self":[{"href":"https:\/\/www.alcatelmobile.com\/cz\/content\/wp-json\/wp\/v2\/product\/27269"}],"collection":[{"href":"https:\/\/www.alcatelmobile.com\/cz\/content\/wp-json\/wp\/v2\/product"}],"about":[{"href":"https:\/\/www.alcatelmobile.com\/cz\/content\/wp-json\/wp\/v2\/types\/product"}],"version-history":[{"count":10,"href":"https:\/\/www.alcatelmobile.com\/cz\/content\/wp-json\/wp\/v2\/product\/27269\/revisions"}],"predecessor-version":[{"id":29692,"href":"https:\/\/www.alcatelmobile.com\/cz\/content\/wp-json\/wp\/v2\/product\/27269\/revisions\/29692"}],"wp:featuredmedia":[{"embeddable":true,"href":"https:\/\/www.alcatelmobile.com\/cz\/content\/wp-json\/wp\/v2\/media\/28108"}],"wp:attachment":[{"href":"https:\/\/www.alcatelmobile.com\/cz\/content\/wp-json\/wp\/v2\/media?parent=27269"}],"curies":[{"name":"wp","href":"https:\/\/api.w.org\/{rel}","templated":true}]}}