{"id":28343,"date":"2020-07-01T14:32:09","date_gmt":"2020-07-01T06:32:09","guid":{"rendered":"https:\/\/www.alcatelmobile.com\/cz\/?post_type=product&#038;p=28343"},"modified":"2021-09-30T11:15:15","modified_gmt":"2021-09-30T03:15:15","slug":"alcatel-3x-2020","status":"publish","type":"product","link":"https:\/\/www.alcatelmobile.com\/cz\/product\/smartphone\/alcatel3\/alcatel-3x-2020\/","title":{"rendered":"Alcatel 3X (2020)"},"content":{"rendered":"","protected":false},"excerpt":{"rendered":"<p>Zm\u011b\u0148te sv\u016fj pohled na sv\u011bt<\/p>\n","protected":false},"featured_media":28344,"template":"","meta":[],"_links":{"self":[{"href":"https:\/\/www.alcatelmobile.com\/cz\/content\/wp-json\/wp\/v2\/product\/28343"}],"collection":[{"href":"https:\/\/www.alcatelmobile.com\/cz\/content\/wp-json\/wp\/v2\/product"}],"about":[{"href":"https:\/\/www.alcatelmobile.com\/cz\/content\/wp-json\/wp\/v2\/types\/product"}],"version-history":[{"count":4,"href":"https:\/\/www.alcatelmobile.com\/cz\/content\/wp-json\/wp\/v2\/product\/28343\/revisions"}],"predecessor-version":[{"id":29623,"href":"https:\/\/www.alcatelmobile.com\/cz\/content\/wp-json\/wp\/v2\/product\/28343\/revisions\/29623"}],"wp:featuredmedia":[{"embeddable":true,"href":"https:\/\/www.alcatelmobile.com\/cz\/content\/wp-json\/wp\/v2\/media\/28344"}],"wp:attachment":[{"href":"https:\/\/www.alcatelmobile.com\/cz\/content\/wp-json\/wp\/v2\/media?parent=28343"}],"curies":[{"name":"wp","href":"https:\/\/api.w.org\/{rel}","templated":true}]}}