{"id":29288,"date":"2020-05-19T21:00:52","date_gmt":"2020-05-19T13:00:52","guid":{"rendered":"https:\/\/www.alcatelmobile.com\/cz\/?post_type=product&#038;p=29288"},"modified":"2021-09-29T18:24:44","modified_gmt":"2021-09-29T10:24:44","slug":"alcatel-1se-2020","status":"publish","type":"product","link":"https:\/\/www.alcatelmobile.com\/cz\/product\/smartphone\/alcatel1\/alcatel-1se-2020\/","title":{"rendered":"Alcatel 1SE (2020)"},"content":{"rendered":"","protected":false},"excerpt":{"rendered":"<p>Je\u0161t\u011b lep\u0161\u00ed fotky d\u00edky trojn\u00e1sobn\u00e9mu fotoapar\u00e1tu s um\u011blou inteligenc\u00ed<\/p>\n","protected":false},"featured_media":29332,"template":"","meta":[],"_links":{"self":[{"href":"https:\/\/www.alcatelmobile.com\/cz\/content\/wp-json\/wp\/v2\/product\/29288"}],"collection":[{"href":"https:\/\/www.alcatelmobile.com\/cz\/content\/wp-json\/wp\/v2\/product"}],"about":[{"href":"https:\/\/www.alcatelmobile.com\/cz\/content\/wp-json\/wp\/v2\/types\/product"}],"version-history":[{"count":18,"href":"https:\/\/www.alcatelmobile.com\/cz\/content\/wp-json\/wp\/v2\/product\/29288\/revisions"}],"predecessor-version":[{"id":29613,"href":"https:\/\/www.alcatelmobile.com\/cz\/content\/wp-json\/wp\/v2\/product\/29288\/revisions\/29613"}],"wp:featuredmedia":[{"embeddable":true,"href":"https:\/\/www.alcatelmobile.com\/cz\/content\/wp-json\/wp\/v2\/media\/29332"}],"wp:attachment":[{"href":"https:\/\/www.alcatelmobile.com\/cz\/content\/wp-json\/wp\/v2\/media?parent=29288"}],"curies":[{"name":"wp","href":"https:\/\/api.w.org\/{rel}","templated":true}]}}