{"id":27908,"date":"2019-11-30T14:39:45","date_gmt":"2019-11-30T06:39:45","guid":{"rendered":"https:\/\/www.alcatelmobile.com\/de\/?page_id=27908"},"modified":"2019-12-11T17:32:53","modified_gmt":"2019-12-11T09:32:53","slug":"alcatel-approach","status":"publish","type":"page","link":"https:\/\/www.alcatelmobile.com\/de\/alcatel-approach\/","title":{"rendered":"Unser Ansatz"},"content":{"rendered":"\t\t<div data-elementor-type=\"post\" data-elementor-id=\"27908\" class=\"elementor elementor-27908\" data-elementor-settings=\"[]\">\n\t\t\t<div class=\"elementor-inner\">\n\t\t\t\t<div class=\"elementor-section-wrap\">\n\t\t\t\t\t\t\t<section class=\"elementor-element elementor-element-5977403f mi-no-height elementor-section-boxed elementor-section-height-default elementor-section-height-default elementor-section elementor-top-section\" data-id=\"5977403f\" data-element_type=\"section\">\n\t\t\t\t\t\t<div class=\"elementor-container elementor-column-gap-no\">\n\t\t\t\t<div class=\"elementor-row\">\n\t\t\t\t<div class=\"elementor-element elementor-element-27eeb82b elementor-column elementor-col-100 elementor-top-column\" data-id=\"27eeb82b\" data-element_type=\"column\">\n\t\t\t<div class=\"elementor-column-wrap  elementor-element-populated\">\n\t\t\t\t\t<div class=\"elementor-widget-wrap\">\n\t\t\t\t<div class=\"elementor-element elementor-element-6ce629d5 elementor-widget elementor-widget-html\" data-id=\"6ce629d5\" data-element_type=\"widget\" data-widget_type=\"html.default\">\n\t\t\t\t<div class=\"elementor-widget-container\">\n\t\t\t<div id=\"mi-prevent-header-double-overlay\"><\/div>\t\t<\/div>\n\t\t\t\t<\/div>\n\t\t\t\t\t\t<\/div>\n\t\t\t<\/div>\n\t\t<\/div>\n\t\t\t\t\t\t<\/div>\n\t\t\t<\/div>\n\t\t<\/section>\n\t\t\t\t<section class=\"elementor-element elementor-element-1049e89e elementor-section-height-min-height elementor-section-content-middle mi-hero-image mi-dynamic-bg mi-force-full-width elementor-section-boxed elementor-section-height-default elementor-section-items-middle elementor-section elementor-top-section\" data-id=\"1049e89e\" data-element_type=\"section\" data-settings=\"{&quot;background_background&quot;:&quot;classic&quot;}\">\n\t\t\t\t\t\t\t<div class=\"elementor-background-overlay\"><\/div>\n\t\t\t\t\t\t\t<div class=\"elementor-container elementor-column-gap-no\">\n\t\t\t\t<div class=\"elementor-row\">\n\t\t\t\t<div class=\"elementor-element elementor-element-30e9ccee elementor-column elementor-col-100 elementor-top-column\" data-id=\"30e9ccee\" data-element_type=\"column\">\n\t\t\t<div class=\"elementor-column-wrap  elementor-element-populated\">\n\t\t\t\t\t<div class=\"elementor-widget-wrap\">\n\t\t\t\t<div class=\"elementor-element elementor-element-6e965bab elementor-widget elementor-widget-heading\" data-id=\"6e965bab\" data-element_type=\"widget\" data-widget_type=\"heading.default\">\n\t\t\t\t<div class=\"elementor-widget-container\">\n\t\t\t<h1 class=\"elementor-heading-title elementor-size-default\">Unser Ansatz<\/h1>\t\t<\/div>\n\t\t\t\t<\/div>\n\t\t\t\t<div class=\"elementor-element elementor-element-5b9d1875 elementor-widget elementor-widget-heading\" data-id=\"5b9d1875\" data-element_type=\"widget\" data-widget_type=\"heading.default\">\n\t\t\t\t<div class=\"elementor-widget-container\">\n\t\t\t<h2 class=\"elementor-heading-title elementor-size-default\">Hier findest Du Informationen \u00fcber unser Unternehmen.<\/h2>\t\t<\/div>\n\t\t\t\t<\/div>\n\t\t\t\t\t\t<\/div>\n\t\t\t<\/div>\n\t\t<\/div>\n\t\t\t\t\t\t<\/div>\n\t\t\t<\/div>\n\t\t<\/section>\n\t\t\t\t<section class=\"elementor-element elementor-element-3dd9234e elementor-section-stretched elementor-section-boxed elementor-section-height-default elementor-section-height-default elementor-section elementor-top-section\" data-id=\"3dd9234e\" data-element_type=\"section\" data-settings=\"{&quot;stretch_section&quot;:&quot;section-stretched&quot;,&quot;background_background&quot;:&quot;classic&quot;}\">\n\t\t\t\t\t\t<div class=\"elementor-container elementor-column-gap-no\">\n\t\t\t\t<div class=\"elementor-row\">\n\t\t\t\t<div class=\"elementor-element elementor-element-7b2f07c6 elementor-column elementor-col-100 elementor-top-column\" data-id=\"7b2f07c6\" data-element_type=\"column\">\n\t\t\t<div class=\"elementor-column-wrap  elementor-element-populated\">\n\t\t\t\t\t<div class=\"elementor-widget-wrap\">\n\t\t\t\t<div class=\"elementor-element elementor-element-701ea74f elementor-widget elementor-widget-heading\" data-id=\"701ea74f\" data-element_type=\"widget\" data-widget_type=\"heading.default\">\n\t\t\t\t<div class=\"elementor-widget-container\">\n\t\t\t<h2 class=\"elementor-heading-title elementor-size-default\">TCL<\/h2>\t\t<\/div>\n\t\t\t\t<\/div>\n\t\t\t\t<div class=\"elementor-element elementor-element-322336e2 elementor-widget elementor-widget-heading\" data-id=\"322336e2\" data-element_type=\"widget\" data-widget_type=\"heading.default\">\n\t\t\t\t<div class=\"elementor-widget-container\">\n\t\t\t<h2 class=\"elementor-heading-title elementor-size-default\">KOMMUNIKATIONSTECHNOLOGIE<\/h2>\t\t<\/div>\n\t\t\t\t<\/div>\n\t\t\t\t<div class=\"elementor-element elementor-element-529bdd44 mi-general-text mi-hyperlink-blue elementor-widget elementor-widget-text-editor\" data-id=\"529bdd44\" data-element_type=\"widget\" data-widget_type=\"text-editor.default\">\n\t\t\t\t<div class=\"elementor-widget-container\">\n\t\t\t\t\t<div class=\"elementor-text-editor elementor-clearfix\"><p>Als weltweit f\u00fchrender Anbieter und Hersteller von Telekommunikationsprodukten und Internet-Service, hat sich TCL Communication auf das Angebot von SMART-Produkten und Services mit erstklassiger Anwendererfahrung spezialisiert. Durch das Festhalten an seinem Unternehmensleitbild, welches darauf ausgerichtet ist, Mehrwert f\u00fcr Kunden zu schaffen, Mitarbeitern Chancen zu bieten, Vorteile f\u00fcr Interessensvertreter zu erzielen und Verantwortung gegen\u00fcber der Gesellschaft zu tragen, hat das Unternehmen stets seine soziale Verpflichtung erf\u00fcllt und dabei das internationale Gesch\u00e4ft ausgebaut.<\/p><\/div>\n\t\t\t\t<\/div>\n\t\t\t\t<\/div>\n\t\t\t\t<div class=\"elementor-element elementor-element-2ff2aa79 elementor-widget elementor-widget-image\" data-id=\"2ff2aa79\" data-element_type=\"widget\" data-widget_type=\"image.default\">\n\t\t\t\t<div class=\"elementor-widget-container\">\n\t\t\t\t\t<div class=\"elementor-image\">\n\t\t\t\t\t\t\t\t\t\t<img width=\"1537\" height=\"589\" src=\"https:\/\/www.alcatelmobile.com\/de\/wp-content\/uploads\/2019\/11\/web_A3_HD_page_web_2-1.jpg\" class=\"attachment-full size-full\" alt=\"\" loading=\"lazy\" srcset=\"https:\/\/www.alcatelmobile.com\/de\/wp-content\/uploads\/2019\/11\/web_A3_HD_page_web_2-1.jpg 1537w, https:\/\/www.alcatelmobile.com\/de\/wp-content\/uploads\/2019\/11\/web_A3_HD_page_web_2-1-300x115.jpg 300w, https:\/\/www.alcatelmobile.com\/de\/wp-content\/uploads\/2019\/11\/web_A3_HD_page_web_2-1-768x294.jpg 768w, https:\/\/www.alcatelmobile.com\/de\/wp-content\/uploads\/2019\/11\/web_A3_HD_page_web_2-1-1024x392.jpg 1024w, https:\/\/www.alcatelmobile.com\/de\/wp-content\/uploads\/2019\/11\/web_A3_HD_page_web_2-1-600x230.jpg 600w\" sizes=\"(max-width: 1537px) 100vw, 1537px\" \/>\t\t\t\t\t\t\t\t\t\t\t<\/div>\n\t\t\t\t<\/div>\n\t\t\t\t<\/div>\n\t\t\t\t\t\t<\/div>\n\t\t\t<\/div>\n\t\t<\/div>\n\t\t\t\t\t\t<\/div>\n\t\t\t<\/div>\n\t\t<\/section>\n\t\t\t\t<section class=\"elementor-element elementor-element-33730a58 elementor-section-stretched elementor-section-height-min-height elementor-section-items-stretch mi-bg-invis-tab-mob elementor-section-boxed elementor-section-height-default elementor-section elementor-top-section\" data-id=\"33730a58\" data-element_type=\"section\" data-settings=\"{&quot;stretch_section&quot;:&quot;section-stretched&quot;,&quot;background_background&quot;:&quot;classic&quot;}\">\n\t\t\t\t\t\t<div class=\"elementor-container elementor-column-gap-no\">\n\t\t\t\t<div class=\"elementor-row\">\n\t\t\t\t<div class=\"elementor-element elementor-element-31e0a26 elementor-column elementor-col-50 elementor-top-column\" data-id=\"31e0a26\" data-element_type=\"column\">\n\t\t\t<div class=\"elementor-column-wrap  elementor-element-populated\">\n\t\t\t\t\t<div class=\"elementor-widget-wrap\">\n\t\t\t\t<div class=\"elementor-element elementor-element-42c6bf02 elementor-widget elementor-widget-heading\" data-id=\"42c6bf02\" data-element_type=\"widget\" data-widget_type=\"heading.default\">\n\t\t\t\t<div class=\"elementor-widget-container\">\n\t\t\t<h2 class=\"elementor-heading-title elementor-size-default\">VIDEO<\/h2>\t\t<\/div>\n\t\t\t\t<\/div>\n\t\t\t\t<div class=\"elementor-element elementor-element-1dde1854 mi-general-text mi-hyperlink-blue mi-text-height-36 elementor-widget elementor-widget-text-editor\" data-id=\"1dde1854\" data-element_type=\"widget\" data-widget_type=\"text-editor.default\">\n\t\t\t\t<div class=\"elementor-widget-container\">\n\t\t\t\t\t<div class=\"elementor-text-editor elementor-clearfix\"><p>Darstellung des Unternehmens und unser Engagement f\u00fcr soziale Verantwortung.<\/p><\/div>\n\t\t\t\t<\/div>\n\t\t\t\t<\/div>\n\t\t\t\t<div class=\"elementor-element elementor-element-14b1c850 elementor-widget__width-auto elementor-widget elementor-widget-button\" data-id=\"14b1c850\" data-element_type=\"widget\" data-widget_type=\"button.default\">\n\t\t\t\t<div class=\"elementor-widget-container\">\n\t\t\t\t\t<div class=\"elementor-button-wrapper\">\n\t\t\t<a href=\"https:\/\/youtu.be\/zOEoT-mKVkc\" class=\"elementor-button-link elementor-button elementor-size-sm\" target=\"_blank\" role=\"button\">\n\t\t\t\t\t\t<span class=\"elementor-button-content-wrapper\">\n\t\t\t\t\t\t<span class=\"elementor-button-text\"> Video ansehen  <\/span>\n\t\t<\/span>\n\t\t\t\t\t<\/a>\n\t\t<\/div>\n\t\t\t\t<\/div>\n\t\t\t\t<\/div>\n\t\t\t\t\t\t<\/div>\n\t\t\t<\/div>\n\t\t<\/div>\n\t\t\t\t<div class=\"elementor-element elementor-element-1f6e3041 mi-bg-invis-desktop elementor-column elementor-col-50 elementor-top-column\" data-id=\"1f6e3041\" data-element_type=\"column\">\n\t\t\t<div class=\"elementor-column-wrap  elementor-element-populated\">\n\t\t\t\t\t<div class=\"elementor-widget-wrap\">\n\t\t\t\t<div class=\"elementor-element elementor-element-299eddd7 elementor-widget elementor-widget-spacer\" data-id=\"299eddd7\" data-element_type=\"widget\" data-widget_type=\"spacer.default\">\n\t\t\t\t<div class=\"elementor-widget-container\">\n\t\t\t\t\t<div class=\"elementor-spacer\">\n\t\t\t<div class=\"elementor-spacer-inner\"><\/div>\n\t\t<\/div>\n\t\t\t\t<\/div>\n\t\t\t\t<\/div>\n\t\t\t\t\t\t<\/div>\n\t\t\t<\/div>\n\t\t<\/div>\n\t\t\t\t\t\t<\/div>\n\t\t\t<\/div>\n\t\t<\/section>\n\t\t\t\t<section class=\"elementor-element elementor-element-54c0a1fc elementor-section-stretched elementor-section-height-min-height elementor-section-items-stretch elementor-reverse-tablet elementor-reverse-mobile mi-bg-invis-tab-mob elementor-section-boxed elementor-section-height-default elementor-section elementor-top-section\" data-id=\"54c0a1fc\" data-element_type=\"section\" data-settings=\"{&quot;stretch_section&quot;:&quot;section-stretched&quot;,&quot;background_background&quot;:&quot;classic&quot;}\">\n\t\t\t\t\t\t<div class=\"elementor-container elementor-column-gap-no\">\n\t\t\t\t<div class=\"elementor-row\">\n\t\t\t\t<div class=\"elementor-element elementor-element-16e91df5 mi-bg-invis-desktop elementor-column elementor-col-50 elementor-top-column\" data-id=\"16e91df5\" data-element_type=\"column\">\n\t\t\t<div class=\"elementor-column-wrap  elementor-element-populated\">\n\t\t\t\t\t<div class=\"elementor-widget-wrap\">\n\t\t\t\t<div class=\"elementor-element elementor-element-1e8a9ef5 elementor-widget elementor-widget-spacer\" data-id=\"1e8a9ef5\" data-element_type=\"widget\" data-widget_type=\"spacer.default\">\n\t\t\t\t<div class=\"elementor-widget-container\">\n\t\t\t\t\t<div class=\"elementor-spacer\">\n\t\t\t<div class=\"elementor-spacer-inner\"><\/div>\n\t\t<\/div>\n\t\t\t\t<\/div>\n\t\t\t\t<\/div>\n\t\t\t\t\t\t<\/div>\n\t\t\t<\/div>\n\t\t<\/div>\n\t\t\t\t<div class=\"elementor-element elementor-element-329bff4e elementor-column elementor-col-50 elementor-top-column\" data-id=\"329bff4e\" data-element_type=\"column\">\n\t\t\t<div class=\"elementor-column-wrap  elementor-element-populated\">\n\t\t\t\t\t<div class=\"elementor-widget-wrap\">\n\t\t\t\t<div class=\"elementor-element elementor-element-2b97bc18 elementor-widget elementor-widget-heading\" data-id=\"2b97bc18\" data-element_type=\"widget\" data-widget_type=\"heading.default\">\n\t\t\t\t<div class=\"elementor-widget-container\">\n\t\t\t<h2 class=\"elementor-heading-title elementor-size-default\">PRESS<\/h2>\t\t<\/div>\n\t\t\t\t<\/div>\n\t\t\t\t<div class=\"elementor-element elementor-element-1d9d241a elementor-widget elementor-widget-heading\" data-id=\"1d9d241a\" data-element_type=\"widget\" data-widget_type=\"heading.default\">\n\t\t\t\t<div class=\"elementor-widget-container\">\n\t\t\t<h2 class=\"elementor-heading-title elementor-size-default\">RELEASE<\/h2>\t\t<\/div>\n\t\t\t\t<\/div>\n\t\t\t\t<div class=\"elementor-element elementor-element-400f3b7d mi-general-text mi-hyperlink-blue mi-text-height-36 elementor-widget elementor-widget-text-editor\" data-id=\"400f3b7d\" data-element_type=\"widget\" data-widget_type=\"text-editor.default\">\n\t\t\t\t<div class=\"elementor-widget-container\">\n\t\t\t\t\t<div class=\"elementor-text-editor elementor-clearfix\"><p>TCL Communication erreicht die globalen Zertifizierungen ISO 9001:2015 und TL 9000<\/p><\/div>\n\t\t\t\t<\/div>\n\t\t\t\t<\/div>\n\t\t\t\t<div class=\"elementor-element elementor-element-1d7857b1 elementor-widget__width-auto elementor-widget elementor-widget-button\" data-id=\"1d7857b1\" data-element_type=\"widget\" data-widget_type=\"button.default\">\n\t\t\t\t<div class=\"elementor-widget-container\">\n\t\t\t\t\t<div class=\"elementor-button-wrapper\">\n\t\t\t<a href=\"https:\/\/www.alcatelmobile.com\/cz\/wp-content\/uploads\/2019\/11\/TCL_Communication_achieves_global_ISO9001_ALCATEL.pdf\" class=\"elementor-button-link elementor-button elementor-size-sm\" target=\"_blank\" role=\"button\">\n\t\t\t\t\t\t<span class=\"elementor-button-content-wrapper\">\n\t\t\t\t\t\t<span class=\"elementor-button-text\"> Lesen Sie hier mehr dazu  <\/span>\n\t\t<\/span>\n\t\t\t\t\t<\/a>\n\t\t<\/div>\n\t\t\t\t<\/div>\n\t\t\t\t<\/div>\n\t\t\t\t\t\t<\/div>\n\t\t\t<\/div>\n\t\t<\/div>\n\t\t\t\t\t\t<\/div>\n\t\t\t<\/div>\n\t\t<\/section>\n\t\t\t\t<section class=\"elementor-element elementor-element-8016b0e elementor-section-stretched elementor-section-height-min-height elementor-section-items-stretch mi-bg-invis-tab-mob elementor-section-boxed elementor-section-height-default elementor-section elementor-top-section\" data-id=\"8016b0e\" data-element_type=\"section\" data-settings=\"{&quot;stretch_section&quot;:&quot;section-stretched&quot;,&quot;background_background&quot;:&quot;classic&quot;}\">\n\t\t\t\t\t\t<div class=\"elementor-container elementor-column-gap-no\">\n\t\t\t\t<div class=\"elementor-row\">\n\t\t\t\t<div class=\"elementor-element elementor-element-59cf44be elementor-column elementor-col-50 elementor-top-column\" data-id=\"59cf44be\" data-element_type=\"column\">\n\t\t\t<div class=\"elementor-column-wrap  elementor-element-populated\">\n\t\t\t\t\t<div class=\"elementor-widget-wrap\">\n\t\t\t\t<div class=\"elementor-element elementor-element-2f014777 elementor-widget elementor-widget-heading\" data-id=\"2f014777\" data-element_type=\"widget\" data-widget_type=\"heading.default\">\n\t\t\t\t<div class=\"elementor-widget-container\">\n\t\t\t<h2 class=\"elementor-heading-title elementor-size-default\">ESG<\/h2>\t\t<\/div>\n\t\t\t\t<\/div>\n\t\t\t\t<div class=\"elementor-element elementor-element-531d20a1 elementor-widget elementor-widget-heading\" data-id=\"531d20a1\" data-element_type=\"widget\" data-widget_type=\"heading.default\">\n\t\t\t\t<div class=\"elementor-widget-container\">\n\t\t\t<h2 class=\"elementor-heading-title elementor-size-default\">BERICHT<\/h2>\t\t<\/div>\n\t\t\t\t<\/div>\n\t\t\t\t<div class=\"elementor-element elementor-element-fe84569 mi-general-text mi-hyperlink-blue mi-text-height-36 elementor-widget elementor-widget-text-editor\" data-id=\"fe84569\" data-element_type=\"widget\" data-widget_type=\"text-editor.default\">\n\t\t\t\t<div class=\"elementor-widget-container\">\n\t\t\t\t\t<div class=\"elementor-text-editor elementor-clearfix\"><p>Discover a detailed Lesen Sie einen ausf\u00fchrlichen Bericht \u00fcber unsere Ma\u00dfnahmen im Bereich Umwelt &amp; Soziales.<\/p><\/div>\n\t\t\t\t<\/div>\n\t\t\t\t<\/div>\n\t\t\t\t<div class=\"elementor-element elementor-element-3d0ba755 elementor-widget__width-auto elementor-widget elementor-widget-button\" data-id=\"3d0ba755\" data-element_type=\"widget\" data-widget_type=\"button.default\">\n\t\t\t\t<div class=\"elementor-widget-container\">\n\t\t\t\t\t<div class=\"elementor-button-wrapper\">\n\t\t\t<a href=\"https:\/\/www.alcatelmobile.com\/cz\/wp-content\/uploads\/2019\/11\/2017_TCL_ESG_Report_ALCATEL.pdf\" class=\"elementor-button-link elementor-button elementor-size-sm\" target=\"_blank\" role=\"button\">\n\t\t\t\t\t\t<span class=\"elementor-button-content-wrapper\">\n\t\t\t\t\t\t<span class=\"elementor-button-text\"> Bericht herunterladen <\/span>\n\t\t<\/span>\n\t\t\t\t\t<\/a>\n\t\t<\/div>\n\t\t\t\t<\/div>\n\t\t\t\t<\/div>\n\t\t\t\t\t\t<\/div>\n\t\t\t<\/div>\n\t\t<\/div>\n\t\t\t\t<div class=\"elementor-element elementor-element-44c5ba2c mi-bg-invis-desktop elementor-column elementor-col-50 elementor-top-column\" data-id=\"44c5ba2c\" data-element_type=\"column\">\n\t\t\t<div class=\"elementor-column-wrap  elementor-element-populated\">\n\t\t\t\t\t<div class=\"elementor-widget-wrap\">\n\t\t\t\t<div class=\"elementor-element elementor-element-53646d53 elementor-widget elementor-widget-spacer\" data-id=\"53646d53\" data-element_type=\"widget\" data-widget_type=\"spacer.default\">\n\t\t\t\t<div class=\"elementor-widget-container\">\n\t\t\t\t\t<div class=\"elementor-spacer\">\n\t\t\t<div class=\"elementor-spacer-inner\"><\/div>\n\t\t<\/div>\n\t\t\t\t<\/div>\n\t\t\t\t<\/div>\n\t\t\t\t\t\t<\/div>\n\t\t\t<\/div>\n\t\t<\/div>\n\t\t\t\t\t\t<\/div>\n\t\t\t<\/div>\n\t\t<\/section>\n\t\t\t\t\t\t<\/div>\n\t\t\t<\/div>\n\t\t<\/div>\n\t\t","protected":false},"excerpt":{"rendered":"<p>Hier findest Du Informationen \u00fcber unser Unternehmen. TCL KOMMUNIKATIONSTECHNOLOGIE Als weltweit f\u00fchrender Anbieter und Hersteller von Telekommunikationsprodukten und Internet-Service, hat sich TCL Communication auf das Angebot von SMART-Produkten und Services mit erstklassiger Anwendererfahrung spezialisiert. Durch das Festhalten an seinem Unternehmensleitbild, welches darauf ausgerichtet ist, Mehrwert f\u00fcr Kunden zu schaffen, Mitarbeitern Chancen zu bieten, Vorteile f\u00fcr &hellip;<\/p>\n<p class=\"read-more\"> <a class=\"\" href=\"https:\/\/www.alcatelmobile.com\/de\/alcatel-approach\/\"> <span class=\"screen-reader-text\">Unser Ansatz<\/span> Read More &raquo;<\/a><\/p>\n","protected":false},"author":1,"featured_media":0,"parent":0,"menu_order":0,"comment_status":"closed","ping_status":"closed","template":"","meta":[],"_links":{"self":[{"href":"https:\/\/www.alcatelmobile.com\/de\/content\/wp-json\/wp\/v2\/pages\/27908"}],"collection":[{"href":"https:\/\/www.alcatelmobile.com\/de\/content\/wp-json\/wp\/v2\/pages"}],"about":[{"href":"https:\/\/www.alcatelmobile.com\/de\/content\/wp-json\/wp\/v2\/types\/page"}],"author":[{"embeddable":true,"href":"https:\/\/www.alcatelmobile.com\/de\/content\/wp-json\/wp\/v2\/users\/1"}],"replies":[{"embeddable":true,"href":"https:\/\/www.alcatelmobile.com\/de\/content\/wp-json\/wp\/v2\/comments?post=27908"}],"version-history":[{"count":5,"href":"https:\/\/www.alcatelmobile.com\/de\/content\/wp-json\/wp\/v2\/pages\/27908\/revisions"}],"predecessor-version":[{"id":27968,"href":"https:\/\/www.alcatelmobile.com\/de\/content\/wp-json\/wp\/v2\/pages\/27908\/revisions\/27968"}],"wp:attachment":[{"href":"https:\/\/www.alcatelmobile.com\/de\/content\/wp-json\/wp\/v2\/media?parent=27908"}],"curies":[{"name":"wp","href":"https:\/\/api.w.org\/{rel}","templated":true}]}}