{"id":284,"date":"2019-04-16T14:54:54","date_gmt":"2019-04-16T14:54:54","guid":{"rendered":"https:\/\/www.alcatelmobile.com\/?page_id=284"},"modified":"2019-11-21T16:07:39","modified_gmt":"2019-11-21T08:07:39","slug":"geschaftsbedingungen","status":"publish","type":"page","link":"https:\/\/www.alcatelmobile.com\/de\/geschaftsbedingungen\/","title":{"rendered":"GESCH\u00c4FTSBEDINGUNGEN"},"content":{"rendered":"<p>Die Richtlinien f\u00fcr Ihre Nutzung der Webseite\u00a0<a href=\"https:\/\/eu.alcatelmobile.com\/de\/geschaftsbedingungen\/www.alcatel-mobile.com\">www.alcatel-mobile.com<\/a>\u00a0(nachfolgend Webseite genannt) werden durch die vorliegenden Nutzungsbedingungen geregelt. Betreiber dieser Webseite ist TCT Mobile Europe SAS (nachfolgend Alcatel genannt) mit Sitz in Immeuble Le Capitole, 55 avenue des Champs Pierreux Nanterre 92000, Frankreich. Bitte lesen Sie die vorliegenden Nutzungsbedingungen und unsere Datenschutzrichtlinie (nachfolgend Gesch\u00e4ftsbedingungen genannt) sorgf\u00e4ltig durch. Die vorliegenden Gesch\u00e4ftsbedingungen sind ein Vertrag zwischen Ihnen und TCT Mobile Europe SAS und k\u00f6nnen von Zeit zu Zeit ge\u00e4ndert werden. Nutzen Sie die Webseite nicht, wenn Sie mit den Gesch\u00e4ftsbedingungen nicht einverstanden sind. Wenn Sie die Webseite nutzen, erkl\u00e4ren Sie sich mit den Gesch\u00e4ftsbedingungen einverstanden. Einige Inhalte dieser Webseite sind wom\u00f6glich nicht f\u00fcr Minderj\u00e4hrige geeignet. Mit der Nutzung der Webseite best\u00e4tigen Sie, dass Sie vollj\u00e4hrig sind und Ihre Nutzung der Webseite nicht gegen geltendes Recht in dem Staat verst\u00f6\u00dft, in dem Sie sich aufhalten.<\/p>\n<h2 style=\"font-size: 1em; font-style: normal; margin-top: 20px; margin-bottom: 10px; color: #00a0e3; line-height: 1.3em; text-transform: uppercase; font-family: Lato, Helvetica, Arial, sans-serif; text-rendering: optimizelegibility; text-align: center;\">GEISTIGES EIGENTUM<\/h2>\n<p>Die Webseite sowie alle Urheberrechte, Warenzeichen und anderen darin enthaltenen geistigen Eigentumsrechte sind durch Rechte des geistigen Eigentums gesch\u00fctzt und Eigentum von Alcatel oder eines Dritten; ausgenommen hiervon sind nutzergenerierte Inhalte. Sie d\u00fcrfen keinerlei Inhalte der Webseite reproduzieren, verteilen, ver\u00e4ndern, darauf basierende Inhalte erstellen (dies beinhaltet Framing oder \u00e4hnliche Techniken) oder kommerziell verwerten. Inhalte der Webseite d\u00fcrfen nur reproduziert werden oder in einer angemessenen Zahl kopiert werden, wenn dies dazu dient, dass Sie den Inhalt der Webseite oder Teile davon betrachten k\u00f6nnen und dies ausschlie\u00dflich zu Ihrer pers\u00f6nlichen, nicht-kommerziellen Nutzung geschieht. Bitte kontaktieren Sie uns umgehend, falls Sie der Ansicht sind, dass Inhalte der Webseite gegen die Urheberrechte von Dritten versto\u00dfen. Sobald wir Ihre Anfrage erhalten und gepr\u00fcft haben, werden wir gegen derartige Verst\u00f6\u00dfe vorgehen und unrechtm\u00e4\u00dfig verwendete Inhalte von der Webseite entfernen. Das Warenzeichen von Alcatel, das Logo und andere Warenzeichen, Dienstleistungsmarken und Logos, welche in Verbindung mit der Webseite verwendet werden sind Marken oder eingetragene Marken von Alcatel oder seiner Lizenznehmer. Andere Marken, Dienstleistungsmarken, Grafiken und Logos, welche in Verbindung mit der Website verwendet werden, k\u00f6nnen gesch\u00fctzte Marken ihrer jeweiligen Inhaber sein. Ihnen werden keine Rechte und keine Lizenzen bez\u00fcglich der vorgenannten Marken und deren Nutzung einger\u00e4umt. Bei Verst\u00f6\u00dfen gegen die oben aufgef\u00fchrten Richtlinien, beh\u00e4lt sich Alcatel das Recht vor Sie dazu aufzufordern die widerrechtliche Nutzung sofort zu unterbinden oder dagegen vorzugehen. Sollte dies nicht geschehen, beh\u00e4lt es sich Alcatel vor rechtliche Schritte gegen Sie einzuleiten und eventuelle Anspr\u00fcche gegebenenfalls geltend zu machen.<\/p>\n<h2 style=\"font-size: 1em; font-style: normal; margin-top: 20px; margin-bottom: 10px; color: #00a0e3; line-height: 1.3em; text-transform: uppercase; font-family: Lato, Helvetica, Arial, sans-serif; text-rendering: optimizelegibility; text-align: center;\">DATENSCHUTZ UND DIE PRIVATSPH\u00c4RE<\/h2>\n<p>Jegliche Daten oder Angaben, die Sie Alcatel mitteilen \u00fcber die R\u00fcckschl\u00fcsse auf Sie m\u00f6glich sind, werden gem\u00e4\u00df unserer Datenschutzrichtlinien gespeichert und verarbeitet. Es besteht die M\u00f6glichkeit, dass Sie Ihre E-Mail-Adresse angeben m\u00fcssen, um unsere Webseite im vollen Umfang zu nutzen und mit Alcatel zu kommunizieren. Bitte lesen Sie sich unsere Datenschutzrichtlinien sorgf\u00e4ltig durch, bevor Sie Ihre E-Mail-Adresse auf unserer Webseite angeben, damit Sie dar\u00fcber informiert sind, wie wir Daten erfassen und verwenden, wenn Sie auf unsere Webseite zugreifen oder diese nutzen. Ihre personenbezogenen Daten werden gem\u00e4\u00df unserer Datenschutzrichtlinien erfasst, aufbewahrt und verarbeitet. Bitte lesen Sie sich unsere Datenschutzrichtlinien sorgf\u00e4ltig durch, bevor Sie unsere Webseite nutzen.<\/p>\n<h2 style=\"font-size: 1em; font-style: normal; margin-top: 20px; margin-bottom: 10px; color: #00a0e3; line-height: 1.3em; text-transform: uppercase; font-family: Lato, Helvetica, Arial, sans-serif; text-rendering: optimizelegibility; text-align: center;\">GEW\u00c4HRLEISTUNGSAUSSCHLUSS UND HAFTUNGSBEGRENZUNG<\/h2>\n<p>Die Inhalte der Webseite werden von Alcatel ohne Gew\u00e4hrleistung jeglicher Art zur Verf\u00fcgung gestellt. Nach geltendem Recht gew\u00e4hren Alcatel, seine Partner, Zulieferer und Lizenznehmer keine ausdr\u00fccklichen oder stillschweigenden Zusicherungen oder Garantien jeglicher Art, was den Betrieb der Webseite, ihrer Inhalte oder jeglicher Informationen \u00fcber oder durch die Webseite betrifft. Des Weiteren lehnen Alcatel und seine Partner s\u00e4mtliche ausdr\u00fccklichen oder stillschweigenden Gew\u00e4hrleistungen ab, die mit der Webseite in Verbindung stehen. Dies umfasst Gew\u00e4hrleistungen zu Verkehrsf\u00e4higkeit, Titel, Eignung zu einem bestimmten Zweck und die Nicht-Verletzung von Eigentumsanspr\u00fcchen. Alcatel gew\u00e4hrleistet zu keinem Zeitpunkt die ununterbrochene Nutzung der Webseite oder, dass diese durchg\u00e4ngig zu jedem Zeitpunkt an jedem Ort fehlerfrei und sicher verf\u00fcgbar ist oder, dass Fehler behoben werden und die Webseite frei von Viren oder sonstigen potentiell sch\u00e4dlichen Inhalten ist. F\u00fcr die Sicherung der Daten Ihres Systems sind ausschlie\u00dflich Sie verantwortlich. Alcatel gew\u00e4hrt keine Zusicherungen oder Gew\u00e4hrleistungen hinsichtlich der Webseite und haftet nicht f\u00fcr etwaige Sch\u00e4den, die durch Entscheidungen von Alcatel entstehen. Dies beinhaltet Entscheidungen, bestimmte Informationen oder Inhalte zu entfernen und die Nutzer diesbez\u00fcglich nicht zu warnen oder zu informieren, ihnen den Zugang zur Webseite nicht zu erm\u00f6glichen sowie sonstige Ma\u00dfnahmen zur Behebung einer vermuteten Verletzung von Verst\u00f6\u00dfen gegen die Richtlinien. Dies beinhaltet auch Entscheidungen von Alcatel, dass ein Versto\u00df gegen die Gesch\u00e4ftsbedingungen erfolgt ist bzw. Entscheidungen, aus denen Gewinn- oder Datenverluste hervorgehen, welche im Zusammenhang mit Ihrer Nutzung der Webseite stehen. Alcatel haftet nicht f\u00fcr durch die Nutzung oder den Ausfall der Webseite verursachte Sch\u00e4den oder sonstige Verluste (einschlie\u00dflich, aber ohne Beschr\u00e4nkung auf Gesch\u00e4ftsausf\u00e4lle, Umsatz- und Einnahmeverluste sowie Folgesch\u00e4den) oder f\u00fcr Forderungen, welche aus fahrl\u00e4ssigem Verhalten von Alcatel (au\u00dfer bei Personensch\u00e4den oder Tod einer Person) hervorgehen. Bei Versto\u00df gegen die Nutzungsbedingungen haften Sie f\u00fcr daraus hervorgehende Anspr\u00fcche, welche durch Alcatel, seine Gesch\u00e4ftsf\u00fchrer, Amtstr\u00e4ger, Angestellten, verbundenen Unternehmen, Agenten, Auftragnehmer und Lizenznehmer geltend gemacht werden. Dies gilt auch f\u00fcr Anspr\u00fcche aus durch Alcatel ergriffenen Ma\u00dfnahmen, die der Untersuchung eines mutma\u00dflichen Versto\u00dfes gegen die Nutzungsbedingungen dienen oder aus Erkenntnissen bzw. Entscheidungen hervorgehen, dass ein Versto\u00df gegen die Nutzungsbedingungen erfolgt ist.<\/p>\n<h2 style=\"font-size: 1em; font-style: normal; margin-top: 20px; margin-bottom: 10px; color: #00a0e3; line-height: 1.3em; text-transform: uppercase; font-family: Lato, Helvetica, Arial, sans-serif; text-rendering: optimizelegibility; text-align: center;\">VERLINKTE WEBSEITEN VON DRITTEN<\/h2>\n<p>Es besteht die M\u00f6glichkeit, dass die Webseite Links zu Webseiten von Drittanbietern enth\u00e4lt, die nicht durch Alcatel kontrolliert oder bereitgestellt werden. Alcatel tr\u00e4gt keine Verantwortung f\u00fcr den Inhalt dieser Webseiten. Alcatel stellt diese Links f\u00fcr Sie zur Verf\u00fcgung, billigt aber das Material auf diesen Webseiten nicht notwendigerweise. Mit der Nutzung der Webseiten von Dritten stimmen Sie deren Nutzungsbedingen zu, die in keinster Weise mit denen unserer Webseite in Verbindung stehen. Aus diesem Grund stehen Sie in der Pflicht sich \u00fcber die Richtlinien dieser Webseiten zu Nutzung und Datenschutz zu informieren und diesen gegebenenfalls zuzustimmen. Jegliche Forderungen, die sich auf Webseiten von Dritten oder deren Inhalte beziehen, sind direkt an diese Drittanbieter zu richten.<\/p>\n<h2 style=\"font-size: 1em; font-style: normal; margin-top: 20px; margin-bottom: 10px; color: #00a0e3; line-height: 1.3em; text-transform: uppercase; font-family: Lato, Helvetica, Arial, sans-serif; text-rendering: optimizelegibility; text-align: center;\">\u00c4NDERUNGEN<\/h2>\n<p>Alcatel beh\u00e4lt sich das Recht vor, die Gesch\u00e4ftsbedingungen jederzeit abzu\u00e4ndern und zu erg\u00e4nzen. Sie werden \u00fcber derartige \u00c4nderungen und Zus\u00e4tze zu den Gesch\u00e4ftsbedingungen informiert. Ebenso werden diese \u00c4nderungen unmittelbar in den Gesch\u00e4ftsbedingungen vermerkt. Sofern Sie den \u00c4nderungen zustimmen, gelten diese mit sofortiger Wirkung. Sie werden \u00fcber derartige \u00c4nderungen informiert und haben die unmittelbare M\u00f6glichkeit die Webseite und die App nicht weiter zu nutzen, falls Sie den \u00c4nderungen nicht zustimmen sollten. Wenn Sie die Webseite und die App (weiterhin) nutzen, obwohl Sie mit den Nutzungsbedingungen oder \u00c4nderungen an ihnen nicht einverstanden sind, haftet Alcatel nicht f\u00fcr etwaige, daraus hervorgehende, Sch\u00e4den.<\/p>\n<h2 style=\"font-size: 1em; font-style: normal; margin-top: 20px; margin-bottom: 10px; color: #00a0e3; line-height: 1.3em; text-transform: uppercase; font-family: Lato, Helvetica, Arial, sans-serif; text-rendering: optimizelegibility; text-align: center;\">ANWENDBARES RECHT UND GERICHTSSTAND<\/h2>\n<p>Diese Webseite wird durch die B\u00fcros von Alcatel betrieben und kontrolliert, deren Sitz in Frankreich ist. Mit Ihrem Zugriff auf diese Website erkl\u00e4ren Sie Ihr Einverst\u00e4ndnis damit, dass franz\u00f6sisches Recht auf alle Vorkommnisse Anwendung findet, die mit der Nutzung der Webseite in Verbindung stehen, ohne Ber\u00fccksichtigung von m\u00f6glichen Konflikten von Prinzipien der Rechtssprechung jedweder Gerichtsbarkeit. Im Falle von Streitigkeiten oder Meinungsverschiedenheiten zwischen Ihnen und Alcatel, welche mit Ihrer Nutzung der Webseite im Zusammenhang stehen, haben die Parteien zun\u00e4chst zu versuchen, derartige Streitigkeiten umgehend und im Guten beizulegen. Sollten wir nicht in der Lage sein derartige Streitigkeiten innerhalb eines angemessenen Zeitraums (d.h. innerhalb von drei\u00dfig (30) Tagen) beizulegen, steht es beiden Parteien frei die Angelegenheit durch die zust\u00e4ndigen franz\u00f6sischen Gerichte regeln zu lassen.<\/p>\n<h2 style=\"font-size: 1em; font-style: normal; margin-top: 20px; margin-bottom: 10px; color: #00a0e3; line-height: 1.3em; text-transform: uppercase; font-family: Lato, Helvetica, Arial, sans-serif; text-rendering: optimizelegibility; text-align: center;\">SONSTIGES<\/h2>\n<p>Sollten einzelne Bestimmungen der Nutzungsbedingungen rechtlich unwirksam oder undurchf\u00fchrbar sein oder nachtr\u00e4glich unwirksam oder undurchf\u00fchrbar werden, bleibt davon die Wirksamkeit der Nutzungsbedingungen im \u00dcbrigen unber\u00fchrt. Derartige unwirksame oder undurchf\u00fchrbare Bestimmungen sind durch sinngem\u00e4\u00dfe und g\u00fcltige Regelungen zu ersetzen. Die vorliegenden Nutzungsbedingungen stellen die gesamte Vereinbarung zwischen Ihnen und Alcatel im Bezug auf Ihre Nutzung der Webseite dar. Eventuell bestehende schriftliche oder m\u00fcndliche Vereinbarungen zwischen Ihnen und Alcatel verlieren mit Ihrer Zustimmung zu den Nutzungsbedingen jegliche G\u00fcltigkeit.<\/p>\n","protected":false},"excerpt":{"rendered":"<p>Die Richtlinien f\u00fcr Ihre Nutzung der Webseite\u00a0www.alcatel-mobile.com\u00a0(nachfolgend Webseite genannt) werden durch die vorliegenden Nutzungsbedingungen geregelt. Betreiber dieser Webseite ist TCT Mobile Europe SAS (nachfolgend Alcatel genannt) mit Sitz in Immeuble Le Capitole, 55 avenue des Champs Pierreux Nanterre 92000, Frankreich. Bitte lesen Sie die vorliegenden Nutzungsbedingungen und unsere Datenschutzrichtlinie (nachfolgend Gesch\u00e4ftsbedingungen genannt) sorgf\u00e4ltig durch. Die &hellip;<\/p>\n<p class=\"read-more\"> <a class=\"\" href=\"https:\/\/www.alcatelmobile.com\/de\/geschaftsbedingungen\/\"> <span class=\"screen-reader-text\">GESCH\u00c4FTSBEDINGUNGEN<\/span> Read More &raquo;<\/a><\/p>\n","protected":false},"author":1,"featured_media":0,"parent":0,"menu_order":0,"comment_status":"closed","ping_status":"closed","template":"","meta":[],"_links":{"self":[{"href":"https:\/\/www.alcatelmobile.com\/de\/content\/wp-json\/wp\/v2\/pages\/284"}],"collection":[{"href":"https:\/\/www.alcatelmobile.com\/de\/content\/wp-json\/wp\/v2\/pages"}],"about":[{"href":"https:\/\/www.alcatelmobile.com\/de\/content\/wp-json\/wp\/v2\/types\/page"}],"author":[{"embeddable":true,"href":"https:\/\/www.alcatelmobile.com\/de\/content\/wp-json\/wp\/v2\/users\/1"}],"replies":[{"embeddable":true,"href":"https:\/\/www.alcatelmobile.com\/de\/content\/wp-json\/wp\/v2\/comments?post=284"}],"version-history":[{"count":12,"href":"https:\/\/www.alcatelmobile.com\/de\/content\/wp-json\/wp\/v2\/pages\/284\/revisions"}],"predecessor-version":[{"id":27762,"href":"https:\/\/www.alcatelmobile.com\/de\/content\/wp-json\/wp\/v2\/pages\/284\/revisions\/27762"}],"wp:attachment":[{"href":"https:\/\/www.alcatelmobile.com\/de\/content\/wp-json\/wp\/v2\/media?parent=284"}],"curies":[{"name":"wp","href":"https:\/\/api.w.org\/{rel}","templated":true}]}}