{"id":28840,"date":"2021-02-03T13:00:39","date_gmt":"2021-02-03T05:00:39","guid":{"rendered":"https:\/\/www.alcatelmobile.com\/de\/?page_id=28840"},"modified":"2021-03-03T11:08:39","modified_gmt":"2021-03-03T03:08:39","slug":"garantie","status":"publish","type":"page","link":"https:\/\/www.alcatelmobile.com\/de\/garantie\/","title":{"rendered":"Garantie"},"content":{"rendered":"\t\t<div data-elementor-type=\"post\" data-elementor-id=\"28840\" class=\"elementor elementor-28840\" data-elementor-settings=\"[]\">\n\t\t\t<div class=\"elementor-inner\">\n\t\t\t\t<div class=\"elementor-section-wrap\">\n\t\t\t\t\t\t\t<section class=\"elementor-element elementor-element-4862f035 mi-no-height elementor-section-boxed elementor-section-height-default elementor-section-height-default elementor-section elementor-top-section\" data-id=\"4862f035\" data-element_type=\"section\">\n\t\t\t\t\t\t<div class=\"elementor-container elementor-column-gap-no\">\n\t\t\t\t<div class=\"elementor-row\">\n\t\t\t\t<div class=\"elementor-element elementor-element-7a0bfd04 elementor-column elementor-col-100 elementor-top-column\" data-id=\"7a0bfd04\" data-element_type=\"column\">\n\t\t\t<div class=\"elementor-column-wrap  elementor-element-populated\">\n\t\t\t\t\t<div class=\"elementor-widget-wrap\">\n\t\t\t\t<div class=\"elementor-element elementor-element-6765cc07 elementor-widget elementor-widget-html\" data-id=\"6765cc07\" data-element_type=\"widget\" data-widget_type=\"html.default\">\n\t\t\t\t<div class=\"elementor-widget-container\">\n\t\t\t<div id=\"mi-alternative-menu-bottom-border-color\" data-alt-class=\"mi-dark-bottom-border\"><\/div>\t\t<\/div>\n\t\t\t\t<\/div>\n\t\t\t\t\t\t<\/div>\n\t\t\t<\/div>\n\t\t<\/div>\n\t\t\t\t\t\t<\/div>\n\t\t\t<\/div>\n\t\t<\/section>\n\t\t\t\t<section class=\"elementor-element elementor-element-1deda77d elementor-section-boxed elementor-section-height-default elementor-section-height-default elementor-section elementor-top-section\" data-id=\"1deda77d\" data-element_type=\"section\">\n\t\t\t\t\t\t<div class=\"elementor-container elementor-column-gap-no\">\n\t\t\t\t<div class=\"elementor-row\">\n\t\t\t\t<div class=\"elementor-element elementor-element-16052129 elementor-column elementor-col-100 elementor-top-column\" data-id=\"16052129\" data-element_type=\"column\">\n\t\t\t<div class=\"elementor-column-wrap  elementor-element-populated\">\n\t\t\t\t\t<div class=\"elementor-widget-wrap\">\n\t\t\t\t<div class=\"elementor-element elementor-element-133c6fc4 elementor-widget elementor-widget-theme-post-title elementor-page-title elementor-widget-heading\" data-id=\"133c6fc4\" data-element_type=\"widget\" data-widget_type=\"theme-post-title.default\">\n\t\t\t\t<div class=\"elementor-widget-container\">\n\t\t\t<h1 class=\"elementor-heading-title elementor-size-default\">Garantie<\/h1>\t\t<\/div>\n\t\t\t\t<\/div>\n\t\t\t\t<div class=\"elementor-element elementor-element-75a7ef72 mi-general-text mi-hyperlink-blue elementor-widget elementor-widget-text-editor\" data-id=\"75a7ef72\" data-element_type=\"widget\" data-widget_type=\"text-editor.default\">\n\t\t\t\t<div class=\"elementor-widget-container\">\n\t\t\t\t\t<div class=\"elementor-text-editor elementor-clearfix\"><p>Unter die Telefongarantie fallen s\u00e4mtliche Defekte und St\u00f6rungen, die bei normaler Verwendung w\u00e4hrend des Garantiezeitraums von 24 Monaten(1) ab Kaufdatum (Originalrechnung) entstehen. <br \/>F\u00fcr Akkus (2) und Zubeh\u00f6rteile, die mit dem Telefon verkauft wurden, besteht eine Garantie f\u00fcr s\u00e4mtliche Defekte, die w\u00e4hrend der ersten 12 Monate (1) ab Kaufdatum (Originalrechnung) entstehen. <br \/>Bei Telefondefekten, die eine normale Verwendung verhindern, muss der H\u00e4ndler unverz\u00fcglich informiert und ihm muss das Telefon mit dem Kaufbeleg vorgelegt werden.<br \/>Falls der Defekt best\u00e4tigt wird, wird das Telefon oder ein Teil davon entweder ersetzt oder repariert. Auf das reparierte Telefon sowie auf reparierte Zubeh\u00f6rteile wird eine einmonatige (1) Garantie f\u00fcr den gleichen Defekt gew\u00e4hrt. Die Reparatur oder der Austausch kann unter Verwendung instandgesetzter Komponenten mit gleichem Funktionsumfang erfolgen. <br \/>Diese Garantie ist auf die Kosten f\u00fcr Material und Arbeit beschr\u00e4nkt. <br \/>Die Garantie gilt nicht f\u00fcr Defekte am Telefon und\/oder Zubeh\u00f6r, wenn folgende Ursachen vorliegen (ohne Einschr\u00e4nkung): <br \/>1) Nichteinhaltung der Anweisungen zur Verwendung oder Installation beziehungsweise der technischen Standards und Sicherheitsstandards, die in der Region gelten, in der das Telefon verwendet wird <br \/>2) Herstellung einer Verbindung mit Ger\u00e4ten, die nicht von TCL Communication Ltd. bereitgestellt oder empfohlen wurden <br \/>3) \u00c4nderungen oder Reparaturen, die von Personen durchgef\u00fchrt wurden, die nicht von TCL Communication Ltd., seinen Gesch\u00e4ftspartnern oder H\u00e4ndlern autorisiert sind <br \/>4) \u00c4nderungen, Anpassungen oder Modifizierungen der Software oder Hardware, die von nicht durch TCL Communication Ltd. autorisierten Personen ausgef\u00fchrt wurden<br \/>5) Schlechtes Wetter, Sturz, Blitzschlag, Feuer, Feuchtigkeit, Eindringen von Fl\u00fcssigkeiten, Nahrungsmitteln oder chemischen Produkten, Herunterladen von Dateien, Unf\u00e4lle, Hochspannung, Korrosion, Oxidierung&#8230; <br \/>Mit Ausnahme dieser begrenzten Garantie beziehungsweise der gesetzlichen Pflichtgarantie in Ihrem Land bestehen keine ausdr\u00fccklichen Garantien, weder schriftlich, m\u00fcndlich noch implizit. <br \/>TCL Communication Ltd. oder einer seiner Gesch\u00e4ftspartner haftet keinesfalls f\u00fcr indirekte, zuf\u00e4llig entstandene Sch\u00e4den oder Folgesch\u00e4den jedweder Art, einschlie\u00dflich, aber nicht beschr\u00e4nkt auf, wirtschaftliche oder finanzielle Verluste oder Sch\u00e4den, Datenverluste oder Verluste von Bildern, und zwar im gr\u00f6\u00dftm\u00f6glichen Umfang, in dem diese Sch\u00e4den gesetzlich ausgeschlossen werden k\u00f6nnen. <br \/>Einige L\u00e4nder\/Staaten lassen den Ausschluss oder die Begrenzung indirekter, zuf\u00e4llig entstandener Sch\u00e4den oder Folgesch\u00e4den bzw. die Begrenzung der Dauer impliziter Garantien nicht zu, sodass die oben angegebenen Beschr\u00e4nkungen oder Ausschl\u00fcsse f\u00fcr Sie m\u00f6glicherweise nicht gelten.<\/p>\n<p>(1) Der Garantiezeitraum kann je nach Land variieren. <br \/>(2) Die Nutzungsdauer wiederaufladbarer Telefonakkus hinsichtlich Gespr\u00e4chszeit, Standbyzeit und Gesamtnutzungsdauer h\u00e4ngt von den Nutzungsbedingungen und der Netzkonfiguration ab. Akkus werden als Verbrauchsteile angesehen. Laut Spezifikationen erreichen sie w\u00e4hrend der ersten sechs Monate nach dem Kauf und bei etwa 200 Ladevorg\u00e4ngen eine optimale Leistung.<\/p><\/div>\n\t\t\t\t<\/div>\n\t\t\t\t<\/div>\n\t\t\t\t\t\t<\/div>\n\t\t\t<\/div>\n\t\t<\/div>\n\t\t\t\t\t\t<\/div>\n\t\t\t<\/div>\n\t\t<\/section>\n\t\t\t\t\t\t<\/div>\n\t\t\t<\/div>\n\t\t<\/div>\n\t\t","protected":false},"excerpt":{"rendered":"<p>Unter die Telefongarantie fallen s\u00e4mtliche Defekte und St\u00f6rungen, die bei normaler Verwendung w\u00e4hrend des Garantiezeitraums von 24 Monaten(1) ab Kaufdatum (Originalrechnung) entstehen. F\u00fcr Akkus (2) und Zubeh\u00f6rteile, die mit dem Telefon verkauft wurden, besteht eine Garantie f\u00fcr s\u00e4mtliche Defekte, die w\u00e4hrend der ersten 12 Monate (1) ab Kaufdatum (Originalrechnung) entstehen. Bei Telefondefekten, die eine normale &hellip;<\/p>\n<p class=\"read-more\"> <a class=\"\" href=\"https:\/\/www.alcatelmobile.com\/de\/garantie\/\"> <span class=\"screen-reader-text\">Garantie<\/span> Read More &raquo;<\/a><\/p>\n","protected":false},"author":1,"featured_media":0,"parent":0,"menu_order":0,"comment_status":"closed","ping_status":"closed","template":"","meta":[],"_links":{"self":[{"href":"https:\/\/www.alcatelmobile.com\/de\/content\/wp-json\/wp\/v2\/pages\/28840"}],"collection":[{"href":"https:\/\/www.alcatelmobile.com\/de\/content\/wp-json\/wp\/v2\/pages"}],"about":[{"href":"https:\/\/www.alcatelmobile.com\/de\/content\/wp-json\/wp\/v2\/types\/page"}],"author":[{"embeddable":true,"href":"https:\/\/www.alcatelmobile.com\/de\/content\/wp-json\/wp\/v2\/users\/1"}],"replies":[{"embeddable":true,"href":"https:\/\/www.alcatelmobile.com\/de\/content\/wp-json\/wp\/v2\/comments?post=28840"}],"version-history":[{"count":4,"href":"https:\/\/www.alcatelmobile.com\/de\/content\/wp-json\/wp\/v2\/pages\/28840\/revisions"}],"predecessor-version":[{"id":28966,"href":"https:\/\/www.alcatelmobile.com\/de\/content\/wp-json\/wp\/v2\/pages\/28840\/revisions\/28966"}],"wp:attachment":[{"href":"https:\/\/www.alcatelmobile.com\/de\/content\/wp-json\/wp\/v2\/media?parent=28840"}],"curies":[{"name":"wp","href":"https:\/\/api.w.org\/{rel}","templated":true}]}}