{"id":284,"date":"2019-04-16T14:54:54","date_gmt":"2019-04-16T14:54:54","guid":{"rendered":"https:\/\/www.alcatelmobile.com\/?page_id=284"},"modified":"2019-11-21T17:50:46","modified_gmt":"2019-11-21T09:50:46","slug":"terminos-condiciones","status":"publish","type":"page","link":"https:\/\/www.alcatelmobile.com\/es\/terminos-condiciones\/","title":{"rendered":"T\u00c9RMINOS &#038; CONDICIONES"},"content":{"rendered":"<p>Estos t\u00e9rminos y condiciones regulan el uso que realiza del sitio web\u00a0<a href=\"https:\/\/eu.alcatelmobile.com\/es\/terminos-condiciones\/www.alcatel-mobile.com\">www.alcatel-mobile.com<\/a>\u00a0(en lo sucesivo, el &#8220;sitio web&#8221;). El sitio web es publicado por TCT Mobile Europe SAS, en lo sucesivo, &#8220;Alcatel&#8221;, con domicilio social en Immeuble Le Capitole, 55 avenue des Champs Pierreux Nanterre 92000 (Francia). Lea con detenimiento estos T\u00e9rminos y condiciones de uso y nuestra Pol\u00edtica de privacidad (en lo sucesivo, &#8220;T\u00e9rminos y condiciones&#8221;). Estos T\u00e9rminos y condiciones constituyen un contrato entre usted y TCT Mobile Europe SAS, y podr\u00edan sufrir modificaciones ocasionales. Si no est\u00e1 de acuerdo con los T\u00e9rminos y condiciones, no utilice el sitio web. Si utiliza el sitio web, acepta y est\u00e1 de acuerdo con estos T\u00e9rminos y condiciones. Algunos contenidos del sitio web podr\u00edan no estar adaptados para menores. Al acceder al sitio web, confirma que no es menor y que puede acceder al sitio web seg\u00fan lo previsto en la ley de su pa\u00eds de residencia.<\/p>\n<h2 style=\"font-size: 1em; font-style: normal; margin-top: 20px; margin-bottom: 10px; color: #00a0e3; line-height: 1.3em; text-transform: uppercase; font-family: Lato, Helvetica, Arial, sans-serif; text-rendering: optimizelegibility; text-align: center;\">PROPIEDAD INTELECTUAL<\/h2>\n<p>Salvo el contenido generado por el usuario, en caso de haberlo, el contenido del sitio web, incluidos copyright, marcas registradas y otros derechos de propiedad intelectual comprendidos en \u00e9l, est\u00e1n protegidos por derechos de propiedad intelectual y son propiedad de Alcatel o de un tercero. No puede reproducir, distribuir, modificar o crear trabajos derivados, mostrar p\u00fablicamente (incluidos contenidos aislados) o explotar comercialmente ninguna parte de este sitio web salvo que fuera necesario para ver el contenido y para crear un n\u00famero razonable de copias de partes de dicho contenido (sin modificaci\u00f3n) para un uso personal y sin fines comerciales. Si cree que alg\u00fan contenido del sitio web infringe derechos de propiedad intelectual de terceros, le rogamos que contacte con nosotros inmediatamente. En cuanto recibamos su notificaci\u00f3n, obraremos como sea necesario para suprimir dicha infracci\u00f3n y eliminar el contenido il\u00edcito del sitio web. La marca registrada y el logotipo de Alcatel, y otras marcas registradas, marcas de servicios, gr\u00e1ficos y logotipos usados en conexi\u00f3n con el sitio web, son marcas o marcas registradas de Alcatel o sus concesores de licencia. Otras marcas registradas, marcas de servicios, gr\u00e1ficos y logotipos usados en conexi\u00f3n con el sitio web podr\u00edan ser marcas registradas de sus respectivos propietarios. No tiene permiso o licencia con respecto a las marcas registradas citadas previamente y no puede usarlas. En caso de infracciones con respecto a lo anterior, Alcatel se reserva el derecho de solicitarle que pare o rectifique el uso indebido inmediatamente y, en caso de continuar, Alcatel se reserva el derecho de presentar una demanda contra usted.<\/p>\n<h2 style=\"font-size: 1em; font-style: normal; margin-top: 20px; margin-bottom: 10px; color: #00a0e3; line-height: 1.3em; text-transform: uppercase; font-family: Lato, Helvetica, Arial, sans-serif; text-rendering: optimizelegibility; text-align: center;\">PROTECCI\u00d3N DE DATOS Y PRIVACIDAD<\/h2>\n<p>Los detalles que nos proporcione y que sirven para que Alcatel le identifique se gestionan seg\u00fan lo establecido en nuestra Pol\u00edtica de privacidad. En relaci\u00f3n con el uso que realiza del sitio web, puede compartir con nosotros su direcci\u00f3n de correo electr\u00f3nico para que Alcatel se ponga en contacto con usted. Antes de proporcionarnos su direcci\u00f3n de correo electr\u00f3nico, lea nuestra Pol\u00edtica de privacidad para entender c\u00f3mo recopilamos y usamos su informaci\u00f3n cuando accede, visita o usa el sitio web. Sus datos se recopilan, almacenan y procesan seg\u00fan lo establecido en nuestra Pol\u00edtica de privacidad, que puede leer y aceptar antes de proporcionarnos informaci\u00f3n personal cuando use este sitio web.<\/p>\n<h2 style=\"font-size: 1em; font-style: normal; margin-top: 20px; margin-bottom: 10px; color: #00a0e3; line-height: 1.3em; text-transform: uppercase; font-family: Lato, Helvetica, Arial, sans-serif; text-rendering: optimizelegibility; text-align: center;\">EXCLUSI\u00d3N DE GARANT\u00cdA, LIMITACI\u00d3N DE RESPONSABILIDADES<\/h2>\n<p>Alcatel proporciona el sitio web &#8220;tal como est\u00e1&#8221;. De acuerdo con lo permitido por la ley aplicable, ni Alcatel ni sus socios, proveedores o afiliados hacen declaraciones o dan garant\u00eda alguna, expl\u00edcita o impl\u00edcita, del funcionamiento del sitio web, sus contenidos o la informaci\u00f3n disponible a trav\u00e9s del mismo. Adem\u00e1s, Alcatel y sus socios excluyen cualquier garant\u00eda con respecto al sitio web, expl\u00edcita o impl\u00edcita, incluidas, pero sin limitarse a ellas, las garant\u00edas impl\u00edcitas de comercializaci\u00f3n, t\u00edtulo, adecuaci\u00f3n para un fin particular y no infracci\u00f3n. Asimismo, Alcatel no garantiza el uso ininterrumpido del sitio web, que est\u00e9 disponible a cualquier hora y desde cualquier lugar, que sea seguro o libre de fallos, que los defectos se corrijan o que el sitio web est\u00e9 libre de virus o componentes potencialmente da\u00f1inos. La responsabilidad de realizar una copia de su sistema es suya. Alcatel no hace otras promesas ni da garant\u00edas sobre el sitio web y, en particular, no garantiza ni se responsabiliza de las demandas que resulten de una decisi\u00f3n de Alcatel de eliminar o negarse a procesar informaci\u00f3n o contenido para advertirle, suspender o finalizar su acceso al sitio web, o de emprender otras acciones durante la investigaci\u00f3n de una posible infracci\u00f3n o como resultado de la conclusi\u00f3n por parte de Alcatel de que se han infringido los T\u00e9rminos y condiciones; o si se relaciona con la p\u00e9rdida de ingresos, negocios o beneficios, o la perdida de datos o corrupci\u00f3n de datos relacionados con el uso de la aplicaci\u00f3n o el sitio web. En cualquier caso, Alcatel no se hace responsable de descripciones, incluyendo responsabilidad por negligencia (salvo por da\u00f1os personales o muerte), de da\u00f1os o p\u00e9rdidas cualesquiera (incluidas, pero sin limitarse a ellas, p\u00e9rdida de negocios, ingresos, beneficios y los da\u00f1os consecuentes) que resulten del uso o su incapacidad de usar los sitios web. Si incumple estos T\u00e9rminos y condiciones, ser\u00e1 responsable ante Alcatel, sus directores, directivos, empleados, afiliados, agentes, proveedores y concesores de licencias de las demandas que deriven de la infracci\u00f3n. Tambi\u00e9n ser\u00e1 responsable de las acciones que emprenda Alcatel como parte de la investigaci\u00f3n de una presunta infracci\u00f3n de estos T\u00e9rminos y condiciones o como resultado de los hallazgos o decisi\u00f3n de que se ha cometido una infracci\u00f3n de estos T\u00e9rminos y condiciones.<\/p>\n<h2 style=\"font-size: 1em; font-style: normal; margin-top: 20px; margin-bottom: 10px; color: #00a0e3; line-height: 1.3em; text-transform: uppercase; font-family: Lato, Helvetica, Arial, sans-serif; text-rendering: optimizelegibility; text-align: center;\">ENLACES A SITIOS DE TERCEROS<\/h2>\n<p>El sitio web puede contener enlaces a otros sitios web que no est\u00e1n bajo el control de Alcatel ni son mantenidos por \u00e9l. Alcatel no se hace responsable del contenido de estos sitios. Alcatel proporciona estos enlaces \u00fanicamente para su conveniencia y no apoya necesariamente el material de estos sitios. El uso que haga de los sitios web de estos terceros establece una relaci\u00f3n directa entre usted y dichos terceros. Usted es, por tanto, responsable de leer y acatar las pol\u00edticas de privacidad, y t\u00e9rminos y condiciones de aplicaci\u00f3n en los sitios web de estos terceros. Las demandas en relaci\u00f3n con los sitios web de terceros y el contenido que integran deben dirigirse a ellos.<\/p>\n<h2 style=\"font-size: 1em; font-style: normal; margin-top: 20px; margin-bottom: 10px; color: #00a0e3; line-height: 1.3em; text-transform: uppercase; font-family: Lato, Helvetica, Arial, sans-serif; text-rendering: optimizelegibility; text-align: center;\">CAMBIOS<\/h2>\n<p>Alcatel se reserva el derecho de modificar estos T\u00e9rminos y condiciones en cualquier momento. Se le comunicar\u00e1n las modificaciones y t\u00e9rminos y condiciones adicionales, y se har\u00e1n efectivos y se incorporar\u00e1n a estos T\u00e9rminos y condiciones en cuanto los acepte. En caso de que se niegue a aceptar los cambios, deber\u00e1 dejar de acceder al sitio web y a la aplicaci\u00f3n de inmediato. Si continuase usando el sitio web y la aplicaci\u00f3n a pesar de estar en desacuerdo con los T\u00e9rminos y condiciones o los cambios que les afecten, Alcatel no se hace responsable de los da\u00f1os que se ocasionen como resultado.<\/p>\n<h2 style=\"font-size: 1em; font-style: normal; margin-top: 20px; margin-bottom: 10px; color: #00a0e3; line-height: 1.3em; text-transform: uppercase; font-family: Lato, Helvetica, Arial, sans-serif; text-rendering: optimizelegibility; text-align: center;\">LEY DE APLICACI\u00d3N Y JURISDICCI\u00d3N<\/h2>\n<p>Este sitio web es controlado y operado por las oficinas de Alcatel en Francia. Al acceder al sitio web, acepta que las leyes francesas se aplicar\u00e1n en lo relativo al uso del sitio web, sin tener en cuenta los principios de conflicto de las leyes. En caso de disputa o desacuerdo entre Alcatel y usted que surja o est\u00e9 relacionado con el uso del sitio web, las partes se esforzar\u00e1n, r\u00e1pidamente y de buena fe, para resolver dicha disputa. Si no fu\u00e9ramos capaces de resolver la disputa en un tiempo razonable (que no supere los treinta [30] d\u00edas), cualquiera de las partes puede elevar dicha controversia o disputa a las autoridades competentes francesas.<\/p>\n<h2 style=\"font-size: 1em; font-style: normal; margin-top: 20px; margin-bottom: 10px; color: #00a0e3; line-height: 1.3em; text-transform: uppercase; font-family: Lato, Helvetica, Arial, sans-serif; text-rendering: optimizelegibility; text-align: center;\">MISCEL\u00c1NEA<\/h2>\n<p>Si un tribunal o jurisdicci\u00f3n competente considerase nulas o inv\u00e1lidas alguna de las disposiciones de estos T\u00e9rminos y condiciones, dichas disposiciones se limitar\u00edan o eliminar\u00edan en la medida m\u00ednima necesaria y se reemplazar\u00edan con disposiciones v\u00e1lidas que mejor representen el prop\u00f3sito de estos T\u00e9rminos y condiciones para que sigan teniendo plena vigencia y efecto. Estos T\u00e9rminos y condiciones constituyen el acuerdo completo entre usted y Alcatel en lo relativo al uso del sitio web, y otros acuerdos o entendimientos escritos u orales que existieran previamente entre usted y Alcatel en lo relativo a dicho uso se cancelan y reemplazan por este texto.<\/p>\n<p>&nbsp;<\/p>\n","protected":false},"excerpt":{"rendered":"<p>Estos t\u00e9rminos y condiciones regulan el uso que realiza del sitio web\u00a0www.alcatel-mobile.com\u00a0(en lo sucesivo, el &#8220;sitio web&#8221;). El sitio web es publicado por TCT Mobile Europe SAS, en lo sucesivo, &#8220;Alcatel&#8221;, con domicilio social en Immeuble Le Capitole, 55 avenue des Champs Pierreux Nanterre 92000 (Francia). Lea con detenimiento estos T\u00e9rminos y condiciones de uso &hellip;<\/p>\n<p class=\"read-more\"> <a class=\"\" href=\"https:\/\/www.alcatelmobile.com\/es\/terminos-condiciones\/\"> <span class=\"screen-reader-text\">T\u00c9RMINOS &#038; CONDICIONES<\/span> Read More &raquo;<\/a><\/p>\n","protected":false},"author":1,"featured_media":0,"parent":0,"menu_order":0,"comment_status":"closed","ping_status":"closed","template":"","meta":[],"_links":{"self":[{"href":"https:\/\/www.alcatelmobile.com\/es\/content\/wp-json\/wp\/v2\/pages\/284"}],"collection":[{"href":"https:\/\/www.alcatelmobile.com\/es\/content\/wp-json\/wp\/v2\/pages"}],"about":[{"href":"https:\/\/www.alcatelmobile.com\/es\/content\/wp-json\/wp\/v2\/types\/page"}],"author":[{"embeddable":true,"href":"https:\/\/www.alcatelmobile.com\/es\/content\/wp-json\/wp\/v2\/users\/1"}],"replies":[{"embeddable":true,"href":"https:\/\/www.alcatelmobile.com\/es\/content\/wp-json\/wp\/v2\/comments?post=284"}],"version-history":[{"count":13,"href":"https:\/\/www.alcatelmobile.com\/es\/content\/wp-json\/wp\/v2\/pages\/284\/revisions"}],"predecessor-version":[{"id":27759,"href":"https:\/\/www.alcatelmobile.com\/es\/content\/wp-json\/wp\/v2\/pages\/284\/revisions\/27759"}],"wp:attachment":[{"href":"https:\/\/www.alcatelmobile.com\/es\/content\/wp-json\/wp\/v2\/media?parent=284"}],"curies":[{"name":"wp","href":"https:\/\/api.w.org\/{rel}","templated":true}]}}