{"id":13446,"date":"2019-07-01T11:28:14","date_gmt":"2019-07-01T03:28:14","guid":{"rendered":"https:\/\/www.alcatelmobile.com\/?post_type=product&#038;p=13446"},"modified":"2021-10-04T12:30:05","modified_gmt":"2021-10-04T04:30:05","slug":"linkzone-cat4-mobile-wi-fi","status":"publish","type":"product","link":"https:\/\/www.alcatelmobile.com\/es\/product\/mobile-broadband\/link-series\/linkzone-cat4-mobile-wi-fi\/","title":{"rendered":"LINKZONE 4G LTE Cat4 Mobile Wi-Fi"},"content":{"rendered":"","protected":false},"excerpt":{"rendered":"<p>El Wi-Fi port\u00e1til m\u00e1s r\u00e1pido que te acompa\u00f1ar\u00e1 a todas partes<\/p>\n","protected":false},"featured_media":26145,"template":"","meta":[],"_links":{"self":[{"href":"https:\/\/www.alcatelmobile.com\/es\/content\/wp-json\/wp\/v2\/product\/13446"}],"collection":[{"href":"https:\/\/www.alcatelmobile.com\/es\/content\/wp-json\/wp\/v2\/product"}],"about":[{"href":"https:\/\/www.alcatelmobile.com\/es\/content\/wp-json\/wp\/v2\/types\/product"}],"version-history":[{"count":9,"href":"https:\/\/www.alcatelmobile.com\/es\/content\/wp-json\/wp\/v2\/product\/13446\/revisions"}],"predecessor-version":[{"id":33538,"href":"https:\/\/www.alcatelmobile.com\/es\/content\/wp-json\/wp\/v2\/product\/13446\/revisions\/33538"}],"wp:featuredmedia":[{"embeddable":true,"href":"https:\/\/www.alcatelmobile.com\/es\/content\/wp-json\/wp\/v2\/media\/26145"}],"wp:attachment":[{"href":"https:\/\/www.alcatelmobile.com\/es\/content\/wp-json\/wp\/v2\/media?parent=13446"}],"curies":[{"name":"wp","href":"https:\/\/api.w.org\/{rel}","templated":true}]}}