{"id":27902,"date":"2019-12-06T10:02:47","date_gmt":"2019-12-06T02:02:47","guid":{"rendered":"https:\/\/www.alcatelmobile.com\/es\/?post_type=product&#038;p=27902"},"modified":"2021-11-04T18:06:15","modified_gmt":"2021-11-04T10:06:15","slug":"alcatel-3026","status":"publish","type":"product","link":"https:\/\/www.alcatelmobile.com\/es\/product\/feature-phone\/all-feature-phones\/alcatel-3026\/","title":{"rendered":"Alcatel 3026"},"content":{"rendered":"","protected":false},"excerpt":{"rendered":"<p>La conexi\u00f3n m\u00e1s sencilla para tu m\u00e1xima tranquilidad<\/p>\n","protected":false},"featured_media":28009,"template":"","meta":[],"_links":{"self":[{"href":"https:\/\/www.alcatelmobile.com\/es\/content\/wp-json\/wp\/v2\/product\/27902"}],"collection":[{"href":"https:\/\/www.alcatelmobile.com\/es\/content\/wp-json\/wp\/v2\/product"}],"about":[{"href":"https:\/\/www.alcatelmobile.com\/es\/content\/wp-json\/wp\/v2\/types\/product"}],"version-history":[{"count":8,"href":"https:\/\/www.alcatelmobile.com\/es\/content\/wp-json\/wp\/v2\/product\/27902\/revisions"}],"predecessor-version":[{"id":33983,"href":"https:\/\/www.alcatelmobile.com\/es\/content\/wp-json\/wp\/v2\/product\/27902\/revisions\/33983"}],"wp:featuredmedia":[{"embeddable":true,"href":"https:\/\/www.alcatelmobile.com\/es\/content\/wp-json\/wp\/v2\/media\/28009"}],"wp:attachment":[{"href":"https:\/\/www.alcatelmobile.com\/es\/content\/wp-json\/wp\/v2\/media?parent=27902"}],"curies":[{"name":"wp","href":"https:\/\/api.w.org\/{rel}","templated":true}]}}