{"id":27904,"date":"2019-12-06T10:14:47","date_gmt":"2019-12-06T02:14:47","guid":{"rendered":"https:\/\/www.alcatelmobile.com\/es\/?post_type=product&#038;p=27904"},"modified":"2021-11-04T17:58:15","modified_gmt":"2021-11-04T09:58:15","slug":"alcatel-1066","status":"publish","type":"product","link":"https:\/\/www.alcatelmobile.com\/es\/product\/feature-phone\/all-feature-phones\/alcatel-1066\/","title":{"rendered":"Alcatel 1066"},"content":{"rendered":"","protected":false},"excerpt":{"rendered":"<p>El tel\u00e9fono m\u00e1s asequible con dise\u00f1o actual y pr\u00e1ctica c\u00e1mara<\/p>\n","protected":false},"featured_media":27907,"template":"","meta":[],"_links":{"self":[{"href":"https:\/\/www.alcatelmobile.com\/es\/content\/wp-json\/wp\/v2\/product\/27904"}],"collection":[{"href":"https:\/\/www.alcatelmobile.com\/es\/content\/wp-json\/wp\/v2\/product"}],"about":[{"href":"https:\/\/www.alcatelmobile.com\/es\/content\/wp-json\/wp\/v2\/types\/product"}],"version-history":[{"count":7,"href":"https:\/\/www.alcatelmobile.com\/es\/content\/wp-json\/wp\/v2\/product\/27904\/revisions"}],"predecessor-version":[{"id":33979,"href":"https:\/\/www.alcatelmobile.com\/es\/content\/wp-json\/wp\/v2\/product\/27904\/revisions\/33979"}],"wp:featuredmedia":[{"embeddable":true,"href":"https:\/\/www.alcatelmobile.com\/es\/content\/wp-json\/wp\/v2\/media\/27907"}],"wp:attachment":[{"href":"https:\/\/www.alcatelmobile.com\/es\/content\/wp-json\/wp\/v2\/media?parent=27904"}],"curies":[{"name":"wp","href":"https:\/\/api.w.org\/{rel}","templated":true}]}}