{"id":27951,"date":"2019-12-06T16:43:19","date_gmt":"2019-12-06T08:43:19","guid":{"rendered":"https:\/\/www.alcatelmobile.com\/es\/?post_type=product&#038;p=27951"},"modified":"2019-12-06T16:45:18","modified_gmt":"2019-12-06T08:45:18","slug":"pop-3-10","status":"publish","type":"product","link":"https:\/\/www.alcatelmobile.com\/es\/product\/tablet\/alcatel-pixi-t-series\/pop-3-10\/","title":{"rendered":"PIXI 3 (10)"},"content":{"rendered":"","protected":false},"excerpt":{"rendered":"<p>INCLUYE CARACTER\u00cdSTICAS \u00daTILES Y ES SUMAMENTE PORT\u00c1TIL<\/p>\n","protected":false},"featured_media":13776,"template":"","meta":[],"_links":{"self":[{"href":"https:\/\/www.alcatelmobile.com\/es\/content\/wp-json\/wp\/v2\/product\/27951"}],"collection":[{"href":"https:\/\/www.alcatelmobile.com\/es\/content\/wp-json\/wp\/v2\/product"}],"about":[{"href":"https:\/\/www.alcatelmobile.com\/es\/content\/wp-json\/wp\/v2\/types\/product"}],"version-history":[{"count":1,"href":"https:\/\/www.alcatelmobile.com\/es\/content\/wp-json\/wp\/v2\/product\/27951\/revisions"}],"predecessor-version":[{"id":27952,"href":"https:\/\/www.alcatelmobile.com\/es\/content\/wp-json\/wp\/v2\/product\/27951\/revisions\/27952"}],"wp:featuredmedia":[{"embeddable":true,"href":"https:\/\/www.alcatelmobile.com\/es\/content\/wp-json\/wp\/v2\/media\/13776"}],"wp:attachment":[{"href":"https:\/\/www.alcatelmobile.com\/es\/content\/wp-json\/wp\/v2\/media?parent=27951"}],"curies":[{"name":"wp","href":"https:\/\/api.w.org\/{rel}","templated":true}]}}