{"id":29987,"date":"2021-01-21T16:52:29","date_gmt":"2021-01-21T08:52:29","guid":{"rendered":"https:\/\/www.alcatelmobile.com\/es\/product\/uncategorized\/alcatel-1t-10-2020\/"},"modified":"2021-10-04T09:56:44","modified_gmt":"2021-10-04T01:56:44","slug":"alcatel-1t-10-2020","status":"publish","type":"product","link":"https:\/\/www.alcatelmobile.com\/es\/product\/tablet\/alcatel-1-series\/alcatel-1t-10-2020\/","title":{"rendered":"Alcatel 1T 10 (2020)"},"content":{"rendered":"","protected":false},"excerpt":{"rendered":"<p>Disfruta de un entretenimiento m\u00e1s inteligente all\u00e1 donde est\u00e9s<\/p>\n","protected":false},"featured_media":29983,"template":"","meta":[],"_links":{"self":[{"href":"https:\/\/www.alcatelmobile.com\/es\/content\/wp-json\/wp\/v2\/product\/29987"}],"collection":[{"href":"https:\/\/www.alcatelmobile.com\/es\/content\/wp-json\/wp\/v2\/product"}],"about":[{"href":"https:\/\/www.alcatelmobile.com\/es\/content\/wp-json\/wp\/v2\/types\/product"}],"version-history":[{"count":4,"href":"https:\/\/www.alcatelmobile.com\/es\/content\/wp-json\/wp\/v2\/product\/29987\/revisions"}],"predecessor-version":[{"id":33533,"href":"https:\/\/www.alcatelmobile.com\/es\/content\/wp-json\/wp\/v2\/product\/29987\/revisions\/33533"}],"wp:featuredmedia":[{"embeddable":true,"href":"https:\/\/www.alcatelmobile.com\/es\/content\/wp-json\/wp\/v2\/media\/29983"}],"wp:attachment":[{"href":"https:\/\/www.alcatelmobile.com\/es\/content\/wp-json\/wp\/v2\/media?parent=29987"}],"curies":[{"name":"wp","href":"https:\/\/api.w.org\/{rel}","templated":true}]}}