{"id":284,"date":"2019-04-16T14:54:54","date_gmt":"2019-04-16T14:54:54","guid":{"rendered":"https:\/\/www.alcatelmobile.com\/?page_id=284"},"modified":"2019-12-10T21:49:42","modified_gmt":"2019-12-10T13:49:42","slug":"conditions-generales","status":"publish","type":"page","link":"https:\/\/www.alcatelmobile.com\/fr\/conditions-generales\/","title":{"rendered":"Conditions G\u00e9n\u00e9rales"},"content":{"rendered":"<p>Ces conditions g\u00e9n\u00e9rales r\u00e9gissent votre utilisation du site web www.alcatel-mobile.com (ci-apr\u00e8s \u00ab Site Web \u00bb). Ce Site Web est publi\u00e9 par TCT Mobile Europe SAS, ci-apr\u00e8s d\u00e9nomm\u00e9 \u00ab Alcatel \u00bb, enregistr\u00e9 \u00e0 l\u2019adresse suivante : immeuble Le Capitole, 55 avenue des Champs Pierreux, 92000 Nanterre, France. Veuillez lire attentivement le contenu de ces Conditions g\u00e9n\u00e9rales d\u2019utilisation et notre Politique de confidentialit\u00e9 (ci-apr\u00e8s \u00ab Conditions g\u00e9n\u00e9rales \u00bb). Ces Conditions g\u00e9n\u00e9rales constituent un accord entre vous et TCT Mobile Europe SAS. Elles sont susceptibles d\u2019\u00eatre modifi\u00e9es de temps en temps. Si vous n\u2019acceptez pas ces Conditions g\u00e9n\u00e9rales, n\u2019utilisez pas le Site Web. Si vous utilisez le Site Web, vous devez accepter ces Conditions g\u00e9n\u00e9rales. Certaines parties du contenu de ce Site Web peuvent ne pas convenir aux mineurs. En acc\u00e9dant \u00e0 ce Site Web, vous certifiez ne pas \u00eatre mineur et \u00eatre autoris\u00e9(e) par la loi du pays o\u00f9 vous est domicili\u00e9 \u00e0 acc\u00e9der \u00e0 ce Site Web.<\/p>\n<h2 style=\"font-size: 1em; font-style: normal; margin-top: 20px; margin-bottom: 10px; color: #00a0e3; line-height: 1.3em; text-transform: uppercase; font-family: Lato, Helvetica, Arial, sans-serif; text-rendering: optimizelegibility; text-align: center;\">PROPRI\u00c9T\u00c9 INTELLECTUELLE<\/h2>\n<p>Except\u00e9 les contenus g\u00e9n\u00e9r\u00e9s par les utilisateurs, le cas \u00e9ch\u00e9ant, le Site Web, y compris l\u2019ensemble des droits d\u2019auteur, des marques d\u00e9pos\u00e9es et les autres droits de propri\u00e9t\u00e9 intellectuelle \u00e0 cet \u00e9gard, appartiennent \u00e0 Alcatel ou \u00e0 un tiers. Vous n\u2019\u00eates pas autoris\u00e9(e) \u00e0 reproduire, distribuer, modifier ou cr\u00e9er des travaux d\u00e9riv\u00e9s de l\u2019affichage public (y compris par encadrement du contenu), ou \u00e0 exploiter commercialement une partie du Site Web, \u00e0 l\u2019exception de ce qui est n\u00e9cessaire pour afficher le contenu concern\u00e9 et cr\u00e9er un nombre raisonnable de copies de parties dudit contenu (sans le modifier) pour votre usage personnel, \u00e0 des fins non commerciales. Si vous estimez que le contenu de ce Site Web porte atteinte aux droits de propri\u00e9t\u00e9 intellectuelle de toute tierce partie, veuillez nous contacter imm\u00e9diatement. Nous prendrons les mesures n\u00e9cessaires d\u00e8s lors que vous nous aurez avertis, afin de mettre fin \u00e0 une telle infraction et de supprimer tout contenu illicite de notre Site Web. La marque Alcatel, le logo et l\u2019ensemble des autres marques, graphiques et logos utilis\u00e9s en rapport avec ce Site Web sont des marques commerciales ou des marques d\u00e9pos\u00e9es d\u2019Alcatel ou de ses conc\u00e9dants de licence. Les autres marques graphiques et logos utilis\u00e9s en rapport avec ce Site Web peuvent \u00eatre les marques d\u00e9pos\u00e9es de leurs propri\u00e9taires respectifs. Il ne vous est accord\u00e9 aucun droit ni licence sur les marques susmentionn\u00e9es, ni sur leur utilisation. En cas de violation des dispositions pr\u00e9cit\u00e9es, Alcatel se r\u00e9serve le droit de vous demander d\u2019arr\u00eater ou de rectifier imm\u00e9diatement cette utilisation illicite ou, si l\u2019utilisation illicite et\/ou l\u2019infraction perdurent, Alcatel se r\u00e9serve le droit de d\u00e9poser une plainte contre vous.<\/p>\n<h2 style=\"font-size: 1em; font-style: normal; margin-top: 20px; margin-bottom: 10px; color: #00a0e3; line-height: 1.3em; text-transform: uppercase; font-family: Lato, Helvetica, Arial, sans-serif; text-rendering: optimizelegibility; text-align: center;\">PROTECTION DES DONN\u00c9ES ET DE LA VIE PRIV\u00c9E<\/h2>\n<p>Toutes les donn\u00e9es que vous nous fournissez et \u00e0 partir desquelles Alcatel peut vous identifier sont conserv\u00e9es et trait\u00e9es conform\u00e9ment \u00e0 notre Politique de confidentialit\u00e9. Dans le cadre de votre utilisation du Site Web, vous \u00eates susceptible de devoir nous fournir votre adresse e-mail pour vous permettre de communiquer par la suite avec Alcatel. Avant de fournir votre adresse e-mail, veuillez consulter notre Politique de confidentialit\u00e9 afin de comprendre comment nous recueillons et utilisons vos informations personnelles lorsque vous vous connectez, visitez ou utilisez le Site Web. Vos informations personnelles seront recueillies, conserv\u00e9es et trait\u00e9es conform\u00e9ment \u00e0 notre Politique de confidentialit\u00e9, que vous devrez lire et accepter avant de fournir vos informations personnelles lorsque vous utiliserez ce Site Web.<\/p>\n<h2 style=\"font-size: 1em; font-style: normal; margin-top: 20px; margin-bottom: 10px; color: #00a0e3; line-height: 1.3em; text-transform: uppercase; font-family: Lato, Helvetica, Arial, sans-serif; text-rendering: optimizelegibility; text-align: center;\">EXCLUSION DE GARANTIE, RESTRICTION EN MATI\u00c8RE DE RESPONSABILIT\u00c9S<\/h2>\n<p>Le Site Web est fourni par Alcatel \u00ab en l\u2019\u00e9tat \u00bb. Dans les limites permises par la loi en vigueur, ni Alcatel, ni ses partenaires, fournisseurs ou soci\u00e9t\u00e9s affili\u00e9es ne donnent aucune garantie, quelle qu\u2019elle soit, expresse ou implicite, quant \u00e0 l\u2019exploitation du Site Web, de son contenu ou de toute information exprim\u00e9e dans ou via ce Site Web. En outre, Alcatel et ses partenaires renoncent \u00e0 toute garantie concernant le Site Web, expresse ou implicite, y compris, sans s\u2019y limiter, les garanties implicites de qualit\u00e9 marchande, de propri\u00e9t\u00e9, d\u2019aptitude \u00e0 un usage sp\u00e9cifique et d\u2019absence d\u2019infraction. Par ailleurs, Alcatel ne garantit pas que l\u2019utilisation de ce Site Web sera ininterrompue, disponible \u00e0 tout moment ou depuis n\u2019importe quel emplacement g\u00e9ographique, s\u00fbre ou d\u00e9pourvue d\u2019erreur, que les d\u00e9fauts seront corrig\u00e9s ou que ce Site Web est exempt de virus ou d\u2019autres \u00e9l\u00e9ments nocifs. Vous \u00eates responsable de la sauvegarde de votre propre syst\u00e8me. Alcatel ne fait aucune autre promesse ni garantie concernant le Site Web et en particulier ne garantit pas et ne pourra \u00eatre tenu pour responsable en cas de r\u00e9clamations r\u00e9sultant de la d\u00e9cision prise par Alcatel de supprimer ou de refuser de traiter une information ou un contenu, de vous avertir, de suspendre ou de supprimer votre acc\u00e8s au Site Web, ou de prendre toute autre mesure durant l\u2019enqu\u00eate d\u2019une infraction suspect\u00e9e ou d\u00e9coulant de la conclusion d\u2019Alcatel qu\u2019une infraction de ces Conditions g\u00e9n\u00e9rales a \u00e9t\u00e9 commise, ou si elle implique une perte de revenus, d\u2019affaires ou de profits, ou toute perte de donn\u00e9es ou corruption de donn\u00e9es dans le cadre de votre utilisation de l\u2019Application ou du Site Web. En aucun cas Alcatel ne pourra \u00eatre tenu pour responsable de la description, y compris la responsabilit\u00e9 pour n\u00e9gligence (sauf en cas de l\u00e9sions corporelles ou de d\u00e9c\u00e8s), pour tout dommage ou perte, quels qu\u2019ils soient (y compris, sans s\u2019y limiter, la perte d\u2019affaires, de revenus, de profits ou cons\u00e9cutives) r\u00e9sultant de l\u2019utilisation ou de votre incapacit\u00e9 \u00e0 utiliser les sites Web. Si vous transgressez ces Conditions g\u00e9n\u00e9rales, vous \u00eates responsable envers Alcatel, ses administrateurs, ses dirigeants, ses employ\u00e9s, ses soci\u00e9t\u00e9s affili\u00e9es, ses agents, ses prestataires et ses conc\u00e9dants de licence en cas de r\u00e9clamation cons\u00e9cutive \u00e0 votre infraction. Vous serez \u00e9galement tenus pour responsable pour toute mesure prise par Alcatel dans le cadre de son enqu\u00eate concernant une infraction suspect\u00e9e de ces Conditions g\u00e9n\u00e9rales, ou r\u00e9sultant de ses conclusions ou sa d\u00e9cision qu\u2019une infraction de ces Conditions g\u00e9n\u00e9rales a \u00e9t\u00e9 commise.<\/p>\n<h2 style=\"font-size: 1em; font-style: normal; margin-top: 20px; margin-bottom: 10px; color: #00a0e3; line-height: 1.3em; text-transform: uppercase; font-family: Lato, Helvetica, Arial, sans-serif; text-rendering: optimizelegibility; text-align: center;\">LIENS VERS DES SITES TIERS<\/h2>\n<p>Le Site Web est \u00e9galement susceptible de contenir des liens vers d\u2019autres sites Web, lesquels ne sont pas sous le contr\u00f4le ou la maintenance d\u2019Alcatel. Alcatel d\u00e9cline toute responsabilit\u00e9 quant au contenu de ces sites. Alcatel fournit ces liens uniquement pour votre commodit\u00e9 et n\u2019approuve pas n\u00e9cessairement le contenu de ces sites. Votre utilisation de ces sites Web tiers cr\u00e9e une relation directe entre vous et lesdites tierces parties. Il rel\u00e8ve donc de votre responsabilit\u00e9 de lire et respecter les politiques de confidentialit\u00e9 de ces tierces parties et leurs conditions g\u00e9n\u00e9rales, lesquelles s\u2019appliquent \u00e0 leurs sites Web. Toutes les r\u00e9clamations concernant de tels sites Web tiers ou le contenu pr\u00e9sent sur ces sites Web doivent \u00eatre soumises aux tierces parties concern\u00e9es.<\/p>\n<h2 style=\"font-size: 1em; font-style: normal; margin-top: 20px; margin-bottom: 10px; color: #00a0e3; line-height: 1.3em; text-transform: uppercase; font-family: Lato, Helvetica, Arial, sans-serif; text-rendering: optimizelegibility; text-align: center;\">MODIFICATIONS<\/h2>\n<p>Alcatel se r\u00e9serve le droit de modifier ces Conditions g\u00e9n\u00e9rales \u00e0 tout moment. De telles modifications, ainsi que les conditions g\u00e9n\u00e9rales suppl\u00e9mentaires, seront communiqu\u00e9es et, si elles sont accept\u00e9es, seront effectives et int\u00e9gr\u00e9es imm\u00e9diatement \u00e0 ces Conditions g\u00e9n\u00e9rales. Si vous refusez d\u2019accepter de telles modifications, votre acc\u00e8s au Site Web et \u00e0 l\u2019Application sera imm\u00e9diatement supprim\u00e9. Si vous continuez d\u2019utiliser le Site Web et l\u2019Application malgr\u00e9 votre refus d\u2019accepter les Conditions g\u00e9n\u00e9rales, ou toute modification apport\u00e9e \u00e0 celles-ci, Alcatel ne pourra pas \u00eatre tenu pour responsable de tout dommage r\u00e9sultant de cette utilisation.<\/p>\n<h2 style=\"font-size: 1em; font-style: normal; margin-top: 20px; margin-bottom: 10px; color: #00a0e3; line-height: 1.3em; text-transform: uppercase; font-family: Lato, Helvetica, Arial, sans-serif; text-rendering: optimizelegibility; text-align: center;\">LOI APPLICABLE ET JURIDICTION<\/h2>\n<p>Ce Site Web est contr\u00f4l\u00e9 et exploit\u00e9 par les bureaux d\u2019Alcatel, \u00e9tablis en France. En acc\u00e9dant \u00e0 ce Site Web, vous acceptez que la l\u00e9gislation fran\u00e7aise r\u00e9gisse les questions relatives \u00e0 l\u2019utilisation de ce Site Web, sans \u00e9gard au principe de conflit des lois dans la mesure o\u00f9 elles ne sont pas contraires au droit en vigueur et aux r\u00e8gles d&#8217;ordre public, auquel cas, ce droit ou r\u00e8gles pr\u00e9vaudraient. En cas de diff\u00e9rend ou de d\u00e9saccord entre Alcatel et vous, \u00e9manant de ou en lien avec l\u2019utilisation de ce Site Web, les parties devront essayer de r\u00e9soudre ce litige rapidement et en toute bonne foi. Si vous \u00eates dans l\u2019incapacit\u00e9 de r\u00e9soudre ce litige dans un d\u00e9lai raisonnable, (inf\u00e9rieur \u00e0 trente [30] jours), ledit diff\u00e9rend ou litige pourra alors \u00eatre soumis aux tribunaux comp\u00e9tents de France.<\/p>\n<h2 style=\"font-size: 1em; font-style: normal; margin-top: 20px; margin-bottom: 10px; color: #00a0e3; line-height: 1.3em; text-transform: uppercase; font-family: Lato, Helvetica, Arial, sans-serif; text-rendering: optimizelegibility; text-align: center;\">DIVERS<\/h2>\n<p>Si l\u2019une ou l\u2019autre disposition des pr\u00e9sentes Conditions g\u00e9n\u00e9rales \u00e9tait consid\u00e9r\u00e9e comme nulle ou inapplicable par une cour de justice ou un autre tribunal de la juridiction comp\u00e9tente, ladite disposition devra \u00eatre limit\u00e9e ou supprim\u00e9e, dans la mesure minimale n\u00e9cessaire, et remplac\u00e9e par une disposition valable qui exprime mieux l\u2019intention de ces Conditions g\u00e9n\u00e9rales de fa\u00e7on \u00e0 ce qu\u2019elles restent pleinement applicables. Ces Conditions g\u00e9n\u00e9rales constituent la totalit\u00e9 de l\u2019accord entre vous et Alcatel concernant votre utilisation du Site Web, et tous les autres accords ou ententes ant\u00e9rieurs, qu\u2019ils soient \u00e9crits ou oraux, entre vous et Alcatel dans le cadre d\u2019une telle utilisation seront remplac\u00e9s et annul\u00e9s par les pr\u00e9sentes.<\/p>\n<p>&nbsp;<\/p>\n","protected":false},"excerpt":{"rendered":"<p>Ces conditions g\u00e9n\u00e9rales r\u00e9gissent votre utilisation du site web www.alcatel-mobile.com (ci-apr\u00e8s \u00ab Site Web \u00bb). Ce Site Web est publi\u00e9 par TCT Mobile Europe SAS, ci-apr\u00e8s d\u00e9nomm\u00e9 \u00ab Alcatel \u00bb, enregistr\u00e9 \u00e0 l\u2019adresse suivante : immeuble Le Capitole, 55 avenue des Champs Pierreux, 92000 Nanterre, France. Veuillez lire attentivement le contenu de ces Conditions g\u00e9n\u00e9rales &hellip;<\/p>\n<p class=\"read-more\"> <a class=\"\" href=\"https:\/\/www.alcatelmobile.com\/fr\/conditions-generales\/\"> <span class=\"screen-reader-text\">Conditions G\u00e9n\u00e9rales<\/span> Read More &raquo;<\/a><\/p>\n","protected":false},"author":1,"featured_media":0,"parent":0,"menu_order":0,"comment_status":"closed","ping_status":"closed","template":"","meta":[],"_links":{"self":[{"href":"https:\/\/www.alcatelmobile.com\/fr\/content\/wp-json\/wp\/v2\/pages\/284"}],"collection":[{"href":"https:\/\/www.alcatelmobile.com\/fr\/content\/wp-json\/wp\/v2\/pages"}],"about":[{"href":"https:\/\/www.alcatelmobile.com\/fr\/content\/wp-json\/wp\/v2\/types\/page"}],"author":[{"embeddable":true,"href":"https:\/\/www.alcatelmobile.com\/fr\/content\/wp-json\/wp\/v2\/users\/1"}],"replies":[{"embeddable":true,"href":"https:\/\/www.alcatelmobile.com\/fr\/content\/wp-json\/wp\/v2\/comments?post=284"}],"version-history":[{"count":14,"href":"https:\/\/www.alcatelmobile.com\/fr\/content\/wp-json\/wp\/v2\/pages\/284\/revisions"}],"predecessor-version":[{"id":27987,"href":"https:\/\/www.alcatelmobile.com\/fr\/content\/wp-json\/wp\/v2\/pages\/284\/revisions\/27987"}],"wp:attachment":[{"href":"https:\/\/www.alcatelmobile.com\/fr\/content\/wp-json\/wp\/v2\/media?parent=284"}],"curies":[{"name":"wp","href":"https:\/\/api.w.org\/{rel}","templated":true}]}}