{"id":13480,"date":"2019-07-01T14:01:30","date_gmt":"2019-07-01T06:01:30","guid":{"rendered":"https:\/\/www.alcatelmobile.com\/?post_type=product&#038;p=13480"},"modified":"2019-12-09T16:45:53","modified_gmt":"2019-12-09T08:45:53","slug":"a3","status":"publish","type":"product","link":"https:\/\/www.alcatelmobile.com\/fr\/product\/smartphone\/alcatel-a-series\/a3\/","title":{"rendered":"A3"},"content":{"rendered":"","protected":false},"excerpt":{"rendered":"<p>La protection de la vie priv\u00e9e avec le capteur d&#8217;empreinte digitale. <br \/>\nD\u00e9sormais \u00e0 la port\u00e9e de tous<\/p>\n","protected":false},"featured_media":13776,"template":"","meta":[],"_links":{"self":[{"href":"https:\/\/www.alcatelmobile.com\/fr\/content\/wp-json\/wp\/v2\/product\/13480"}],"collection":[{"href":"https:\/\/www.alcatelmobile.com\/fr\/content\/wp-json\/wp\/v2\/product"}],"about":[{"href":"https:\/\/www.alcatelmobile.com\/fr\/content\/wp-json\/wp\/v2\/types\/product"}],"version-history":[{"count":6,"href":"https:\/\/www.alcatelmobile.com\/fr\/content\/wp-json\/wp\/v2\/product\/13480\/revisions"}],"predecessor-version":[{"id":27857,"href":"https:\/\/www.alcatelmobile.com\/fr\/content\/wp-json\/wp\/v2\/product\/13480\/revisions\/27857"}],"wp:featuredmedia":[{"embeddable":true,"href":"https:\/\/www.alcatelmobile.com\/fr\/content\/wp-json\/wp\/v2\/media\/13776"}],"wp:attachment":[{"href":"https:\/\/www.alcatelmobile.com\/fr\/content\/wp-json\/wp\/v2\/media?parent=13480"}],"curies":[{"name":"wp","href":"https:\/\/api.w.org\/{rel}","templated":true}]}}