{"id":19555,"date":"2019-07-03T13:37:18","date_gmt":"2019-07-03T05:37:18","guid":{"rendered":"https:\/\/www.alcatelmobile.com\/?post_type=product&#038;p=19555"},"modified":"2020-12-04T17:46:59","modified_gmt":"2020-12-04T09:46:59","slug":"alcatel-1066g","status":"publish","type":"product","link":"https:\/\/www.alcatelmobile.com\/fr\/product\/feature-phone\/all-feature-phones\/alcatel-1066g\/","title":{"rendered":"Alcatel 1066G"},"content":{"rendered":"","protected":false},"excerpt":{"rendered":"<p>Le meilleur t\u00e9l\u00e9phone mobile, abordable, au design moderne et dot\u00e9 d&#8217;un appareil photo<\/p>\n","protected":false},"featured_media":27911,"template":"","meta":[],"_links":{"self":[{"href":"https:\/\/www.alcatelmobile.com\/fr\/content\/wp-json\/wp\/v2\/product\/19555"}],"collection":[{"href":"https:\/\/www.alcatelmobile.com\/fr\/content\/wp-json\/wp\/v2\/product"}],"about":[{"href":"https:\/\/www.alcatelmobile.com\/fr\/content\/wp-json\/wp\/v2\/types\/product"}],"version-history":[{"count":7,"href":"https:\/\/www.alcatelmobile.com\/fr\/content\/wp-json\/wp\/v2\/product\/19555\/revisions"}],"predecessor-version":[{"id":28735,"href":"https:\/\/www.alcatelmobile.com\/fr\/content\/wp-json\/wp\/v2\/product\/19555\/revisions\/28735"}],"wp:featuredmedia":[{"embeddable":true,"href":"https:\/\/www.alcatelmobile.com\/fr\/content\/wp-json\/wp\/v2\/media\/27911"}],"wp:attachment":[{"href":"https:\/\/www.alcatelmobile.com\/fr\/content\/wp-json\/wp\/v2\/media?parent=19555"}],"curies":[{"name":"wp","href":"https:\/\/api.w.org\/{rel}","templated":true}]}}