{"id":25798,"date":"2019-07-09T09:55:09","date_gmt":"2019-07-09T01:55:09","guid":{"rendered":"https:\/\/www.alcatelmobile.com\/?post_type=product&#038;p=25798"},"modified":"2020-01-08T10:54:29","modified_gmt":"2020-01-08T02:54:29","slug":"alcatel-3c","status":"publish","type":"product","link":"https:\/\/www.alcatelmobile.com\/fr\/product\/smartphone\/alcatel3\/alcatel-3c\/","title":{"rendered":"Alcatel 3C"},"content":{"rendered":"","protected":false},"excerpt":{"rendered":"<p>Votre univers \u00e0 port\u00e9e de main avec un \u00e9cran Alcatel FullView 18:9 de 6 pouces<\/p>\n","protected":false},"featured_media":28142,"template":"","meta":[],"_links":{"self":[{"href":"https:\/\/www.alcatelmobile.com\/fr\/content\/wp-json\/wp\/v2\/product\/25798"}],"collection":[{"href":"https:\/\/www.alcatelmobile.com\/fr\/content\/wp-json\/wp\/v2\/product"}],"about":[{"href":"https:\/\/www.alcatelmobile.com\/fr\/content\/wp-json\/wp\/v2\/types\/product"}],"version-history":[{"count":12,"href":"https:\/\/www.alcatelmobile.com\/fr\/content\/wp-json\/wp\/v2\/product\/25798\/revisions"}],"predecessor-version":[{"id":28251,"href":"https:\/\/www.alcatelmobile.com\/fr\/content\/wp-json\/wp\/v2\/product\/25798\/revisions\/28251"}],"wp:featuredmedia":[{"embeddable":true,"href":"https:\/\/www.alcatelmobile.com\/fr\/content\/wp-json\/wp\/v2\/media\/28142"}],"wp:attachment":[{"href":"https:\/\/www.alcatelmobile.com\/fr\/content\/wp-json\/wp\/v2\/media?parent=25798"}],"curies":[{"name":"wp","href":"https:\/\/api.w.org\/{rel}","templated":true}]}}