{"id":27871,"date":"2019-12-09T17:52:54","date_gmt":"2019-12-09T09:52:54","guid":{"rendered":"https:\/\/www.alcatelmobile.com\/fr\/?post_type=product&#038;p=27871"},"modified":"2019-12-09T18:06:11","modified_gmt":"2019-12-09T10:06:11","slug":"idol-5","status":"publish","type":"product","link":"https:\/\/www.alcatelmobile.com\/fr\/product\/smartphone\/alcatel_idol\/idol-5\/","title":{"rendered":"IDOL 5"},"content":{"rendered":"","protected":false},"excerpt":{"rendered":"<p>Appareil photo sensationnel dans un \u00e9l\u00e9gant bo\u00eetier en verre et en m\u00e9tal<\/p>\n","protected":false},"featured_media":13776,"template":"","meta":[],"_links":{"self":[{"href":"https:\/\/www.alcatelmobile.com\/fr\/content\/wp-json\/wp\/v2\/product\/27871"}],"collection":[{"href":"https:\/\/www.alcatelmobile.com\/fr\/content\/wp-json\/wp\/v2\/product"}],"about":[{"href":"https:\/\/www.alcatelmobile.com\/fr\/content\/wp-json\/wp\/v2\/types\/product"}],"version-history":[{"count":1,"href":"https:\/\/www.alcatelmobile.com\/fr\/content\/wp-json\/wp\/v2\/product\/27871\/revisions"}],"predecessor-version":[{"id":27872,"href":"https:\/\/www.alcatelmobile.com\/fr\/content\/wp-json\/wp\/v2\/product\/27871\/revisions\/27872"}],"wp:featuredmedia":[{"embeddable":true,"href":"https:\/\/www.alcatelmobile.com\/fr\/content\/wp-json\/wp\/v2\/media\/13776"}],"wp:attachment":[{"href":"https:\/\/www.alcatelmobile.com\/fr\/content\/wp-json\/wp\/v2\/media?parent=27871"}],"curies":[{"name":"wp","href":"https:\/\/api.w.org\/{rel}","templated":true}]}}