{"id":27907,"date":"2019-12-10T15:05:40","date_gmt":"2019-12-10T07:05:40","guid":{"rendered":"https:\/\/www.alcatelmobile.com\/fr\/?post_type=product&#038;p=27907"},"modified":"2019-12-26T10:18:21","modified_gmt":"2019-12-26T02:18:21","slug":"alcatel-3026","status":"publish","type":"product","link":"https:\/\/www.alcatelmobile.com\/fr\/product\/feature-phone\/all-feature-phones\/alcatel-3026\/","title":{"rendered":"Alcatel 3026"},"content":{"rendered":"","protected":false},"excerpt":{"rendered":"<p>Restez connect\u00e9 et en s\u00e9curit\u00e9<\/p>\n","protected":false},"featured_media":28073,"template":"","meta":[],"_links":{"self":[{"href":"https:\/\/www.alcatelmobile.com\/fr\/content\/wp-json\/wp\/v2\/product\/27907"}],"collection":[{"href":"https:\/\/www.alcatelmobile.com\/fr\/content\/wp-json\/wp\/v2\/product"}],"about":[{"href":"https:\/\/www.alcatelmobile.com\/fr\/content\/wp-json\/wp\/v2\/types\/product"}],"version-history":[{"count":5,"href":"https:\/\/www.alcatelmobile.com\/fr\/content\/wp-json\/wp\/v2\/product\/27907\/revisions"}],"predecessor-version":[{"id":28231,"href":"https:\/\/www.alcatelmobile.com\/fr\/content\/wp-json\/wp\/v2\/product\/27907\/revisions\/28231"}],"wp:featuredmedia":[{"embeddable":true,"href":"https:\/\/www.alcatelmobile.com\/fr\/content\/wp-json\/wp\/v2\/media\/28073"}],"wp:attachment":[{"href":"https:\/\/www.alcatelmobile.com\/fr\/content\/wp-json\/wp\/v2\/media?parent=27907"}],"curies":[{"name":"wp","href":"https:\/\/api.w.org\/{rel}","templated":true}]}}