{"id":27921,"date":"2019-12-10T16:55:42","date_gmt":"2019-12-10T08:55:42","guid":{"rendered":"https:\/\/www.alcatelmobile.com\/fr\/?post_type=product&#038;p=27921"},"modified":"2019-12-26T10:24:59","modified_gmt":"2019-12-26T02:24:59","slug":"alcatel-2053","status":"publish","type":"product","link":"https:\/\/www.alcatelmobile.com\/fr\/product\/feature-phone\/all-feature-phones\/alcatel-2053\/","title":{"rendered":"Alcatel 2053"},"content":{"rendered":"","protected":false},"excerpt":{"rendered":"<p>\u00c9l\u00e9gant t\u00e9l\u00e9phone \u00e0 clapet avec grand \u00e9cran 2,4&#8221; et grande batterie<\/p>\n","protected":false},"featured_media":28235,"template":"","meta":[],"_links":{"self":[{"href":"https:\/\/www.alcatelmobile.com\/fr\/content\/wp-json\/wp\/v2\/product\/27921"}],"collection":[{"href":"https:\/\/www.alcatelmobile.com\/fr\/content\/wp-json\/wp\/v2\/product"}],"about":[{"href":"https:\/\/www.alcatelmobile.com\/fr\/content\/wp-json\/wp\/v2\/types\/product"}],"version-history":[{"count":5,"href":"https:\/\/www.alcatelmobile.com\/fr\/content\/wp-json\/wp\/v2\/product\/27921\/revisions"}],"predecessor-version":[{"id":28236,"href":"https:\/\/www.alcatelmobile.com\/fr\/content\/wp-json\/wp\/v2\/product\/27921\/revisions\/28236"}],"wp:featuredmedia":[{"embeddable":true,"href":"https:\/\/www.alcatelmobile.com\/fr\/content\/wp-json\/wp\/v2\/media\/28235"}],"wp:attachment":[{"href":"https:\/\/www.alcatelmobile.com\/fr\/content\/wp-json\/wp\/v2\/media?parent=27921"}],"curies":[{"name":"wp","href":"https:\/\/api.w.org\/{rel}","templated":true}]}}