{"id":27925,"date":"2019-12-10T16:59:57","date_gmt":"2019-12-10T08:59:57","guid":{"rendered":"https:\/\/www.alcatelmobile.com\/fr\/?post_type=product&#038;p=27925"},"modified":"2019-12-26T10:25:23","modified_gmt":"2019-12-26T02:25:23","slug":"alcatel-3025","status":"publish","type":"product","link":"https:\/\/www.alcatelmobile.com\/fr\/product\/feature-phone\/all-feature-phones\/alcatel-3025\/","title":{"rendered":"Alcatel 3025"},"content":{"rendered":"","protected":false},"excerpt":{"rendered":"<p>\u00c9l\u00e9gant t\u00e9l\u00e9phone \u00e0 clapet 3G avec grand \u00e9cran 2,8&#8221;<\/p>\n","protected":false},"featured_media":28079,"template":"","meta":[],"_links":{"self":[{"href":"https:\/\/www.alcatelmobile.com\/fr\/content\/wp-json\/wp\/v2\/product\/27925"}],"collection":[{"href":"https:\/\/www.alcatelmobile.com\/fr\/content\/wp-json\/wp\/v2\/product"}],"about":[{"href":"https:\/\/www.alcatelmobile.com\/fr\/content\/wp-json\/wp\/v2\/types\/product"}],"version-history":[{"count":4,"href":"https:\/\/www.alcatelmobile.com\/fr\/content\/wp-json\/wp\/v2\/product\/27925\/revisions"}],"predecessor-version":[{"id":28237,"href":"https:\/\/www.alcatelmobile.com\/fr\/content\/wp-json\/wp\/v2\/product\/27925\/revisions\/28237"}],"wp:featuredmedia":[{"embeddable":true,"href":"https:\/\/www.alcatelmobile.com\/fr\/content\/wp-json\/wp\/v2\/media\/28079"}],"wp:attachment":[{"href":"https:\/\/www.alcatelmobile.com\/fr\/content\/wp-json\/wp\/v2\/media?parent=27925"}],"curies":[{"name":"wp","href":"https:\/\/api.w.org\/{rel}","templated":true}]}}