{"id":27943,"date":"2019-12-10T17:55:27","date_gmt":"2019-12-10T09:55:27","guid":{"rendered":"https:\/\/www.alcatelmobile.com\/fr\/?post_type=product&#038;p=27943"},"modified":"2019-12-10T17:56:55","modified_gmt":"2019-12-10T09:56:55","slug":"pixi-3-10","status":"publish","type":"product","link":"https:\/\/www.alcatelmobile.com\/fr\/product\/tablet\/alcatel-pixi-t-series\/pixi-3-10\/","title":{"rendered":"PIXI 3 (10)"},"content":{"rendered":"","protected":false},"excerpt":{"rendered":"<p>DOT\u00c9E DE FONCTIONS PRATIQUES, TOUT EN \u00c9TANT TR\u00c8S PORTATIVE<\/p>\n","protected":false},"featured_media":13721,"template":"","meta":[],"_links":{"self":[{"href":"https:\/\/www.alcatelmobile.com\/fr\/content\/wp-json\/wp\/v2\/product\/27943"}],"collection":[{"href":"https:\/\/www.alcatelmobile.com\/fr\/content\/wp-json\/wp\/v2\/product"}],"about":[{"href":"https:\/\/www.alcatelmobile.com\/fr\/content\/wp-json\/wp\/v2\/types\/product"}],"version-history":[{"count":1,"href":"https:\/\/www.alcatelmobile.com\/fr\/content\/wp-json\/wp\/v2\/product\/27943\/revisions"}],"predecessor-version":[{"id":27944,"href":"https:\/\/www.alcatelmobile.com\/fr\/content\/wp-json\/wp\/v2\/product\/27943\/revisions\/27944"}],"wp:featuredmedia":[{"embeddable":true,"href":"https:\/\/www.alcatelmobile.com\/fr\/content\/wp-json\/wp\/v2\/media\/13721"}],"wp:attachment":[{"href":"https:\/\/www.alcatelmobile.com\/fr\/content\/wp-json\/wp\/v2\/media?parent=27943"}],"curies":[{"name":"wp","href":"https:\/\/api.w.org\/{rel}","templated":true}]}}