{"id":28426,"date":"2020-06-29T11:35:26","date_gmt":"2020-06-29T03:35:26","guid":{"rendered":"https:\/\/www.alcatelmobile.com\/fr\/product\/uncategorized\/alcatel-3x-2020\/"},"modified":"2020-06-29T16:36:59","modified_gmt":"2020-06-29T08:36:59","slug":"alcatel-3x-2020","status":"publish","type":"product","link":"https:\/\/www.alcatelmobile.com\/fr\/product\/smartphone\/alcatel3\/alcatel-3x-2020\/","title":{"rendered":"Alcatel 3X (2020)"},"content":{"rendered":"","protected":false},"excerpt":{"rendered":"<p>R\u00e9volutionnez votre vie avec un quadruple appareil photo \u00e0 IA ultime et un grand \u00e9cran<\/p>\n","protected":false},"featured_media":28398,"template":"","meta":[],"_links":{"self":[{"href":"https:\/\/www.alcatelmobile.com\/fr\/content\/wp-json\/wp\/v2\/product\/28426"}],"collection":[{"href":"https:\/\/www.alcatelmobile.com\/fr\/content\/wp-json\/wp\/v2\/product"}],"about":[{"href":"https:\/\/www.alcatelmobile.com\/fr\/content\/wp-json\/wp\/v2\/types\/product"}],"version-history":[{"count":3,"href":"https:\/\/www.alcatelmobile.com\/fr\/content\/wp-json\/wp\/v2\/product\/28426\/revisions"}],"predecessor-version":[{"id":28429,"href":"https:\/\/www.alcatelmobile.com\/fr\/content\/wp-json\/wp\/v2\/product\/28426\/revisions\/28429"}],"wp:featuredmedia":[{"embeddable":true,"href":"https:\/\/www.alcatelmobile.com\/fr\/content\/wp-json\/wp\/v2\/media\/28398"}],"wp:attachment":[{"href":"https:\/\/www.alcatelmobile.com\/fr\/content\/wp-json\/wp\/v2\/media?parent=28426"}],"curies":[{"name":"wp","href":"https:\/\/api.w.org\/{rel}","templated":true}]}}