{"id":31324,"date":"2022-01-25T18:27:18","date_gmt":"2022-01-25T10:27:18","guid":{"rendered":"https:\/\/www.alcatelmobile.com\/fr\/?post_type=product&#038;p=31324"},"modified":"2022-06-15T18:12:48","modified_gmt":"2022-06-15T10:12:48","slug":"alcatel-1b-2022","status":"publish","type":"product","link":"https:\/\/www.alcatelmobile.com\/fr\/product\/smartphone\/alcatel1\/alcatel-1b-2022\/","title":{"rendered":"Alcatel 1B (2022)"},"content":{"rendered":"","protected":false},"excerpt":{"rendered":"<p>R\u00e9volutionnez votre vie avec un quadruple appareil photo \u00e0 IA ultime et un grand \u00e9cran<\/p>\n","protected":false},"featured_media":28398,"template":"","meta":[],"_links":{"self":[{"href":"https:\/\/www.alcatelmobile.com\/fr\/content\/wp-json\/wp\/v2\/product\/31324"}],"collection":[{"href":"https:\/\/www.alcatelmobile.com\/fr\/content\/wp-json\/wp\/v2\/product"}],"about":[{"href":"https:\/\/www.alcatelmobile.com\/fr\/content\/wp-json\/wp\/v2\/types\/product"}],"version-history":[{"count":7,"href":"https:\/\/www.alcatelmobile.com\/fr\/content\/wp-json\/wp\/v2\/product\/31324\/revisions"}],"predecessor-version":[{"id":31783,"href":"https:\/\/www.alcatelmobile.com\/fr\/content\/wp-json\/wp\/v2\/product\/31324\/revisions\/31783"}],"wp:featuredmedia":[{"embeddable":true,"href":"https:\/\/www.alcatelmobile.com\/fr\/content\/wp-json\/wp\/v2\/media\/28398"}],"wp:attachment":[{"href":"https:\/\/www.alcatelmobile.com\/fr\/content\/wp-json\/wp\/v2\/media?parent=31324"}],"curies":[{"name":"wp","href":"https:\/\/api.w.org\/{rel}","templated":true}]}}