{"id":26275,"date":"2019-07-11T10:58:53","date_gmt":"2019-07-11T02:58:53","guid":{"rendered":"https:\/\/www.alcatelmobile.com\/?page_id=26275"},"modified":"2021-07-07T14:54:03","modified_gmt":"2021-07-07T06:54:03","slug":"cookie-policy","status":"publish","type":"page","link":"https:\/\/www.alcatelmobile.com\/hu\/cookie-policy\/","title":{"rendered":"S\u00fctihaszn\u00e1lati ir\u00e1nyelvek"},"content":{"rendered":"\t\t<div data-elementor-type=\"post\" data-elementor-id=\"26275\" class=\"elementor elementor-26275\" data-elementor-settings=\"[]\">\n\t\t\t<div class=\"elementor-inner\">\n\t\t\t\t<div class=\"elementor-section-wrap\">\n\t\t\t\t\t\t\t<section class=\"elementor-element elementor-element-4862f035 mi-no-height elementor-section-boxed elementor-section-height-default elementor-section-height-default elementor-section elementor-top-section\" data-id=\"4862f035\" data-element_type=\"section\">\n\t\t\t\t\t\t<div class=\"elementor-container elementor-column-gap-no\">\n\t\t\t\t<div class=\"elementor-row\">\n\t\t\t\t<div class=\"elementor-element elementor-element-7a0bfd04 elementor-column elementor-col-100 elementor-top-column\" data-id=\"7a0bfd04\" data-element_type=\"column\">\n\t\t\t<div class=\"elementor-column-wrap  elementor-element-populated\">\n\t\t\t\t\t<div class=\"elementor-widget-wrap\">\n\t\t\t\t<div class=\"elementor-element elementor-element-6765cc07 elementor-widget elementor-widget-html\" data-id=\"6765cc07\" data-element_type=\"widget\" data-widget_type=\"html.default\">\n\t\t\t\t<div class=\"elementor-widget-container\">\n\t\t\t<div id=\"mi-alternative-menu-bottom-border-color\" data-alt-class=\"mi-dark-bottom-border\"><\/div>\t\t<\/div>\n\t\t\t\t<\/div>\n\t\t\t\t\t\t<\/div>\n\t\t\t<\/div>\n\t\t<\/div>\n\t\t\t\t\t\t<\/div>\n\t\t\t<\/div>\n\t\t<\/section>\n\t\t\t\t<section class=\"elementor-element elementor-element-1deda77d elementor-section-boxed elementor-section-height-default elementor-section-height-default elementor-section elementor-top-section\" data-id=\"1deda77d\" data-element_type=\"section\">\n\t\t\t\t\t\t<div class=\"elementor-container elementor-column-gap-no\">\n\t\t\t\t<div class=\"elementor-row\">\n\t\t\t\t<div class=\"elementor-element elementor-element-16052129 elementor-column elementor-col-100 elementor-top-column\" data-id=\"16052129\" data-element_type=\"column\">\n\t\t\t<div class=\"elementor-column-wrap  elementor-element-populated\">\n\t\t\t\t\t<div class=\"elementor-widget-wrap\">\n\t\t\t\t<div class=\"elementor-element elementor-element-133c6fc4 elementor-widget elementor-widget-theme-post-title elementor-page-title elementor-widget-heading\" data-id=\"133c6fc4\" data-element_type=\"widget\" data-widget_type=\"theme-post-title.default\">\n\t\t\t\t<div class=\"elementor-widget-container\">\n\t\t\t<h1 class=\"elementor-heading-title elementor-size-default\">S\u00fctihaszn\u00e1lati ir\u00e1nyelvek<\/h1>\t\t<\/div>\n\t\t\t\t<\/div>\n\t\t\t\t<div class=\"elementor-element elementor-element-75a7ef72 mi-general-text mi-hyperlink-blue elementor-widget elementor-widget-text-editor\" data-id=\"75a7ef72\" data-element_type=\"widget\" data-widget_type=\"text-editor.default\">\n\t\t\t\t<div class=\"elementor-widget-container\">\n\t\t\t\t\t<div class=\"elementor-text-editor elementor-clearfix\"><p>\u201eS\u00fctiket\u201d \u00e9s hasonl\u00f3 webes technol\u00f3gi\u00e1kat haszn\u00e1lunk, bele\u00e9rtve a pixeltageket \u00e9s a webjelz\u0151ket (\u201eAutomatiz\u00e1lt gy\u0171jt\u0151eszk\u00f6z\u00f6k\u201d), hogy t\u00e1mogassuk az Alcatel-fi\u00f3k \u00e9s m\u00e1s, \u00e1ltalunk m\u0171k\u00f6dtetett weboldalak \u00e9s alkalmaz\u00e1sok bizonyos funkci\u00f3it. Az automatiz\u00e1lt eszk\u00f6z\u00f6k az \u00d6n k\u00e9sz\u00fcl\u00e9k\u00e9n elhelyezett k\u00f3dszeletek. Az automatiz\u00e1lt gy\u0171jt\u0151eszk\u00f6z\u00f6k lehet\u0151v\u00e9 teszik a weboldal sz\u00e1m\u00e1ra, hogy az Alcatel weboldal\u00e1nak\/alkalmaz\u00e1s\u00e1nak haszn\u00e1latakor vagy az Alcatel weboldal\u00e1ra\/alkalmaz\u00e1s\u00e1ba t\u00f6rt\u00e9n\u0151 visszat\u00e9r\u00e9skor felismerj\u00e9k az \u00d6n b\u00f6ng\u00e9sz\u0151j\u00e9t vagy k\u00e9sz\u00fcl\u00e9k\u00e9t. A k\u00f6vetkez\u0151 t\u00edpus\u00fa automatiz\u00e1lt eszk\u00f6z\u00f6ket haszn\u00e1ljuk:<\/p>\n<ol>\n<li><u> kateg\u00f3ria \u2013 felt\u00e9tlen\u00fcl sz\u00fcks\u00e9ges eszk\u00f6z\u00f6k:<\/u><\/li>\n<\/ol>\n<p>Sz\u00e1mos olyan automatiz\u00e1lt gy\u0171jt\u0151eszk\u00f6zt haszn\u00e1lunk, amelyek elengedhetetlenek az Alcatel Materials m\u0171k\u00f6d\u00e9s\u00e9hez, \u00e9s amelyek lehet\u0151v\u00e9 teszik az \u00d6n \u00e1ltal kifejezetten k\u00e9rt szolg\u00e1ltat\u00e1sok haszn\u00e1lat\u00e1t. Az ilyen t\u00edpus\u00fa automatiz\u00e1lt gy\u0171jt\u0151eszk\u00f6z\u00f6k lehet\u0151v\u00e9 teszik sz\u00e1munkra, hogy:<\/p>\n<ul>\n<li>r\u00f6gz\u00edts\u00fck, hogy \u00d6n bejelentkezett a fi\u00f3kj\u00e1ba;<\/li>\n<li>r\u00f6gz\u00edts\u00fck, amikor \u00d6n enged\u00e9lyt ad az automatiz\u00e1lt gy\u0171jt\u0151eszk\u00f6zeink haszn\u00e1lat\u00e1ra (ha van ilyen);<\/li>\n<li>term\u00e9keket \u00e9s szolg\u00e1ltat\u00e1sokat ny\u00fajtsunk \u00d6nnek, valamint kezelj\u00fck a tranzakci\u00f3kat, bele\u00e9rtve annak enged\u00e9lyez\u00e9s\u00e9t, hogy a weboldalak \u00e9s egy\u00e9b Alcatel Materials tartalmak megjegyezz\u00e9k az \u00d6n \u00e1ltal a kos\u00e1rba helyezett term\u00e9keket, valamint az \u0171rlapokon az \u00d6n \u00e1ltal megadott inform\u00e1ci\u00f3kat;<\/li>\n<li>megjelen\u00edts\u00fck az \u00d6n \u00e1ltal sz\u00e1munkra bek\u00fcld\u00f6tt term\u00e9k\u00e9rt\u00e9kel\u00e9seket;<\/li>\n<li>biztos\u00edtsuk \u00d6nnek az Alcatel Materials haszn\u00e1lat\u00e1hoz sz\u00fcks\u00e9ges biztons\u00e1got, p\u00e9ld\u00e1ul figyelemmel k\u00eds\u00e9rj\u00fck a forgalmi adatokat \u00e9s a l\u00e1togat\u00e1sokat, hogy \u00e9rtes\u00fclhess\u00fcnk az esetleges biztons\u00e1gi fenyeget\u00e9sekr\u0151l (<em>pl.<\/em> szokatlanul nagy vagy hirtelen forgalom eset\u00e9n); valamint<\/li>\n<li>el\u0151seg\u00edts\u00fck az \u00d6n \u00e1ltal ig\u00e9nyelt Alcatel Materials tartalmak gyors bet\u00f6lt\u00e9s\u00e9t.<\/li>\n<\/ul>\n<p>Ezek n\u00e9lk\u00fcl az automatiz\u00e1lt gy\u0171jt\u0151eszk\u00f6z\u00f6k n\u00e9lk\u00fcl az \u00d6n \u00e1ltal ig\u00e9nyelt szolg\u00e1ltat\u00e1sok nem lenn\u00e9nek el\u00e9rhet\u0151ek.<\/p>\n<p>Szeretn\u00e9nk, ha \u00d6n tiszt\u00e1ban lenne ezeknek a felt\u00e9tlen\u00fcl sz\u00fcks\u00e9ges automatiz\u00e1lt gy\u0171jt\u0151eszk\u00f6z\u00f6knek a mivolt\u00e1val \u00e9s azzal, hogy mi\u00e9rt haszn\u00e1ljuk azokat, azonban a haszn\u00e1latukhoz nincs sz\u00fcks\u00e9g\u00fcnk az \u00d6n enged\u00e9ly\u00e9re, mivel ezeket az automatiz\u00e1lt gy\u0171jt\u0151eszk\u00f6z\u00f6ket csak az \u00d6n \u00e1ltal ig\u00e9nyelt szolg\u00e1ltat\u00e1sok biztos\u00edt\u00e1s\u00e1ra haszn\u00e1ljuk.<\/p>\n<ol start=\"2\">\n<li><u> kateg\u00f3ria \u2013 teljes\u00edtm\u00e9nyeszk\u00f6z\u00f6k:<\/u><\/li>\n<\/ol>\n<p>Ezek az automatiz\u00e1lt gy\u0171jt\u0151eszk\u00f6z\u00f6k az \u00d6n Alcatel Materials tartalma felhaszn\u00e1l\u00e1s\u00e1val kapcsolatos inform\u00e1ci\u00f3it gy\u0171jtik \u00f6ssze. Lehet\u0151v\u00e9 teszik sz\u00e1munkra, hogy meg\u00e9rts\u00fck a k\u00f6vetkez\u0151ket:<\/p>\n<ul>\n<li>melyik k\u00e9sz\u00fcl\u00e9kr\u0151l \u00e9s\/vagy weboldalr\u00f3l \u00e9rkezett \u00d6n;<\/li>\n<li>mely Alcatel Materials tartalmakat \u00e9s funkci\u00f3kat haszn\u00e1lja \u00d6n a leggyakrabban \u2013 ezt az inform\u00e1ci\u00f3t arra haszn\u00e1ljuk fel, hogy jav\u00edtsuk azok m\u0171k\u00f6d\u00e9s\u00e9t;<\/li>\n<li>az \u00d6n preferenci\u00e1it, hogy biztos\u00edthassuk, hogy mindig az \u00d6n sz\u00e1m\u00e1ra relev\u00e1ns weboldalt\/alkalmaz\u00e1startalmat (bele\u00e9rtve a hirdet\u00e9si tartalmakat is) biztos\u00edtsuk \u00d6nnek; valamint<\/li>\n<li>amikor \u00d6n egy hiba\u00fczenettel szembes\u00fcl.<\/li>\n<\/ul>\n<p>Az \u00f6sszegy\u0171jt\u00f6tt inform\u00e1ci\u00f3kat kiz\u00e1r\u00f3lag az Alcatel Materials m\u0171k\u00f6d\u00e9s\u00e9nek fejleszt\u00e9s\u00e9re haszn\u00e1ljuk fel.<\/p>\n<p>Tov\u00e1bb\u00e1 az Alcatel weboldal\u00e1nak k\u00f3dol\u00e1si nyelve automatiz\u00e1lt gy\u0171jt\u0151eszk\u00f6z\u00f6ket haszn\u00e1l, amelyeket a b\u00f6ng\u00e9sz\u00e9si munkamenet\u00e9nek bez\u00e1r\u00e1s\u00e1t k\u00f6vet\u0151en t\u00f6rl\u00fcnk. Minden alkalommal t\u00f6rl\u00e9sre ker\u00fclnek, amikor \u00d6n bez\u00e1rja a b\u00f6ng\u00e9sz\u0151j\u00e9t. Ezek az eszk\u00f6z\u00f6k a b\u00f6ng\u00e9sz\u0151 bez\u00e1r\u00e1s\u00e1t k\u00f6vet\u0151en semmilyen inform\u00e1ci\u00f3t nem t\u00e1rolnak a l\u00e1togat\u00f3r\u00f3l.<\/p>\n<p>N\u00e9h\u00e1ny ilyen automatiz\u00e1lt gy\u0171jt\u0151eszk\u00f6zt a k\u00f6vetkez\u0151 harmadik felek biztos\u00edtanak:<\/p>\n<table width=\"640\">\n<thead>\n<tr>\n<td>\n<p><strong>N\u00e9v<\/strong><\/p>\n<\/td>\n<td>\n<p><strong>Szolg\u00e1ltat\u00f3<\/strong><\/p>\n<\/td>\n<td>\n<p><strong>C\u00e9l<\/strong><\/p>\n<\/td>\n<td>\n<p><strong>Lej\u00e1rat<\/strong><\/p>\n<\/td>\n<td>\n<p><strong>T\u00edpus<\/strong><\/p>\n<\/td>\n<\/tr>\n<\/thead>\n<tbody>\n<tr>\n<td>\n<p>no_more_select_country<\/p>\n<\/td>\n<td>\n<p>Alcatel<\/p>\n<\/td>\n<td>\n<p>Az orsz\u00e1g kiv\u00e1laszt\u00e1s\u00e1ra szolg\u00e1l\u00f3 p\u00e1rbesz\u00e9dablak megjelen\u00edt\u00e9s\u00e9nek kihagy\u00e1sa.<\/p>\n<\/td>\n<td>\n<p>365 nap<\/p>\n<\/td>\n<td>\n<p>html<\/p>\n<\/td>\n<\/tr>\n<tr>\n<td>\n<p>no_show_gdpr<\/p>\n<\/td>\n<td>\n<p>Alcatel<\/p>\n<\/td>\n<td>\n<p>A GDPR-ral kapcsolatos \u00e9rtes\u00edt\u00e9si p\u00e1rbesz\u00e9dablak megjelen\u00edt\u00e9s\u00e9nek kihagy\u00e1sa.<\/p>\n<\/td>\n<td>\n<p>365 nap<\/p>\n<\/td>\n<td>\n<p>html<\/p>\n<\/td>\n<\/tr>\n<tr>\n<td>\n<p>gdpr_preference<\/p>\n<\/td>\n<td>\n<p>Alcatel<\/p>\n<\/td>\n<td>\n<p>Az oldallal kapcsolatos preferenci\u00e1k megjegyz\u00e9se.<\/p>\n<\/td>\n<td>\n<p>365 nap<\/p>\n<\/td>\n<td>\n<p>html<\/p>\n<\/td>\n<\/tr>\n<tr>\n<td>\n<p>gdpr_tracking<\/p>\n<\/td>\n<td>\n<p>Alcatel<\/p>\n<\/td>\n<td>\n<p>Ne feledje, hogy a statisztik\u00e1k be vannak kapcsolva.<\/p>\n<\/td>\n<td>\n<p>365 nap<\/p>\n<\/td>\n<td>\n<p>html<\/p>\n<\/td>\n<\/tr>\n<\/tbody>\n<\/table>\n<ul>\n<li>Google Analytics (tov\u00e1bbi inform\u00e1ci\u00f3k\u00e9rt, k\u00e9rj\u00fck, hogy keresse fel a Google <a href=\"https:\/\/policies.google.com\/privacy?hl=en\">adatv\u00e9delmi ir\u00e1nyelv\u00e9t<\/a> \u00e9s <a href=\"https:\/\/developers.google.com\/analytics\/devguides\/collection\/analyticsjs\/cookie-usage\">weboldal\u00e1t<\/a>)<\/li>\n<\/ul>\n<p>Google Analytics-et, egy olyan webanalitikai eszk\u00f6zt haszn\u00e1lunk, amely seg\u00edt meg\u00e9rten\u00fcnk, hogy a felhaszn\u00e1l\u00f3k hogyan haszn\u00e1lj\u00e1k az Alcatel-fi\u00f3kjukat, illetve az Alcatel egy\u00e9b weboldalait\/alkalmaz\u00e1sait. A Google Analytics nyomon k\u00f6veti az \u00d6n mozg\u00e1s\u00e1t az oldalunkon (pl. az \u00d6n \u00e1ltal megl\u00e1togatott oldalakat \u00e9s a hivatkoz\u00e1sokat, amelyekre r\u00e1kattintott), \u00e9s seg\u00edt nek\u00fcnk felm\u00e9rni, hogy hogyan haszn\u00e1lja az \u00e1ltalunk biztos\u00edtott tartalmakat. Ezen inform\u00e1ci\u00f3k tudat\u00e1ban jelent\u00e9seket k\u00e9sz\u00edt\u00fcnk, \u00e9s \u00edgy lehet\u0151s\u00e9g\u00fcnk van az Alcatel-fi\u00f3k, illetve az Alcatel egy\u00e9b weboldalainak\/alkalmaz\u00e1sainak jav\u00edt\u00e1s\u00e1ra. A jelent\u00e9sek a weboldal haszn\u00e1lat\u00e1val kapcsolatos trendeket jelen\u00edtik meg az egyedi l\u00e1togat\u00f3k azonos\u00edt\u00e1sa n\u00e9lk\u00fcl. \u00d6n elutas\u00edthatja a Google Analytics haszn\u00e1lat\u00e1t, an\u00e9lk\u00fcl, hogy az befoly\u00e1soln\u00e1 a weboldal haszn\u00e1lat\u00e1t. Tov\u00e1bbi inform\u00e1ci\u00f3 a Google Analytics haszn\u00e1lat\u00e1nak elutas\u00edt\u00e1s\u00e1r\u00f3l az \u00f6sszes \u00d6n \u00e1ltal haszn\u00e1lt weboldalon a Google weboldal\u00e1n tal\u00e1lhat\u00f3: <a href=\"https:\/\/tools.google.com\/dlpage\/gaoptout\">https:\/\/tools.google.com\/dlpage\/gaoptout<\/a>.<\/p>\n<p>Ezek az automatiz\u00e1lt eszk\u00f6z\u00f6k 1 \u00e9vet k\u00f6vet\u0151en lej\u00e1rnak, kiv\u00e9ve, ha \u00d6n ezt megel\u0151z\u0151en t\u00f6rli azokat a b\u00f6ng\u00e9sz\u0151je vagy a telefonja be\u00e1ll\u00edt\u00e1sait haszn\u00e1lva.<\/p>\n<ol start=\"3\">\n<li><u> kateg\u00f3ria \u2013 funkcionalit\u00e1s:<\/u><\/li>\n<\/ol>\n<p>Ezek az automatiz\u00e1lt gy\u0171jt\u0151eszk\u00f6z\u00f6k lehet\u0151v\u00e9 teszik az Alcatel Materials sz\u00e1m\u00e1ra, hogy megjegyezz\u00e9k az \u00d6n v\u00e1laszt\u00e1sait. Lehet\u0151v\u00e9 teszik sz\u00e1munkra, hogy megjegyezz\u00fck az \u00d6n felhaszn\u00e1l\u00f3nev\u00e9t, nyelv\u00e9t, valamint a szolg\u00e1ltat\u00e1saink sz\u00e1mos, szem\u00e9lyre szabhat\u00f3 egy\u00e9b r\u00e9sz\u00e9n \u00d6n \u00e1ltal elv\u00e9gzett v\u00e1ltoztat\u00e1sokat.<\/p>\n<p>Ezen automatiz\u00e1lt gy\u0171jt\u0151eszk\u00f6z\u00f6k c\u00e9lja, hogy egy szem\u00e9lyre szabottabb \u00e9lm\u00e9nyt ny\u00fajtson az \u00d6n sz\u00e1m\u00e1ra, \u00edgy ne kelljen mindig vissza\u00e1ll\u00edtania a be\u00e1ll\u00edtott preferenci\u00e1it, amikor ell\u00e1togat hozz\u00e1nk.<\/p>\n<p>A funkcionalit\u00e1st seg\u00edt\u0151 automatiz\u00e1lt gy\u0171jt\u0151eszk\u00f6z\u00f6ket is haszn\u00e1lunk, hogy lehet\u0151v\u00e9 tegy\u00fck az \u00d6n sz\u00e1m\u00e1ra a megjegyz\u00e9sek l\u00e9trehoz\u00e1s\u00e1t egy f\u00f3rumon, illetve olyan tov\u00e1bbfejlesztett szolg\u00e1ltat\u00e1sokat ny\u00fajthassunk \u00d6nnek, mint egy vide\u00f3 megtekint\u00e9se a weboldalunkon.<\/p>\n<p>N\u00e9h\u00e1ny ilyen automatiz\u00e1lt gy\u0171jt\u0151eszk\u00f6zt a k\u00f6vetkez\u0151 harmadik felek biztos\u00edtanak:<\/p>\n<table width=\"640\">\n<thead>\n<tr>\n<td>\n<p><strong>N\u00e9v<\/strong><\/p>\n<\/td>\n<td>\n<p><strong>Szolg\u00e1ltat\u00f3<\/strong><\/p>\n<\/td>\n<td>\n<p><strong>C\u00e9l<\/strong><\/p>\n<\/td>\n<td>\n<p><strong>Lej\u00e1rat<\/strong><\/p>\n<\/td>\n<td>\n<p><strong>T\u00edpus<\/strong><\/p>\n<\/td>\n<\/tr>\n<\/thead>\n<tbody>\n<tr>\n<td>\n<p>_ga<\/p>\n<\/td>\n<td>\n<p><a href=\"https:\/\/policies.google.com\/privacy\">Google Tag Manager<\/a><\/p>\n<\/td>\n<td>\n<p>Egy olyan egyedi azonos\u00edt\u00f3t regisztr\u00e1l, amelyet a felhaszn\u00e1l\u00f3 az oldal haszn\u00e1lat\u00e1val kapcsolatos statisztikai adatok l\u00e9trehoz\u00e1s\u00e1ra haszn\u00e1lunk.<\/p>\n<\/td>\n<td>\n<p>365 nap<\/p>\n<\/td>\n<td>\n<p>http<\/p>\n<\/td>\n<\/tr>\n<tr>\n<td>\n<p>_gat_gtag_UA_107287510_1<\/p>\n<\/td>\n<td>\n<p><a href=\"https:\/\/policies.google.com\/privacy\">Google Tag Manager<\/a><\/p>\n<\/td>\n<td>\n<p>A Google Analytics a k\u00e9relmek ar\u00e1ny\u00e1nak cs\u00f6kkent\u00e9s\u00e9re haszn\u00e1lja.<\/p>\n<\/td>\n<td>\n<p>1 nap<\/p>\n<\/td>\n<td>\n<p>http<\/p>\n<\/td>\n<\/tr>\n<tr>\n<td>\n<p>_gid<\/p>\n<\/td>\n<td>\n<p><a href=\"https:\/\/policies.google.com\/privacy\">Google Tag Manager<\/a><\/p>\n<\/td>\n<td>\n<p>Egy olyan egyedi azonos\u00edt\u00f3t regisztr\u00e1l, amelyet a felhaszn\u00e1l\u00f3 az oldal haszn\u00e1lat\u00e1val kapcsolatos statisztikai adatok l\u00e9trehoz\u00e1s\u00e1ra haszn\u00e1lunk.<\/p>\n<\/td>\n<td>\n<p>1 nap<\/p>\n<\/td>\n<td>\n<p>http<\/p>\n<\/td>\n<\/tr>\n<\/tbody>\n<\/table>\n<p>Ezek az automatiz\u00e1lt eszk\u00f6z\u00f6k 1 \u00e9vet k\u00f6vet\u0151en lej\u00e1rnak, kiv\u00e9ve, ha \u00d6n ezt megel\u0151z\u0151en t\u00f6rli azokat a b\u00f6ng\u00e9sz\u0151je vagy a telefonja be\u00e1ll\u00edt\u00e1sait haszn\u00e1lva.<\/p>\n<p><u>Az automatiz\u00e1lt gy\u0171jt\u0151eszk\u00f6z\u00f6k kezel\u00e9se<\/u><\/p>\n<p>Amennyiben nem szeretne s\u00fctiket kapni, be\u00e1ll\u00edthatja a b\u00f6ng\u00e9sz\u0151j\u00e9ben a s\u00fctik elutas\u00edt\u00e1s\u00e1t, vagy azt, hogy a b\u00f6ng\u00e9sz\u0151 \u00e9rtes\u00edtse \u00d6nt, amikor egy weboldal egy s\u00fctit helyez el az \u00d6n k\u00e9sz\u00fcl\u00e9k\u00e9n. Ezen fel\u00fcl \u00d6n az Alcatel-fi\u00f3k vagy az Alcatel egy\u00e9b weboldalainak\/alkalmaz\u00e1s\u00e1nak elhagy\u00e1s\u00e1t k\u00f6vet\u0151en azonnal t\u00f6r\u00f6lheti a s\u00fctiket. B\u00e1r az Alcatel-fi\u00f3k megl\u00e1togat\u00e1sakor \u00d6nnek nem k\u00f6telez\u0151 elfogadnia a s\u00fctiket, el\u0151fordulhat, hogy nem lesz k\u00e9pes az Alcatel-fi\u00f3k vagy az Alcatel egy\u00e9b weboldala\/alkalmaz\u00e1sa egyes funkci\u00f3inak \u00e9s k\u00e9pess\u00e9geinek kihaszn\u00e1l\u00e1s\u00e1ra, ha a b\u00f6ng\u00e9sz\u0151j\u00e9t a s\u00fctik elutas\u00edt\u00e1s\u00e1ra \u00e1ll\u00edtja.<\/p>\n<p>P\u00e9ld\u00e1ul a legt\u00f6bb webb\u00f6ng\u00e9sz\u0151 eszk\u00f6zt\u00e1r\u00e1nak S\u00fag\u00f3j\u00e1ban megismerheti, hogyan akad\u00e1lyozhatja meg a b\u00f6ng\u00e9sz\u0151j\u00e9t az \u00faj s\u00fctik elfogad\u00e1s\u00e1ban, hogyan \u00e1ll\u00edthatja be \u00fagy a b\u00f6ng\u00e9sz\u0151t, hogy az \u00e9rtes\u00edtse \u00d6nt, amikor \u00faj automatiz\u00e1lt gy\u0171jt\u0151eszk\u00f6z\u00f6ket fogad, valamint hogyan lehets\u00e9ges az automatiz\u00e1lt gy\u0171jt\u0151eszk\u00f6z\u00f6ket teljesen kikapcsolni. A legn\u00e9pszer\u0171bb b\u00f6ng\u00e9sz\u0151kkel kapcsolatos tov\u00e1bbi inform\u00e1ci\u00f3kat a k\u00f6vetkez\u0151 hivatkoz\u00e1sokra kattintva kaphat:\u00a0<a href=\"https:\/\/support.google.com\/accounts\/answer\/61416?co=GENIE.Platform%3DDesktop&amp;hl=en\">Google Chrome<\/a>;\u00a0<a href=\"https:\/\/privacy.microsoft.com\/en-us\/windows-10-microsoft-edge-and-privacy\">Microsoft Edge<\/a>;\u00a0<a href=\"https:\/\/support.mozilla.org\/en-US\/kb\/enable-and-disable-cookies-website-preferences\">Mozilla<\/a>\u00a0Firefox;\u00a0<a href=\"https:\/\/support.microsoft.com\/en-gb\/help\/17442\/windows-internet-explorer-delete-manage-cookies\">Microsoft Internet Explorer<\/a>;\u00a0<a href=\"https:\/\/www.opera.com\/help\/tutorials\/security\/privacy\/\">Opera<\/a>\u00a0\u00e9s\u00a0<a href=\"https:\/\/support.apple.com\/kb\/ph21411?locale=en_US\">Apple Safari<\/a>.<\/p>\n<p>Ahol a t\u00f6rv\u00e9ny el\u0151\u00edrja, a weboldalunk\/alkalmaz\u00e1sunk els\u0151 megl\u00e1togat\u00e1sa sor\u00e1n egy s\u00fctis\u00e1vot jelen\u00edt\u00fcnk meg az \u00d6n sz\u00e1m\u00e1ra, amely elmagyar\u00e1zza, hogy milyen t\u00edpus\u00fa automatiz\u00e1lt gy\u0171jt\u0151eszk\u00f6z\u00f6ket haszn\u00e1lunk, \u00e9s amely az \u00d6n hozz\u00e1j\u00e1rul\u00e1s\u00e1t k\u00e9ri az \u00e1ltalunk haszn\u00e1lt egyes automatiz\u00e1lt gy\u0171jt\u0151eszk\u00f6z\u00f6kh\u00f6z.<\/p>\n<p><u>Az automatiz\u00e1lt gy\u0171jt\u0151eszk\u00f6z\u00f6kkel \u00f6sszegy\u0171jt\u00f6tt szem\u00e9lyes adatok<\/u><\/p>\n<p>Az automatiz\u00e1lt gy\u0171jt\u0151eszk\u00f6z\u00f6kkel \u00f6sszegy\u0171jt\u00f6tt szem\u00e9lyes adatokat az adatv\u00e9delmi ir\u00e1nyelveinkben <em>[<\/em><a href=\"https:\/\/www.alcatelmobile.com\/privacy\/\">https:\/\/www.alcatelmobile.com\/privacy\/<\/a><em>]<\/em> meghat\u00e1rozott c\u00e9lokra haszn\u00e1ljuk.\u00a0 Azon s\u00fctik eset\u00e9n, amelyek haszn\u00e1lat\u00e1hoz az \u00d6n beleegyez\u00e9s\u00e9re van sz\u00fcks\u00e9g\u00fcnk, beleegyez\u00e9s\u00e9re a s\u00fctikkel \u00f6sszegy\u0171jt\u00f6tt szem\u00e9lyes adatok feldolgoz\u00e1s\u00e1ra vonatkoz\u00f3 jogalapk\u00e9nt is tekint\u00fcnk.<\/p>\n<p><u>A s\u00fctik haszn\u00e1lat\u00e1val kapcsolatos ir\u00e1nyelvek v\u00e1ltoz\u00e1sai<\/u><\/p>\n<p>A s\u00fctik haszn\u00e1lat\u00e1val kapcsolatos jelen ir\u00e1nyelvet id\u0151r\u0151l id\u0151re friss\u00edthetj\u00fck. Ha a s\u00fctik haszn\u00e1lat\u00e1val kapcsolatos jelen ir\u00e1nyelvben b\u00e1rmilyen \u00e9rdemi v\u00e1ltoz\u00e1s \u00e1ll be, arr\u00f3l a weboldalunkon k\u00f6zz\u00e9tett k\u00f6zlem\u00e9nyben, egy e-mailben megk\u00fcld\u00f6tt \u00e9rtes\u00edt\u00e9sben, vagy a hat\u00e1lyos jogszab\u00e1lyokban enged\u00e9lyezett egy\u00e9b m\u00f3don \u00e9rtes\u00edtj\u00fck \u00d6nt.<\/p>\n<ul>\n<li>r\u00f6gz\u00edts\u00fck, hogy \u00d6n bejelentkezett a fi\u00f3kj\u00e1ba;<\/li>\n<li>r\u00f6gz\u00edts\u00fck, amikor \u00d6n enged\u00e9lyt ad az automatiz\u00e1lt gy\u0171jt\u0151eszk\u00f6zeink haszn\u00e1lat\u00e1ra (ha van ilyen);<\/li>\n<li>term\u00e9keket \u00e9s szolg\u00e1ltat\u00e1sokat ny\u00fajtsunk \u00d6nnek, valamint kezelj\u00fck a tranzakci\u00f3kat, bele\u00e9rtve annak enged\u00e9lyez\u00e9s\u00e9t, hogy a weboldalak \u00e9s egy\u00e9b Alcatel Materials tartalmak megjegyezz\u00e9k az \u00d6n \u00e1ltal a kos\u00e1rba helyezett term\u00e9keket, valamint az \u0171rlapokon az \u00d6n \u00e1ltal megadott inform\u00e1ci\u00f3kat;<\/li>\n<li>megjelen\u00edts\u00fck az \u00d6n \u00e1ltal sz\u00e1munkra bek\u00fcld\u00f6tt term\u00e9k\u00e9rt\u00e9kel\u00e9seket;<\/li>\n<li>biztos\u00edtsuk \u00d6nnek az Alcatel Materials haszn\u00e1lat\u00e1hoz sz\u00fcks\u00e9ges biztons\u00e1got, p\u00e9ld\u00e1ul figyelemmel k\u00eds\u00e9rj\u00fck a forgalmi adatokat \u00e9s a l\u00e1togat\u00e1sokat, hogy \u00e9rtes\u00fclhess\u00fcnk az esetleges biztons\u00e1gi fenyeget\u00e9sekr\u0151l (<em>pl.<\/em> szokatlanul nagy vagy hirtelen forgalom eset\u00e9n); valamint<\/li>\n<li>el\u0151seg\u00edts\u00fck az \u00d6n \u00e1ltal ig\u00e9nyelt Alcatel Materials tartalmak gyors bet\u00f6lt\u00e9s\u00e9t.<\/li>\n<\/ul><\/div>\n\t\t\t\t<\/div>\n\t\t\t\t<\/div>\n\t\t\t\t\t\t<\/div>\n\t\t\t<\/div>\n\t\t<\/div>\n\t\t\t\t\t\t<\/div>\n\t\t\t<\/div>\n\t\t<\/section>\n\t\t\t\t\t\t<\/div>\n\t\t\t<\/div>\n\t\t<\/div>\n\t\t","protected":false},"excerpt":{"rendered":"<p>\u201eS\u00fctiket\u201d \u00e9s hasonl\u00f3 webes technol\u00f3gi\u00e1kat haszn\u00e1lunk, bele\u00e9rtve a pixeltageket \u00e9s a webjelz\u0151ket (\u201eAutomatiz\u00e1lt gy\u0171jt\u0151eszk\u00f6z\u00f6k\u201d), hogy t\u00e1mogassuk az Alcatel-fi\u00f3k \u00e9s m\u00e1s, \u00e1ltalunk m\u0171k\u00f6dtetett weboldalak \u00e9s alkalmaz\u00e1sok bizonyos funkci\u00f3it. Az automatiz\u00e1lt eszk\u00f6z\u00f6k az \u00d6n k\u00e9sz\u00fcl\u00e9k\u00e9n elhelyezett k\u00f3dszeletek. Az automatiz\u00e1lt gy\u0171jt\u0151eszk\u00f6z\u00f6k lehet\u0151v\u00e9 teszik a weboldal sz\u00e1m\u00e1ra, hogy az Alcatel weboldal\u00e1nak\/alkalmaz\u00e1s\u00e1nak haszn\u00e1latakor vagy az Alcatel weboldal\u00e1ra\/alkalmaz\u00e1s\u00e1ba t\u00f6rt\u00e9n\u0151 visszat\u00e9r\u00e9skor felismerj\u00e9k &hellip;<\/p>\n<p class=\"read-more\"> <a class=\"\" href=\"https:\/\/www.alcatelmobile.com\/hu\/cookie-policy\/\"> <span class=\"screen-reader-text\">S\u00fctihaszn\u00e1lati ir\u00e1nyelvek<\/span> Read More &raquo;<\/a><\/p>\n","protected":false},"author":1,"featured_media":0,"parent":0,"menu_order":0,"comment_status":"closed","ping_status":"closed","template":"","meta":[],"_links":{"self":[{"href":"https:\/\/www.alcatelmobile.com\/hu\/content\/wp-json\/wp\/v2\/pages\/26275"}],"collection":[{"href":"https:\/\/www.alcatelmobile.com\/hu\/content\/wp-json\/wp\/v2\/pages"}],"about":[{"href":"https:\/\/www.alcatelmobile.com\/hu\/content\/wp-json\/wp\/v2\/types\/page"}],"author":[{"embeddable":true,"href":"https:\/\/www.alcatelmobile.com\/hu\/content\/wp-json\/wp\/v2\/users\/1"}],"replies":[{"embeddable":true,"href":"https:\/\/www.alcatelmobile.com\/hu\/content\/wp-json\/wp\/v2\/comments?post=26275"}],"version-history":[{"count":4,"href":"https:\/\/www.alcatelmobile.com\/hu\/content\/wp-json\/wp\/v2\/pages\/26275\/revisions"}],"predecessor-version":[{"id":29679,"href":"https:\/\/www.alcatelmobile.com\/hu\/content\/wp-json\/wp\/v2\/pages\/26275\/revisions\/29679"}],"wp:attachment":[{"href":"https:\/\/www.alcatelmobile.com\/hu\/content\/wp-json\/wp\/v2\/media?parent=26275"}],"curies":[{"name":"wp","href":"https:\/\/api.w.org\/{rel}","templated":true}]}}