{"id":27811,"date":"2019-11-30T15:45:33","date_gmt":"2019-11-30T07:45:33","guid":{"rendered":"https:\/\/www.alcatelmobile.com\/hu\/?page_id=27811"},"modified":"2019-12-18T21:14:56","modified_gmt":"2019-12-18T13:14:56","slug":"alcatel-approach","status":"publish","type":"page","link":"https:\/\/www.alcatelmobile.com\/hu\/alcatel-approach\/","title":{"rendered":"MIT TARTUNK SZEM EL\u0150TT"},"content":{"rendered":"\t\t<div data-elementor-type=\"post\" data-elementor-id=\"27811\" class=\"elementor elementor-27811\" data-elementor-settings=\"[]\">\n\t\t\t<div class=\"elementor-inner\">\n\t\t\t\t<div class=\"elementor-section-wrap\">\n\t\t\t\t\t\t\t<section class=\"elementor-element elementor-element-50e6d85b mi-no-height elementor-section-boxed elementor-section-height-default elementor-section-height-default elementor-section elementor-top-section\" data-id=\"50e6d85b\" data-element_type=\"section\">\n\t\t\t\t\t\t<div class=\"elementor-container elementor-column-gap-no\">\n\t\t\t\t<div class=\"elementor-row\">\n\t\t\t\t<div class=\"elementor-element elementor-element-152eb64b elementor-column elementor-col-100 elementor-top-column\" data-id=\"152eb64b\" data-element_type=\"column\">\n\t\t\t<div class=\"elementor-column-wrap  elementor-element-populated\">\n\t\t\t\t\t<div class=\"elementor-widget-wrap\">\n\t\t\t\t<div class=\"elementor-element elementor-element-38e4b17e elementor-widget elementor-widget-html\" data-id=\"38e4b17e\" data-element_type=\"widget\" data-widget_type=\"html.default\">\n\t\t\t\t<div class=\"elementor-widget-container\">\n\t\t\t<div id=\"mi-prevent-header-double-overlay\"><\/div>\t\t<\/div>\n\t\t\t\t<\/div>\n\t\t\t\t\t\t<\/div>\n\t\t\t<\/div>\n\t\t<\/div>\n\t\t\t\t\t\t<\/div>\n\t\t\t<\/div>\n\t\t<\/section>\n\t\t\t\t<section class=\"elementor-element elementor-element-7e4cfbd5 elementor-section-height-min-height elementor-section-content-middle mi-hero-image mi-dynamic-bg mi-force-full-width elementor-section-boxed elementor-section-height-default elementor-section-items-middle elementor-section elementor-top-section\" data-id=\"7e4cfbd5\" data-element_type=\"section\" data-settings=\"{&quot;background_background&quot;:&quot;classic&quot;}\">\n\t\t\t\t\t\t\t<div class=\"elementor-background-overlay\"><\/div>\n\t\t\t\t\t\t\t<div class=\"elementor-container elementor-column-gap-no\">\n\t\t\t\t<div class=\"elementor-row\">\n\t\t\t\t<div class=\"elementor-element elementor-element-17346ca5 elementor-column elementor-col-100 elementor-top-column\" data-id=\"17346ca5\" data-element_type=\"column\">\n\t\t\t<div class=\"elementor-column-wrap  elementor-element-populated\">\n\t\t\t\t\t<div class=\"elementor-widget-wrap\">\n\t\t\t\t<div class=\"elementor-element elementor-element-3116047 elementor-widget elementor-widget-heading\" data-id=\"3116047\" data-element_type=\"widget\" data-widget_type=\"heading.default\">\n\t\t\t\t<div class=\"elementor-widget-container\">\n\t\t\t<h1 class=\"elementor-heading-title elementor-size-default\">MIT TARTUNK SZEM EL\u0150TT<\/h1>\t\t<\/div>\n\t\t\t\t<\/div>\n\t\t\t\t<div class=\"elementor-element elementor-element-5f231b5c elementor-widget elementor-widget-heading\" data-id=\"5f231b5c\" data-element_type=\"widget\" data-widget_type=\"heading.default\">\n\t\t\t\t<div class=\"elementor-widget-container\">\n\t\t\t<h2 class=\"elementor-heading-title elementor-size-default\">Minden r\u00f3lunk sz\u00f3l\u00f3 inform\u00e1ci\u00f3 egy helyen.<\/h2>\t\t<\/div>\n\t\t\t\t<\/div>\n\t\t\t\t\t\t<\/div>\n\t\t\t<\/div>\n\t\t<\/div>\n\t\t\t\t\t\t<\/div>\n\t\t\t<\/div>\n\t\t<\/section>\n\t\t\t\t<section class=\"elementor-element elementor-element-777a2688 elementor-section-stretched elementor-section-boxed elementor-section-height-default elementor-section-height-default elementor-section elementor-top-section\" data-id=\"777a2688\" data-element_type=\"section\" data-settings=\"{&quot;stretch_section&quot;:&quot;section-stretched&quot;,&quot;background_background&quot;:&quot;classic&quot;}\">\n\t\t\t\t\t\t<div class=\"elementor-container elementor-column-gap-no\">\n\t\t\t\t<div class=\"elementor-row\">\n\t\t\t\t<div class=\"elementor-element elementor-element-3204aded elementor-column elementor-col-100 elementor-top-column\" data-id=\"3204aded\" data-element_type=\"column\">\n\t\t\t<div class=\"elementor-column-wrap  elementor-element-populated\">\n\t\t\t\t\t<div class=\"elementor-widget-wrap\">\n\t\t\t\t<div class=\"elementor-element elementor-element-e45fcea elementor-widget elementor-widget-heading\" data-id=\"e45fcea\" data-element_type=\"widget\" data-widget_type=\"heading.default\">\n\t\t\t\t<div class=\"elementor-widget-container\">\n\t\t\t<h2 class=\"elementor-heading-title elementor-size-default\">TCL<\/h2>\t\t<\/div>\n\t\t\t\t<\/div>\n\t\t\t\t<div class=\"elementor-element elementor-element-5a587ac1 elementor-widget elementor-widget-heading\" data-id=\"5a587ac1\" data-element_type=\"widget\" data-widget_type=\"heading.default\">\n\t\t\t\t<div class=\"elementor-widget-container\">\n\t\t\t<h2 class=\"elementor-heading-title elementor-size-default\">COMMUNICATION TECHNOLOGY<\/h2>\t\t<\/div>\n\t\t\t\t<\/div>\n\t\t\t\t<div class=\"elementor-element elementor-element-382e4fe9 mi-general-text mi-hyperlink-blue elementor-widget elementor-widget-text-editor\" data-id=\"382e4fe9\" data-element_type=\"widget\" data-widget_type=\"text-editor.default\">\n\t\t\t\t<div class=\"elementor-widget-container\">\n\t\t\t\t\t<div class=\"elementor-text-editor elementor-clearfix\"><p>A vil\u00e1gpiacon vezet\u0151 szerepet bet\u00f6lt\u0151 kommunik\u00e1ci\u00f3s term\u00e9kgy\u00e1rt\u00f3k\u00e9nt \u00e9s internetes szolg\u00e1ltat\u00f3k\u00e9nt a TCL Communication pr\u00e9mium felhaszn\u00e1l\u00f3i \u00e9lm\u00e9nyeket ny\u00fajt\u00f3 okosterm\u00e9keket \u00e9s szolg\u00e1ltat\u00e1sokat k\u00edn\u00e1l. V\u00e1llalatunk k\u00fcldet\u00e9se az \u00e9rt\u00e9kteremt\u00e9s \u00fcgyfeleinknek, lehet\u0151s\u00e9gek ny\u00fajt\u00e1sa munkat\u00e1rsainknak, profit termel\u00e9se a r\u00e9szv\u00e9nyeseknek, valamint a t\u00e1rsadalmi felel\u0151ss\u00e9gben val\u00f3 osztoz\u00e1s. Ennek jegy\u00e9ben c\u00e9g\u00fcnk mindig proakt\u00edv m\u00f3don tett eleget t\u00e1rsadalmi felel\u0151ss\u00e9gv\u00e1llal\u00e1s\u00e1nak a nemzetk\u00f6zi \u00fczleti tev\u00e9kenys\u00e9g b\u0151v\u00edt\u00e9se sor\u00e1n.<\/p><\/div>\n\t\t\t\t<\/div>\n\t\t\t\t<\/div>\n\t\t\t\t<div class=\"elementor-element elementor-element-47eaa5c6 elementor-widget elementor-widget-image\" data-id=\"47eaa5c6\" data-element_type=\"widget\" data-widget_type=\"image.default\">\n\t\t\t\t<div class=\"elementor-widget-container\">\n\t\t\t\t\t<div class=\"elementor-image\">\n\t\t\t\t\t\t\t\t\t\t<img width=\"1537\" height=\"589\" src=\"https:\/\/www.alcatelmobile.com\/hu\/wp-content\/uploads\/2019\/11\/web_A3_HD_page_web_2-1.jpg\" class=\"attachment-full size-full\" alt=\"\" loading=\"lazy\" srcset=\"https:\/\/www.alcatelmobile.com\/hu\/wp-content\/uploads\/2019\/11\/web_A3_HD_page_web_2-1.jpg 1537w, https:\/\/www.alcatelmobile.com\/hu\/wp-content\/uploads\/2019\/11\/web_A3_HD_page_web_2-1-300x115.jpg 300w, https:\/\/www.alcatelmobile.com\/hu\/wp-content\/uploads\/2019\/11\/web_A3_HD_page_web_2-1-768x294.jpg 768w, https:\/\/www.alcatelmobile.com\/hu\/wp-content\/uploads\/2019\/11\/web_A3_HD_page_web_2-1-1024x392.jpg 1024w, https:\/\/www.alcatelmobile.com\/hu\/wp-content\/uploads\/2019\/11\/web_A3_HD_page_web_2-1-600x230.jpg 600w\" sizes=\"(max-width: 1537px) 100vw, 1537px\" \/>\t\t\t\t\t\t\t\t\t\t\t<\/div>\n\t\t\t\t<\/div>\n\t\t\t\t<\/div>\n\t\t\t\t\t\t<\/div>\n\t\t\t<\/div>\n\t\t<\/div>\n\t\t\t\t\t\t<\/div>\n\t\t\t<\/div>\n\t\t<\/section>\n\t\t\t\t<section class=\"elementor-element elementor-element-14d1657c elementor-section-stretched elementor-section-height-min-height elementor-section-items-stretch mi-bg-invis-tab-mob elementor-section-boxed elementor-section-height-default elementor-section elementor-top-section\" data-id=\"14d1657c\" data-element_type=\"section\" data-settings=\"{&quot;stretch_section&quot;:&quot;section-stretched&quot;,&quot;background_background&quot;:&quot;classic&quot;}\">\n\t\t\t\t\t\t<div class=\"elementor-container elementor-column-gap-no\">\n\t\t\t\t<div class=\"elementor-row\">\n\t\t\t\t<div class=\"elementor-element elementor-element-120648c3 elementor-column elementor-col-50 elementor-top-column\" data-id=\"120648c3\" data-element_type=\"column\">\n\t\t\t<div class=\"elementor-column-wrap  elementor-element-populated\">\n\t\t\t\t\t<div class=\"elementor-widget-wrap\">\n\t\t\t\t<div class=\"elementor-element elementor-element-36c396bb elementor-widget elementor-widget-heading\" data-id=\"36c396bb\" data-element_type=\"widget\" data-widget_type=\"heading.default\">\n\t\t\t\t<div class=\"elementor-widget-container\">\n\t\t\t<h2 class=\"elementor-heading-title elementor-size-default\">VIDEO<\/h2>\t\t<\/div>\n\t\t\t\t<\/div>\n\t\t\t\t<div class=\"elementor-element elementor-element-15a123f2 mi-general-text mi-hyperlink-blue mi-text-height-36 elementor-widget elementor-widget-text-editor\" data-id=\"15a123f2\" data-element_type=\"widget\" data-widget_type=\"text-editor.default\">\n\t\t\t\t<div class=\"elementor-widget-container\">\n\t\t\t\t\t<div class=\"elementor-text-editor elementor-clearfix\"><p>A TCL Communication glob\u00e1lisan ISO 9001-2015 \u00e9s TL 9000 tan\u00fas\u00edtv\u00e1nyt szerzett<\/p><\/div>\n\t\t\t\t<\/div>\n\t\t\t\t<\/div>\n\t\t\t\t<div class=\"elementor-element elementor-element-535786aa elementor-widget__width-auto elementor-widget elementor-widget-button\" data-id=\"535786aa\" data-element_type=\"widget\" data-widget_type=\"button.default\">\n\t\t\t\t<div class=\"elementor-widget-container\">\n\t\t\t\t\t<div class=\"elementor-button-wrapper\">\n\t\t\t<a href=\"https:\/\/youtu.be\/zOEoT-mKVkc\" class=\"elementor-button-link elementor-button elementor-size-sm\" target=\"_blank\" role=\"button\">\n\t\t\t\t\t\t<span class=\"elementor-button-content-wrapper\">\n\t\t\t\t\t\t<span class=\"elementor-button-text\"> Olvasson tov\u00e1bb  <\/span>\n\t\t<\/span>\n\t\t\t\t\t<\/a>\n\t\t<\/div>\n\t\t\t\t<\/div>\n\t\t\t\t<\/div>\n\t\t\t\t\t\t<\/div>\n\t\t\t<\/div>\n\t\t<\/div>\n\t\t\t\t<div class=\"elementor-element elementor-element-3a30f80a mi-bg-invis-desktop elementor-column elementor-col-50 elementor-top-column\" data-id=\"3a30f80a\" data-element_type=\"column\">\n\t\t\t<div class=\"elementor-column-wrap  elementor-element-populated\">\n\t\t\t\t\t<div class=\"elementor-widget-wrap\">\n\t\t\t\t<div class=\"elementor-element elementor-element-61541e47 elementor-widget elementor-widget-spacer\" data-id=\"61541e47\" data-element_type=\"widget\" data-widget_type=\"spacer.default\">\n\t\t\t\t<div class=\"elementor-widget-container\">\n\t\t\t\t\t<div class=\"elementor-spacer\">\n\t\t\t<div class=\"elementor-spacer-inner\"><\/div>\n\t\t<\/div>\n\t\t\t\t<\/div>\n\t\t\t\t<\/div>\n\t\t\t\t\t\t<\/div>\n\t\t\t<\/div>\n\t\t<\/div>\n\t\t\t\t\t\t<\/div>\n\t\t\t<\/div>\n\t\t<\/section>\n\t\t\t\t<section class=\"elementor-element elementor-element-559bb774 elementor-section-stretched elementor-section-height-min-height elementor-section-items-stretch elementor-reverse-tablet elementor-reverse-mobile mi-bg-invis-tab-mob elementor-section-boxed elementor-section-height-default elementor-section elementor-top-section\" data-id=\"559bb774\" data-element_type=\"section\" data-settings=\"{&quot;stretch_section&quot;:&quot;section-stretched&quot;,&quot;background_background&quot;:&quot;classic&quot;}\">\n\t\t\t\t\t\t<div class=\"elementor-container elementor-column-gap-no\">\n\t\t\t\t<div class=\"elementor-row\">\n\t\t\t\t<div class=\"elementor-element elementor-element-707a8618 mi-bg-invis-desktop elementor-column elementor-col-50 elementor-top-column\" data-id=\"707a8618\" data-element_type=\"column\">\n\t\t\t<div class=\"elementor-column-wrap  elementor-element-populated\">\n\t\t\t\t\t<div class=\"elementor-widget-wrap\">\n\t\t\t\t<div class=\"elementor-element elementor-element-7109250 elementor-widget elementor-widget-spacer\" data-id=\"7109250\" data-element_type=\"widget\" data-widget_type=\"spacer.default\">\n\t\t\t\t<div class=\"elementor-widget-container\">\n\t\t\t\t\t<div class=\"elementor-spacer\">\n\t\t\t<div class=\"elementor-spacer-inner\"><\/div>\n\t\t<\/div>\n\t\t\t\t<\/div>\n\t\t\t\t<\/div>\n\t\t\t\t\t\t<\/div>\n\t\t\t<\/div>\n\t\t<\/div>\n\t\t\t\t<div class=\"elementor-element elementor-element-142dbcec elementor-column elementor-col-50 elementor-top-column\" data-id=\"142dbcec\" data-element_type=\"column\">\n\t\t\t<div class=\"elementor-column-wrap  elementor-element-populated\">\n\t\t\t\t\t<div class=\"elementor-widget-wrap\">\n\t\t\t\t<div class=\"elementor-element elementor-element-5764f7fd elementor-widget elementor-widget-heading\" data-id=\"5764f7fd\" data-element_type=\"widget\" data-widget_type=\"heading.default\">\n\t\t\t\t<div class=\"elementor-widget-container\">\n\t\t\t<h2 class=\"elementor-heading-title elementor-size-default\"><h2 style=\"margin-bottom: 0px; font-size: 40px; color: rgb(0, 0, 0); font-family: Lato, Helvetica, Arial, sans-serif; font-style: normal; line-height: 1em; text-rendering: optimizelegibility; text-transform: uppercase; white-space: normal;\">SAJT\u00d3K\u00d6ZLEM\u00c9NY<\/h2><\/h2>\t\t<\/div>\n\t\t\t\t<\/div>\n\t\t\t\t<div class=\"elementor-element elementor-element-5e0031c1 mi-general-text mi-hyperlink-blue mi-text-height-36 elementor-widget elementor-widget-text-editor\" data-id=\"5e0031c1\" data-element_type=\"widget\" data-widget_type=\"text-editor.default\">\n\t\t\t\t<div class=\"elementor-widget-container\">\n\t\t\t\t\t<div class=\"elementor-text-editor elementor-clearfix\"><p>A TCL Communication glob\u00e1lisan ISO 9001-2015 \u00e9s TL 9000 tan\u00fas\u00edtv\u00e1nyt szerzett<\/p><\/div>\n\t\t\t\t<\/div>\n\t\t\t\t<\/div>\n\t\t\t\t<div class=\"elementor-element elementor-element-26aea446 elementor-widget__width-auto elementor-widget elementor-widget-button\" data-id=\"26aea446\" data-element_type=\"widget\" data-widget_type=\"button.default\">\n\t\t\t\t<div class=\"elementor-widget-container\">\n\t\t\t\t\t<div class=\"elementor-button-wrapper\">\n\t\t\t<a href=\"https:\/\/www.alcatelmobile.com\/cz\/wp-content\/uploads\/2019\/11\/TCL_Communication_achieves_global_ISO9001_ALCATEL.pdf\" class=\"elementor-button-link elementor-button elementor-size-sm\" target=\"_blank\" role=\"button\">\n\t\t\t\t\t\t<span class=\"elementor-button-content-wrapper\">\n\t\t\t\t\t\t<span class=\"elementor-button-text\"> Olvasson tov\u00e1bb  <\/span>\n\t\t<\/span>\n\t\t\t\t\t<\/a>\n\t\t<\/div>\n\t\t\t\t<\/div>\n\t\t\t\t<\/div>\n\t\t\t\t\t\t<\/div>\n\t\t\t<\/div>\n\t\t<\/div>\n\t\t\t\t\t\t<\/div>\n\t\t\t<\/div>\n\t\t<\/section>\n\t\t\t\t<section class=\"elementor-element elementor-element-83bd0fe elementor-section-stretched elementor-section-height-min-height elementor-section-items-stretch mi-bg-invis-tab-mob elementor-section-boxed elementor-section-height-default elementor-section elementor-top-section\" data-id=\"83bd0fe\" data-element_type=\"section\" data-settings=\"{&quot;stretch_section&quot;:&quot;section-stretched&quot;,&quot;background_background&quot;:&quot;classic&quot;}\">\n\t\t\t\t\t\t<div class=\"elementor-container elementor-column-gap-no\">\n\t\t\t\t<div class=\"elementor-row\">\n\t\t\t\t<div class=\"elementor-element elementor-element-b07df7f elementor-column elementor-col-50 elementor-top-column\" data-id=\"b07df7f\" data-element_type=\"column\">\n\t\t\t<div class=\"elementor-column-wrap  elementor-element-populated\">\n\t\t\t\t\t<div class=\"elementor-widget-wrap\">\n\t\t\t\t<div class=\"elementor-element elementor-element-31cb97c1 elementor-widget elementor-widget-heading\" data-id=\"31cb97c1\" data-element_type=\"widget\" data-widget_type=\"heading.default\">\n\t\t\t\t<div class=\"elementor-widget-container\">\n\t\t\t<h2 class=\"elementor-heading-title elementor-size-default\">ESG (K\u00d6RNYEZETV\u00c9DELMI \u00c9S T\u00c1RSADALMI FELEL\u0150SS\u00c9GV\u00c1LLAL\u00c1SI)<\/h2>\t\t<\/div>\n\t\t\t\t<\/div>\n\t\t\t\t<div class=\"elementor-element elementor-element-4b342621 elementor-widget elementor-widget-heading\" data-id=\"4b342621\" data-element_type=\"widget\" data-widget_type=\"heading.default\">\n\t\t\t\t<div class=\"elementor-widget-container\">\n\t\t\t<h2 class=\"elementor-heading-title elementor-size-default\">REPORT<\/h2>\t\t<\/div>\n\t\t\t\t<\/div>\n\t\t\t\t<div class=\"elementor-element elementor-element-49e1f804 mi-general-text mi-hyperlink-blue mi-text-height-36 elementor-widget elementor-widget-text-editor\" data-id=\"49e1f804\" data-element_type=\"widget\" data-widget_type=\"text-editor.default\">\n\t\t\t\t<div class=\"elementor-widget-container\">\n\t\t\t\t\t<div class=\"elementor-text-editor elementor-clearfix\"><p>Olvassa el r\u00e9szletes jelent\u00e9s\u00fcnket k\u00f6rnyezetv\u00e9delmi \u00e9s t\u00e1rsadalmi akci\u00f3inkr\u00f3l.<\/p><\/div>\n\t\t\t\t<\/div>\n\t\t\t\t<\/div>\n\t\t\t\t<div class=\"elementor-element elementor-element-7fed6a8d elementor-widget__width-auto elementor-widget elementor-widget-button\" data-id=\"7fed6a8d\" data-element_type=\"widget\" data-widget_type=\"button.default\">\n\t\t\t\t<div class=\"elementor-widget-container\">\n\t\t\t\t\t<div class=\"elementor-button-wrapper\">\n\t\t\t<a href=\"https:\/\/www.alcatelmobile.com\/cz\/wp-content\/uploads\/2019\/11\/2017_TCL_ESG_Report_ALCATEL.pdf\" class=\"elementor-button-link elementor-button elementor-size-sm\" target=\"_blank\" role=\"button\">\n\t\t\t\t\t\t<span class=\"elementor-button-content-wrapper\">\n\t\t\t\t\t\t<span class=\"elementor-button-text\"> A jelent\u00e9s let\u00f6lt\u00e9se <\/span>\n\t\t<\/span>\n\t\t\t\t\t<\/a>\n\t\t<\/div>\n\t\t\t\t<\/div>\n\t\t\t\t<\/div>\n\t\t\t\t\t\t<\/div>\n\t\t\t<\/div>\n\t\t<\/div>\n\t\t\t\t<div class=\"elementor-element elementor-element-2390936b mi-bg-invis-desktop elementor-column elementor-col-50 elementor-top-column\" data-id=\"2390936b\" data-element_type=\"column\">\n\t\t\t<div class=\"elementor-column-wrap  elementor-element-populated\">\n\t\t\t\t\t<div class=\"elementor-widget-wrap\">\n\t\t\t\t<div class=\"elementor-element elementor-element-5510ecef elementor-widget elementor-widget-spacer\" data-id=\"5510ecef\" data-element_type=\"widget\" data-widget_type=\"spacer.default\">\n\t\t\t\t<div class=\"elementor-widget-container\">\n\t\t\t\t\t<div class=\"elementor-spacer\">\n\t\t\t<div class=\"elementor-spacer-inner\"><\/div>\n\t\t<\/div>\n\t\t\t\t<\/div>\n\t\t\t\t<\/div>\n\t\t\t\t\t\t<\/div>\n\t\t\t<\/div>\n\t\t<\/div>\n\t\t\t\t\t\t<\/div>\n\t\t\t<\/div>\n\t\t<\/section>\n\t\t\t\t\t\t<\/div>\n\t\t\t<\/div>\n\t\t<\/div>\n\t\t","protected":false},"excerpt":{"rendered":"<p>Minden r\u00f3lunk sz\u00f3l\u00f3 inform\u00e1ci\u00f3 egy helyen.<\/p>\n","protected":false},"author":1,"featured_media":0,"parent":0,"menu_order":0,"comment_status":"closed","ping_status":"closed","template":"","meta":[],"_links":{"self":[{"href":"https:\/\/www.alcatelmobile.com\/hu\/content\/wp-json\/wp\/v2\/pages\/27811"}],"collection":[{"href":"https:\/\/www.alcatelmobile.com\/hu\/content\/wp-json\/wp\/v2\/pages"}],"about":[{"href":"https:\/\/www.alcatelmobile.com\/hu\/content\/wp-json\/wp\/v2\/types\/page"}],"author":[{"embeddable":true,"href":"https:\/\/www.alcatelmobile.com\/hu\/content\/wp-json\/wp\/v2\/users\/1"}],"replies":[{"embeddable":true,"href":"https:\/\/www.alcatelmobile.com\/hu\/content\/wp-json\/wp\/v2\/comments?post=27811"}],"version-history":[{"count":7,"href":"https:\/\/www.alcatelmobile.com\/hu\/content\/wp-json\/wp\/v2\/pages\/27811\/revisions"}],"predecessor-version":[{"id":28010,"href":"https:\/\/www.alcatelmobile.com\/hu\/content\/wp-json\/wp\/v2\/pages\/27811\/revisions\/28010"}],"wp:attachment":[{"href":"https:\/\/www.alcatelmobile.com\/hu\/content\/wp-json\/wp\/v2\/media?parent=27811"}],"curies":[{"name":"wp","href":"https:\/\/api.w.org\/{rel}","templated":true}]}}