{"id":13316,"date":"2019-06-27T17:47:54","date_gmt":"2019-06-27T09:47:54","guid":{"rendered":"https:\/\/www.alcatelmobile.com\/?post_type=product&#038;p=13316"},"modified":"2019-12-20T16:36:50","modified_gmt":"2019-12-20T08:36:50","slug":"alcatel-3x","status":"publish","type":"product","link":"https:\/\/www.alcatelmobile.com\/hu\/product\/smartphone\/alcatel3-szeria\/alcatel-3x\/","title":{"rendered":"Alcatel 3X"},"content":{"rendered":"","protected":false},"excerpt":{"rendered":"<p>T\u00e1g\u00edtsd ki a horizontot a kompakt FullView 18:9 kijelz\u0151vel<\/p>\n","protected":false},"featured_media":25760,"template":"","meta":[],"_links":{"self":[{"href":"https:\/\/www.alcatelmobile.com\/hu\/content\/wp-json\/wp\/v2\/product\/13316"}],"collection":[{"href":"https:\/\/www.alcatelmobile.com\/hu\/content\/wp-json\/wp\/v2\/product"}],"about":[{"href":"https:\/\/www.alcatelmobile.com\/hu\/content\/wp-json\/wp\/v2\/types\/product"}],"version-history":[{"count":9,"href":"https:\/\/www.alcatelmobile.com\/hu\/content\/wp-json\/wp\/v2\/product\/13316\/revisions"}],"predecessor-version":[{"id":28037,"href":"https:\/\/www.alcatelmobile.com\/hu\/content\/wp-json\/wp\/v2\/product\/13316\/revisions\/28037"}],"wp:featuredmedia":[{"embeddable":true,"href":"https:\/\/www.alcatelmobile.com\/hu\/content\/wp-json\/wp\/v2\/media\/25760"}],"wp:attachment":[{"href":"https:\/\/www.alcatelmobile.com\/hu\/content\/wp-json\/wp\/v2\/media?parent=13316"}],"curies":[{"name":"wp","href":"https:\/\/api.w.org\/{rel}","templated":true}]}}