{"id":13318,"date":"2019-06-27T17:48:15","date_gmt":"2019-06-27T09:48:15","guid":{"rendered":"https:\/\/www.alcatelmobile.com\/?post_type=product&#038;p=13318"},"modified":"2019-12-23T01:30:19","modified_gmt":"2019-12-22T17:30:19","slug":"alcatel-3v","status":"publish","type":"product","link":"https:\/\/www.alcatelmobile.com\/hu\/product\/smartphone\/alcatel3-szeria\/alcatel-3v\/","title":{"rendered":"Alcatel 3V"},"content":{"rendered":"","protected":false},"excerpt":{"rendered":"<p>Fedezzen fel egy teljesen \u00faj dimenzi\u00f3t a 2K FullView 18:9-es kijelz\u0151 seg\u00edts\u00e9g\u00e9vel<\/p>\n","protected":false},"featured_media":25857,"template":"","meta":[],"_links":{"self":[{"href":"https:\/\/www.alcatelmobile.com\/hu\/content\/wp-json\/wp\/v2\/product\/13318"}],"collection":[{"href":"https:\/\/www.alcatelmobile.com\/hu\/content\/wp-json\/wp\/v2\/product"}],"about":[{"href":"https:\/\/www.alcatelmobile.com\/hu\/content\/wp-json\/wp\/v2\/types\/product"}],"version-history":[{"count":11,"href":"https:\/\/www.alcatelmobile.com\/hu\/content\/wp-json\/wp\/v2\/product\/13318\/revisions"}],"predecessor-version":[{"id":28046,"href":"https:\/\/www.alcatelmobile.com\/hu\/content\/wp-json\/wp\/v2\/product\/13318\/revisions\/28046"}],"wp:featuredmedia":[{"embeddable":true,"href":"https:\/\/www.alcatelmobile.com\/hu\/content\/wp-json\/wp\/v2\/media\/25857"}],"wp:attachment":[{"href":"https:\/\/www.alcatelmobile.com\/hu\/content\/wp-json\/wp\/v2\/media?parent=13318"}],"curies":[{"name":"wp","href":"https:\/\/api.w.org\/{rel}","templated":true}]}}