{"id":13337,"date":"2019-06-27T20:53:40","date_gmt":"2019-06-27T12:53:40","guid":{"rendered":"https:\/\/www.alcatelmobile.com\/?post_type=product&#038;p=13337"},"modified":"2019-12-23T01:41:40","modified_gmt":"2019-12-22T17:41:40","slug":"alcatel-1x","status":"publish","type":"product","link":"https:\/\/www.alcatelmobile.com\/hu\/product\/smartphone\/alcatel1-szeria\/alcatel-1x\/","title":{"rendered":"Alcatel 1X"},"content":{"rendered":"","protected":false},"excerpt":{"rendered":"<p>Puha \u00e9rint\u00e9s\u0171 fel\u00fclet \u00e9s kiv\u00e1l\u00f3 vizu\u00e1lis \u00e9lm\u00e9nyt ny\u00fajt\u00f3 FullView 18:9-es k\u00e9par\u00e1ny\u00fa kijelz\u0151<\/p>\n","protected":false},"featured_media":25499,"template":"","meta":[],"_links":{"self":[{"href":"https:\/\/www.alcatelmobile.com\/hu\/content\/wp-json\/wp\/v2\/product\/13337"}],"collection":[{"href":"https:\/\/www.alcatelmobile.com\/hu\/content\/wp-json\/wp\/v2\/product"}],"about":[{"href":"https:\/\/www.alcatelmobile.com\/hu\/content\/wp-json\/wp\/v2\/types\/product"}],"version-history":[{"count":9,"href":"https:\/\/www.alcatelmobile.com\/hu\/content\/wp-json\/wp\/v2\/product\/13337\/revisions"}],"predecessor-version":[{"id":28054,"href":"https:\/\/www.alcatelmobile.com\/hu\/content\/wp-json\/wp\/v2\/product\/13337\/revisions\/28054"}],"wp:featuredmedia":[{"embeddable":true,"href":"https:\/\/www.alcatelmobile.com\/hu\/content\/wp-json\/wp\/v2\/media\/25499"}],"wp:attachment":[{"href":"https:\/\/www.alcatelmobile.com\/hu\/content\/wp-json\/wp\/v2\/media?parent=13337"}],"curies":[{"name":"wp","href":"https:\/\/api.w.org\/{rel}","templated":true}]}}