{"id":13354,"date":"2019-06-27T21:05:35","date_gmt":"2019-06-27T13:05:35","guid":{"rendered":"https:\/\/www.alcatelmobile.com\/?post_type=product&#038;p=13354"},"modified":"2019-12-20T16:18:23","modified_gmt":"2019-12-20T08:18:23","slug":"alcatel-5","status":"publish","type":"product","link":"https:\/\/www.alcatelmobile.com\/hu\/product\/smartphone\/alcatel5-szeria\/alcatel-5\/","title":{"rendered":"Alcatel 5"},"content":{"rendered":"","protected":false},"excerpt":{"rendered":"<p>Leny\u0171g\u00f6z\u0151 hat\u00e1rtalans\u00e1g<\/p>\n","protected":false},"featured_media":25890,"template":"","meta":[],"_links":{"self":[{"href":"https:\/\/www.alcatelmobile.com\/hu\/content\/wp-json\/wp\/v2\/product\/13354"}],"collection":[{"href":"https:\/\/www.alcatelmobile.com\/hu\/content\/wp-json\/wp\/v2\/product"}],"about":[{"href":"https:\/\/www.alcatelmobile.com\/hu\/content\/wp-json\/wp\/v2\/types\/product"}],"version-history":[{"count":7,"href":"https:\/\/www.alcatelmobile.com\/hu\/content\/wp-json\/wp\/v2\/product\/13354\/revisions"}],"predecessor-version":[{"id":28051,"href":"https:\/\/www.alcatelmobile.com\/hu\/content\/wp-json\/wp\/v2\/product\/13354\/revisions\/28051"}],"wp:featuredmedia":[{"embeddable":true,"href":"https:\/\/www.alcatelmobile.com\/hu\/content\/wp-json\/wp\/v2\/media\/25890"}],"wp:attachment":[{"href":"https:\/\/www.alcatelmobile.com\/hu\/content\/wp-json\/wp\/v2\/media?parent=13354"}],"curies":[{"name":"wp","href":"https:\/\/api.w.org\/{rel}","templated":true}]}}