{"id":13356,"date":"2019-06-27T21:07:06","date_gmt":"2019-06-27T13:07:06","guid":{"rendered":"https:\/\/www.alcatelmobile.com\/?post_type=product&#038;p=13356"},"modified":"2019-12-20T16:18:43","modified_gmt":"2019-12-20T08:18:43","slug":"alcatel-5v","status":"publish","type":"product","link":"https:\/\/www.alcatelmobile.com\/hu\/product\/smartphone\/alcatel5-szeria\/alcatel-5v\/","title":{"rendered":"Alcatel 5V"},"content":{"rendered":"","protected":false},"excerpt":{"rendered":"<p>\u00c9lvezze a 19: 9-es v\u00e9gtelen FullView kijelz\u0151 maxim\u00e1lis l\u00e1that\u00f3s\u00e1g\u00e1t!<\/p>\n","protected":false},"featured_media":25926,"template":"","meta":[],"_links":{"self":[{"href":"https:\/\/www.alcatelmobile.com\/hu\/content\/wp-json\/wp\/v2\/product\/13356"}],"collection":[{"href":"https:\/\/www.alcatelmobile.com\/hu\/content\/wp-json\/wp\/v2\/product"}],"about":[{"href":"https:\/\/www.alcatelmobile.com\/hu\/content\/wp-json\/wp\/v2\/types\/product"}],"version-history":[{"count":8,"href":"https:\/\/www.alcatelmobile.com\/hu\/content\/wp-json\/wp\/v2\/product\/13356\/revisions"}],"predecessor-version":[{"id":28035,"href":"https:\/\/www.alcatelmobile.com\/hu\/content\/wp-json\/wp\/v2\/product\/13356\/revisions\/28035"}],"wp:featuredmedia":[{"embeddable":true,"href":"https:\/\/www.alcatelmobile.com\/hu\/content\/wp-json\/wp\/v2\/media\/25926"}],"wp:attachment":[{"href":"https:\/\/www.alcatelmobile.com\/hu\/content\/wp-json\/wp\/v2\/media?parent=13356"}],"curies":[{"name":"wp","href":"https:\/\/api.w.org\/{rel}","templated":true}]}}