{"id":13664,"date":"2019-07-02T13:54:13","date_gmt":"2019-07-02T05:54:13","guid":{"rendered":"https:\/\/www.alcatelmobile.com\/?post_type=product&#038;p=13664"},"modified":"2019-12-18T17:43:06","modified_gmt":"2019-12-18T09:43:06","slug":"movetime-tracktalk-watch","status":"publish","type":"product","link":"https:\/\/www.alcatelmobile.com\/hu\/product\/smartwatch\/alcatel-move-szeria\/movetime-tracktalk-watch\/","title":{"rendered":"MOVETIME Track &#038; Talk watch"},"content":{"rendered":"","protected":false},"excerpt":{"rendered":"<p>2G kapcsolattal a sz\u00fcl\u0151k nyugalm\u00e1\u00e9rt<\/p>\n","protected":false},"featured_media":13712,"template":"","meta":[],"_links":{"self":[{"href":"https:\/\/www.alcatelmobile.com\/hu\/content\/wp-json\/wp\/v2\/product\/13664"}],"collection":[{"href":"https:\/\/www.alcatelmobile.com\/hu\/content\/wp-json\/wp\/v2\/product"}],"about":[{"href":"https:\/\/www.alcatelmobile.com\/hu\/content\/wp-json\/wp\/v2\/types\/product"}],"version-history":[{"count":6,"href":"https:\/\/www.alcatelmobile.com\/hu\/content\/wp-json\/wp\/v2\/product\/13664\/revisions"}],"predecessor-version":[{"id":27999,"href":"https:\/\/www.alcatelmobile.com\/hu\/content\/wp-json\/wp\/v2\/product\/13664\/revisions\/27999"}],"wp:featuredmedia":[{"embeddable":true,"href":"https:\/\/www.alcatelmobile.com\/hu\/content\/wp-json\/wp\/v2\/media\/13712"}],"wp:attachment":[{"href":"https:\/\/www.alcatelmobile.com\/hu\/content\/wp-json\/wp\/v2\/media?parent=13664"}],"curies":[{"name":"wp","href":"https:\/\/api.w.org\/{rel}","templated":true}]}}