{"id":28075,"date":"2020-02-11T18:17:41","date_gmt":"2020-02-11T10:17:41","guid":{"rendered":"https:\/\/www.alcatelmobile.com\/hu\/?post_type=product&#038;p=28075"},"modified":"2020-07-28T13:19:19","modified_gmt":"2020-07-28T05:19:19","slug":"alcatel-1b-2020","status":"publish","type":"product","link":"https:\/\/www.alcatelmobile.com\/hu\/product\/smartphone\/alcatel1-szeria\/alcatel-1b-2020\/","title":{"rendered":"Alcatel 1B (2020)"},"content":{"rendered":"","protected":false},"excerpt":{"rendered":"<p>Fedezd fel a k\u00f6nnyed egyszer\u0171s\u00e9get<\/p>\n","protected":false},"featured_media":28101,"template":"","meta":[],"_links":{"self":[{"href":"https:\/\/www.alcatelmobile.com\/hu\/content\/wp-json\/wp\/v2\/product\/28075"}],"collection":[{"href":"https:\/\/www.alcatelmobile.com\/hu\/content\/wp-json\/wp\/v2\/product"}],"about":[{"href":"https:\/\/www.alcatelmobile.com\/hu\/content\/wp-json\/wp\/v2\/types\/product"}],"version-history":[{"count":2,"href":"https:\/\/www.alcatelmobile.com\/hu\/content\/wp-json\/wp\/v2\/product\/28075\/revisions"}],"predecessor-version":[{"id":28203,"href":"https:\/\/www.alcatelmobile.com\/hu\/content\/wp-json\/wp\/v2\/product\/28075\/revisions\/28203"}],"wp:featuredmedia":[{"embeddable":true,"href":"https:\/\/www.alcatelmobile.com\/hu\/content\/wp-json\/wp\/v2\/media\/28101"}],"wp:attachment":[{"href":"https:\/\/www.alcatelmobile.com\/hu\/content\/wp-json\/wp\/v2\/media?parent=28075"}],"curies":[{"name":"wp","href":"https:\/\/api.w.org\/{rel}","templated":true}]}}