{"id":28127,"date":"2020-02-11T18:35:43","date_gmt":"2020-02-11T10:35:43","guid":{"rendered":"https:\/\/www.alcatelmobile.com\/hu\/?post_type=product&#038;p=28127"},"modified":"2020-07-28T13:20:20","modified_gmt":"2020-07-28T05:20:20","slug":"alcatel-3l-2020","status":"publish","type":"product","link":"https:\/\/www.alcatelmobile.com\/hu\/product\/smartphone\/alcatel3-szeria\/alcatel-3l-2020\/","title":{"rendered":"Alcatel 3L (2020)"},"content":{"rendered":"","protected":false},"excerpt":{"rendered":"<p>\u00c9lj \u00e1t minden r\u00e9szletet a 48 MP-es tripla kamer\u00e1val!<\/p>\n","protected":false},"featured_media":28153,"template":"","meta":[],"_links":{"self":[{"href":"https:\/\/www.alcatelmobile.com\/hu\/content\/wp-json\/wp\/v2\/product\/28127"}],"collection":[{"href":"https:\/\/www.alcatelmobile.com\/hu\/content\/wp-json\/wp\/v2\/product"}],"about":[{"href":"https:\/\/www.alcatelmobile.com\/hu\/content\/wp-json\/wp\/v2\/types\/product"}],"version-history":[{"count":2,"href":"https:\/\/www.alcatelmobile.com\/hu\/content\/wp-json\/wp\/v2\/product\/28127\/revisions"}],"predecessor-version":[{"id":28204,"href":"https:\/\/www.alcatelmobile.com\/hu\/content\/wp-json\/wp\/v2\/product\/28127\/revisions\/28204"}],"wp:featuredmedia":[{"embeddable":true,"href":"https:\/\/www.alcatelmobile.com\/hu\/content\/wp-json\/wp\/v2\/media\/28153"}],"wp:attachment":[{"href":"https:\/\/www.alcatelmobile.com\/hu\/content\/wp-json\/wp\/v2\/media?parent=28127"}],"curies":[{"name":"wp","href":"https:\/\/api.w.org\/{rel}","templated":true}]}}