{"id":664,"date":"2019-04-22T17:31:58","date_gmt":"2019-04-22T09:31:58","guid":{"rendered":"https:\/\/www.alcatelmobile.com\/?post_type=product&#038;p=664"},"modified":"2019-12-20T16:42:11","modified_gmt":"2019-12-20T08:42:11","slug":"alcatel-3-2019","status":"publish","type":"product","link":"https:\/\/www.alcatelmobile.com\/hu\/product\/smartphone\/alcatel3-szeria\/alcatel-3-2019\/","title":{"rendered":"Alcatel 3 (2019)"},"content":{"rendered":"","protected":false},"excerpt":{"rendered":"<p>Tapasztald meg az optim\u00e1lis teljes\u00edtm\u00e9nyt a Super Full View kijelz\u0151vel<\/p>\n","protected":false},"featured_media":1627,"template":"","meta":[],"_links":{"self":[{"href":"https:\/\/www.alcatelmobile.com\/hu\/content\/wp-json\/wp\/v2\/product\/664"}],"collection":[{"href":"https:\/\/www.alcatelmobile.com\/hu\/content\/wp-json\/wp\/v2\/product"}],"about":[{"href":"https:\/\/www.alcatelmobile.com\/hu\/content\/wp-json\/wp\/v2\/types\/product"}],"version-history":[{"count":167,"href":"https:\/\/www.alcatelmobile.com\/hu\/content\/wp-json\/wp\/v2\/product\/664\/revisions"}],"predecessor-version":[{"id":28039,"href":"https:\/\/www.alcatelmobile.com\/hu\/content\/wp-json\/wp\/v2\/product\/664\/revisions\/28039"}],"wp:featuredmedia":[{"embeddable":true,"href":"https:\/\/www.alcatelmobile.com\/hu\/content\/wp-json\/wp\/v2\/media\/1627"}],"wp:attachment":[{"href":"https:\/\/www.alcatelmobile.com\/hu\/content\/wp-json\/wp\/v2\/media?parent=664"}],"curies":[{"name":"wp","href":"https:\/\/api.w.org\/{rel}","templated":true}]}}