{"id":26275,"date":"2019-07-11T10:58:53","date_gmt":"2019-07-11T02:58:53","guid":{"rendered":"https:\/\/www.alcatelmobile.com\/?page_id=26275"},"modified":"2021-07-07T15:19:00","modified_gmt":"2021-07-07T07:19:00","slug":"cookie-policy","status":"publish","type":"page","link":"https:\/\/www.alcatelmobile.com\/it\/cookie-policy\/","title":{"rendered":"Politica sull\u2019uso dei cookie"},"content":{"rendered":"\t\t<div data-elementor-type=\"post\" data-elementor-id=\"26275\" class=\"elementor elementor-26275\" data-elementor-settings=\"[]\">\n\t\t\t<div class=\"elementor-inner\">\n\t\t\t\t<div class=\"elementor-section-wrap\">\n\t\t\t\t\t\t\t<section class=\"elementor-element elementor-element-4862f035 mi-no-height elementor-section-boxed elementor-section-height-default elementor-section-height-default elementor-section elementor-top-section\" data-id=\"4862f035\" data-element_type=\"section\">\n\t\t\t\t\t\t<div class=\"elementor-container elementor-column-gap-no\">\n\t\t\t\t<div class=\"elementor-row\">\n\t\t\t\t<div class=\"elementor-element elementor-element-7a0bfd04 elementor-column elementor-col-100 elementor-top-column\" data-id=\"7a0bfd04\" data-element_type=\"column\">\n\t\t\t<div class=\"elementor-column-wrap  elementor-element-populated\">\n\t\t\t\t\t<div class=\"elementor-widget-wrap\">\n\t\t\t\t<div class=\"elementor-element elementor-element-6765cc07 elementor-widget elementor-widget-html\" data-id=\"6765cc07\" data-element_type=\"widget\" data-widget_type=\"html.default\">\n\t\t\t\t<div class=\"elementor-widget-container\">\n\t\t\t<div id=\"mi-alternative-menu-bottom-border-color\" data-alt-class=\"mi-dark-bottom-border\"><\/div>\t\t<\/div>\n\t\t\t\t<\/div>\n\t\t\t\t\t\t<\/div>\n\t\t\t<\/div>\n\t\t<\/div>\n\t\t\t\t\t\t<\/div>\n\t\t\t<\/div>\n\t\t<\/section>\n\t\t\t\t<section class=\"elementor-element elementor-element-1deda77d elementor-section-boxed elementor-section-height-default elementor-section-height-default elementor-section elementor-top-section\" data-id=\"1deda77d\" data-element_type=\"section\">\n\t\t\t\t\t\t<div class=\"elementor-container elementor-column-gap-no\">\n\t\t\t\t<div class=\"elementor-row\">\n\t\t\t\t<div class=\"elementor-element elementor-element-16052129 elementor-column elementor-col-100 elementor-top-column\" data-id=\"16052129\" data-element_type=\"column\">\n\t\t\t<div class=\"elementor-column-wrap  elementor-element-populated\">\n\t\t\t\t\t<div class=\"elementor-widget-wrap\">\n\t\t\t\t<div class=\"elementor-element elementor-element-133c6fc4 elementor-widget elementor-widget-theme-post-title elementor-page-title elementor-widget-heading\" data-id=\"133c6fc4\" data-element_type=\"widget\" data-widget_type=\"theme-post-title.default\">\n\t\t\t\t<div class=\"elementor-widget-container\">\n\t\t\t<h1 class=\"elementor-heading-title elementor-size-default\">Politica sull\u2019uso dei cookie<\/h1>\t\t<\/div>\n\t\t\t\t<\/div>\n\t\t\t\t<div class=\"elementor-element elementor-element-75a7ef72 mi-general-text mi-hyperlink-blue elementor-widget elementor-widget-text-editor\" data-id=\"75a7ef72\" data-element_type=\"widget\" data-widget_type=\"text-editor.default\">\n\t\t\t\t<div class=\"elementor-widget-container\">\n\t\t\t\t\t<div class=\"elementor-text-editor elementor-clearfix\"><p>Utilizziamo i \u201ccookie\u201d e tecnologie web simili, inclusi pixel tag o web beacon (\u201dSistemi automatici di raccolta dati\u201d), per supportare alcune funzioni dell\u2019account Alcatel e di altri siti web ed applicazioni gestiti da noi. Questi sistemi automatici sono porzioni di codice installati sul tuo dispositivo. I Sistemi automatici di raccolta dati consentono al sito web di riconoscere il browser o dispositivo quando visita il sito o usa un\u2019applicazione Alcatel o quando torna al sito web o riutilizza un\u2019applicazione Alcatel. Utilizziamo i tipi seguenti di sistemi automatici:<\/p>\n<p><u>Categoria 1 &#8211; Sistemi assolutamente necessari:<\/u><\/p>\n<p>Utilizziamo diversi Sistemi automatici di raccolta dati che sono essenziali per il funzionamento dei prodotti Alcatel e che consentono la fornitura di servizi che ha specificamente richiesto. Questi tipi di Sistemi automatici di raccolta dati ci consentono:<\/p>\n<ul>\n<li>di registrare che ha effettuato l\u2019accesso al Suo account<\/li>\n<li>di registrare quando d\u00e0 il consenso all\u2019uso da parte nostra di Sistemi automatici di raccolta dati, quando applicabile;<\/li>\n<li>di fornirLe prodotti e servizi e di gestire le transazioni, oltre che di consentire ai siti web o ad altri prodotti Alcatel di ricordare i prodotti che aggiunge al carrello o le informazioni che ha fornito nei moduli;<\/li>\n<li>di visualizzare le recensioni dei prodotti che ci invia;<\/li>\n<li>di fornirLe la sicurezza necessaria quando usa i prodotti Alcatel, per esempio, di monitorare il flusso di traffico e le visite per rilevare potenziali minacce alla sicurezza (come in caso di traffico insolitamente elevato o rapido); e<\/li>\n<li>di assicurare che il contenuto dei prodotti Alcatel che ha richiesto possa essere caricato velocemente.<\/li>\n<\/ul>\n<p>Senza questi Sistemi automatici di raccolta dati, i servizi che ha chiesto non possono essere forniti.<\/p>\n<p>Desideriamo che comprenda il motivo per cui utilizziamo questi indispensabili Sistemi automatici di raccolta dati, tuttavia non abbiamo bisogno del Suo consenso per utilizzarli perch\u00e9 ne facciamo uso esclusivamente per fornirLe i servizi che ci ha richiesto.<\/p>\n<p><u>Categoria 2 &#8211; Sistemi per il miglioramento delle prestazioni:<\/u><\/p>\n<p>Questi Sistemi automatici di raccolta dati raccolgono informazioni sul Suo modo di utilizzo dei prodotti Alcatel. Ci consentono di capire:<\/p>\n<ul>\n<li>quale dispositivo usa e\/o da quale sito web proviene;<\/li>\n<li>quali prodotti Alcatel e relative funzioni utilizza pi\u00f9 frequentemente, cos\u00ec possiamo utilizzare queste informazioni per migliorarne la funzionalit\u00e0;<\/li>\n<li>le Sue preferenze per assicurare che Le vengano forniti contenuti di siti web\/applicazioni (compresi contenuti pubblicitari) pi\u00f9 pertinenti; e<\/li>\n<li>se riceve messaggi di errore.<\/li>\n<\/ul>\n<p>Le informazioni raccolte sono utilizzate esclusivamente per migliorare le prestazioni dei prodotti Alcatel.<\/p>\n<p>Inoltre, il linguaggio di codifica con cui \u00e8 scritto il sito web Alcatel utilizza Sistemi automatici di raccolta dati che cancellano i dati dopo una volta chiusa la sessione del browser. I dati vengono cancellati ogni volta che chiude il browser. Questi sistemi non memorizzano alcuna informazione sui visitatori dopo che il browser \u00e8 stato chiuso.<\/p>\n<p>Alcuni di questi Sistemi automatici di raccolta dati sono forniti dalle terze parti seguenti:<\/p>\n<table width=\"640\">\n<thead>\n<tr>\n<td>\n<p><strong>Nome<\/strong><\/p>\n<\/td>\n<td>\n<p><strong>Fornitore<\/strong><\/p>\n<\/td>\n<td>\n<p><strong>Scopo<\/strong><\/p>\n<\/td>\n<td>\n<p><strong>Scadenza<\/strong><\/p>\n<\/td>\n<td>\n<p><strong>Tipo<\/strong><\/p>\n<\/td>\n<\/tr>\n<\/thead>\n<tbody>\n<tr>\n<td>\n<p>no_more_select_country<\/p>\n<\/td>\n<td>\n<p>Alcatel<\/p>\n<\/td>\n<td>\n<p>Saltare la finestra di dialogo di selezione del paese.<\/p>\n<\/td>\n<td>\n<p>365\u00a0giorni<\/p>\n<\/td>\n<td>\n<p>html<\/p>\n<\/td>\n<\/tr>\n<tr>\n<td>\n<p>no_show_gdpr<\/p>\n<\/td>\n<td>\n<p>Alcatel<\/p>\n<\/td>\n<td>\n<p>Saltare la finestra di dialogo dell\u2019informativa sul GDPR.<\/p>\n<\/td>\n<td>\n<p>365\u00a0giorni<\/p>\n<\/td>\n<td>\n<p>html<\/p>\n<\/td>\n<\/tr>\n<tr>\n<td>\n<p>gdpr_preference<\/p>\n<\/td>\n<td>\n<p>Alcatel<\/p>\n<\/td>\n<td>\n<p>Ricordare le preferenze per il sito.<\/p>\n<\/td>\n<td>\n<p>365\u00a0giorni<\/p>\n<\/td>\n<td>\n<p>html<\/p>\n<\/td>\n<\/tr>\n<tr>\n<td>\n<p>gdpr_tracking<\/p>\n<\/td>\n<td>\n<p>Alcatel<\/p>\n<\/td>\n<td>\n<p>Ricordare che le statistiche sono attivate.<\/p>\n<\/td>\n<td>\n<p>365\u00a0giorni<\/p>\n<\/td>\n<td>\n<p>html<\/p>\n<\/td>\n<\/tr>\n<\/tbody>\n<\/table>\n<ul>\n<li>Google Analytics (per maggiori informazioni, visitare il <a href=\"https:\/\/developers.google.com\/analytics\/devguides\/collection\/analyticsjs\/cookie-usage\">sito web<\/a> e consultare l\u2019<a href=\"https:\/\/policies.google.com\/privacy?hl=en\">informativa sulla privacy<\/a> di Google).<\/li>\n<\/ul>\n<p>Utilizziamo Google Analytics, che \u00e8 uno strumento di analisi dei dati web che ci aiuta a comprendere come gli utenti interagiscono con l\u2019account Alcatel o altri siti web\/applicazioni Alcatel. Google Analytics tiene traccia dei Suoi movimenti nel nostro sito (per es. le pagine che ha visualizzato e i link su cui ha cliccato) e ci aiuta a capire come interagisce con i contenuti che forniamo. Queste informazioni sono utilizzate per compilare rapporti e per aiutarci a migliorare l\u2019account Alcatel o altri siti web\/applicazioni Alcatel. I rapporti mostrano le tendenze registrate nel sito web, senza identificare i singoli visitatori. \u00c8 possibile rinunciare a Google Analytics senza influenzare l\u2019uso del nostro sito. Per maggiori informazioni sulla rinuncia a Google Analytics in tutti i siti web, visitare il sito web di Google all\u2019indirizzo:\u00a0<a href=\"https:\/\/tools.google.com\/dlpage\/gaoptout\">https:\/\/tools.google.com\/dlpage\/gaoptout<\/a>.<\/p>\n<p>Questi sistemi automatici scadono dopo 1\u00a0anno, a meno che Lei non cancelli i dati prima di utilizzare il browser o le impostazioni del telefono.<\/p>\n<p><u>Categoria 3 &#8211; Funzionalit\u00e0<\/u><\/p>\n<p>Questi Sistemi automatici di raccolta dati, consentono ai prodotti Alcatel di ricordare le scelte che ha effettuato. Ci consentono di ricordare il Suo nome utente, la lingua e le modifiche che ha effettuato a varie altre parti dei nostri servizi che pu\u00f2 personalizzare.<\/p>\n<p>Lo scopo di questi Sistemi automatici di raccolta dati \u00e8 di fornirLe un\u2019esperienza pi\u00f9 personale in modo che non debba resettare le preferenze ogni volta che visita il nostro sito.<\/p>\n<p>Utilizziamo anche Sistemi automatici di raccolta dati per l\u2019offerta di funzioni supplementari e servizi avanzati, come la possibilit\u00e0 di commentare una discussione in un forum o di visualizzare un video sul nostro sito web.<\/p>\n<p>Alcuni di questi Sistemi Automatici di Raccolta Dati sono forniti dalle terze parti seguenti:<\/p>\n<table width=\"640\">\n<thead>\n<tr>\n<td>\n<p><strong>Nome<\/strong><\/p>\n<\/td>\n<td>\n<p><strong>Fornitore<\/strong><\/p>\n<\/td>\n<td>\n<p><strong>Scopo<\/strong><\/p>\n<\/td>\n<td>\n<p><strong>Scadenza<\/strong><\/p>\n<\/td>\n<td>\n<p><strong>Tipo<\/strong><\/p>\n<\/td>\n<\/tr>\n<\/thead>\n<tbody>\n<tr>\n<td>\n<p>_ga<\/p>\n<\/td>\n<td>\n<p><a href=\"https:\/\/policies.google.com\/privacy\">Google Tag Manager<\/a><\/p>\n<\/td>\n<td>\n<p>Registra un ID univoco utilizzato per generare dati statistici sul modo in cui il visitatore utilizza il sito web.<\/p>\n<\/td>\n<td>\n<p>365\u00a0giorni<\/p>\n<\/td>\n<td>\n<p>http<\/p>\n<\/td>\n<\/tr>\n<tr>\n<td>\n<p>_gat_gtag_UA_107287510_1<\/p>\n<\/td>\n<td>\n<p><a href=\"https:\/\/policies.google.com\/privacy\">Google Tag Manager<\/a><\/p>\n<\/td>\n<td>\n<p>Utilizzato da Google Analytics per abbassare il numero delle richieste.<\/p>\n<\/td>\n<td>\n<p>1 giorno<\/p>\n<\/td>\n<td>\n<p>http<\/p>\n<\/td>\n<\/tr>\n<tr>\n<td>\n<p>_gid<\/p>\n<\/td>\n<td>\n<p><a href=\"https:\/\/policies.google.com\/privacy\">Google Tag Manager<\/a><\/p>\n<\/td>\n<td>\n<p>Registra un ID univoco utilizzato per generare dati statistici sul modo in cui il visitatore utilizza il sito web.<\/p>\n<\/td>\n<td>\n<p>1 giorno<\/p>\n<\/td>\n<td>\n<p>http<\/p>\n<\/td>\n<\/tr>\n<\/tbody>\n<\/table>\n<p>Questi sistemi automatici scadono dopo 1\u00a0anno, a meno che Lei non cancelli i dati prima di utilizzare il browser o le impostazioni del telefono.<\/p>\n<p><u>Come gestire i Sistemi automatici di raccolta dati<\/u><\/p>\n<p>Se non vuole ricevere i cookie, pu\u00f2 impostare il Suo browser in modo che rifiuti i cookie o La avverta quando viene inserito un cookie nel Suo dispositivo. Pu\u00f2 anche eliminare i cookie non appena esce dall\u2019account Alcatel o da un altro sito web\/applicazione Alcatel. Anche se non \u00e8 obbligato ad accettare i cookie quando accede all\u2019account Alcatel, se imposta il browser in modo che rifiuti i cookie, potrebbe non essere in grado di utilizzare tutte le funzioni e funzionalit\u00e0 dell\u2019account Alcatel o di altri siti web\/applicazioni Alcatel.<\/p>\n<p>Per esempio, la sezione di Aiuto presente nella barra degli strumenti nella maggior parte dei browser indica come impedire che il browser accetti nuovi cookie, come essere avvisato dal browser quando riceve un nuovo Sistema automatico di raccolta dati e come disabilitare completamente questi sistemi. Per quanto riguarda alcuni dei browser pi\u00f9 diffusi, maggiori informazioni sono disponibili ai link seguenti:\u00a0<a href=\"https:\/\/support.google.com\/accounts\/answer\/61416?co=GENIE.Platform%3DDesktop&amp;hl=en\">Google Chrome<\/a>;\u00a0<a href=\"https:\/\/privacy.microsoft.com\/en-us\/windows-10-microsoft-edge-and-privacy\">Microsoft Edge<\/a>;\u00a0<a href=\"https:\/\/support.mozilla.org\/en-US\/kb\/enable-and-disable-cookies-website-preferences\">Mozilla<\/a>\u00a0Firefox;\u00a0<a href=\"https:\/\/support.microsoft.com\/en-gb\/help\/17442\/windows-internet-explorer-delete-manage-cookies\">Microsoft Internet Explorer<\/a>;\u00a0<a href=\"https:\/\/www.opera.com\/help\/tutorials\/security\/privacy\/\">Opera<\/a>\u00a0e\u00a0<a href=\"https:\/\/support.apple.com\/kb\/ph21411?locale=en_US\">Apple Safari<\/a>.<\/p>\n<p>Laddove richiesto dalla legge, Le mostreremo un banner la prima volta che visiter\u00e0 il nostro sito web\/applicazione, spiegandoLe quale tipo di Sistemi automatici di raccolta dati utilizziamo e chiedendoLe di accettare alcuni dei nostri Sistemi automatici di raccolta dati.<\/p>\n<p><u>Dati personali raccolti tramite i Sistemi automatici di raccolta dati<\/u><\/p>\n<p>Utilizziamo i dati personali raccolti tramite i Sistemi automatici di raccolta dati per gli scopi specificati nella nostra Informativa sulla privacy\u00a0<em>[<\/em><a href=\"https:\/\/www.alcatelmobile.com\/privacy\/\">https:\/\/www.alcatelmobile.com\/privacy\/<\/a><em>]<\/em>. Per quei cookie per i quali chiediamo il Suo consenso all\u2019uso, ci basiamo sul consenso come base giuridica per il trattamento dei Dati personali raccolti tramite di essi.<\/p>\n<p><u>Modifiche alla presente Politica sull&#8217;uso dei Cookie<\/u><\/p>\n<p>Potremo periodicamente aggiornare la presente Politica sull&#8217;uso dei Cookie. Se saranno apportate modifiche materiali alla presente Politica sull&#8217;uso dei Cookie, La avviseremo con una segnalazione sul nostro sito web o inviandoLe un\u2019e-mail o tramite altri mezzi permessi secondo le leggi applicabili:<\/p>\n<ul>\n<li>per registrare che ha effettuato l\u2019accesso al Suo account<\/li>\n<li>per registrare quando d\u00e0 il consenso all\u2019uso da parte nostra di Sistemi automatici di raccolta dati, quando applicabile;<\/li>\n<li>per fornirLe prodotti e servizi e di gestire le transazioni, oltre che di consentire ai siti web o ad altri prodotti Alcatel di ricordare i prodotti che aggiunge al carrello o le informazioni che ha fornito nei moduli;<\/li>\n<li>per visualizzare le recensioni dei prodotti che ci invia;<\/li>\n<li>per fornirLe la sicurezza necessaria quando usa i prodotti Alcatel, per esempio, di monitorare il flusso di traffico e le visite per rilevare potenziali minacce alla sicurezza (come in caso di traffico insolitamente elevato o rapido); e<\/li>\n<li>per assicurare che il contenuto dei prodotti Alcatel che ha richiesto possa essere caricato velocemente.<\/li>\n<\/ul><\/div>\n\t\t\t\t<\/div>\n\t\t\t\t<\/div>\n\t\t\t\t\t\t<\/div>\n\t\t\t<\/div>\n\t\t<\/div>\n\t\t\t\t\t\t<\/div>\n\t\t\t<\/div>\n\t\t<\/section>\n\t\t\t\t\t\t<\/div>\n\t\t\t<\/div>\n\t\t<\/div>\n\t\t","protected":false},"excerpt":{"rendered":"<p>Utilizziamo i \u201ccookie\u201d e tecnologie web simili, inclusi pixel tag o web beacon (\u201dSistemi automatici di raccolta dati\u201d), per supportare alcune funzioni dell\u2019account Alcatel e di altri siti web ed applicazioni gestiti da noi. Questi sistemi automatici sono porzioni di codice installati sul tuo dispositivo. I Sistemi automatici di raccolta dati consentono al sito web &hellip;<\/p>\n<p class=\"read-more\"> <a class=\"\" href=\"https:\/\/www.alcatelmobile.com\/it\/cookie-policy\/\"> <span class=\"screen-reader-text\">Politica sull\u2019uso dei cookie<\/span> Read More &raquo;<\/a><\/p>\n","protected":false},"author":1,"featured_media":0,"parent":0,"menu_order":0,"comment_status":"closed","ping_status":"closed","template":"","meta":{"footnotes":""},"class_list":["post-26275","page","type-page","status-publish","hentry"],"yoast_head":"<!-- This site is optimized with the Yoast SEO plugin v24.7 - https:\/\/yoast.com\/wordpress\/plugins\/seo\/ -->\n<title>Politica sull\u2019uso dei cookie - Alcatel<\/title>\n<meta name=\"robots\" content=\"index, follow, max-snippet:-1, max-image-preview:large, max-video-preview:-1\" \/>\n<link rel=\"canonical\" href=\"https:\/\/www.alcatelmobile.com\/it\/cookie-policy\/\" \/>\n<meta property=\"og:locale\" content=\"en_US\" \/>\n<meta property=\"og:type\" content=\"article\" \/>\n<meta property=\"og:title\" content=\"Politica sull\u2019uso dei cookie - Alcatel\" \/>\n<meta property=\"og:description\" content=\"Utilizziamo i \u201ccookie\u201d e tecnologie web simili, inclusi pixel tag o web beacon (\u201dSistemi automatici di raccolta dati\u201d), per supportare alcune funzioni dell\u2019account Alcatel e di altri siti web ed applicazioni gestiti da noi. Questi sistemi automatici sono porzioni di codice installati sul tuo dispositivo. I Sistemi automatici di raccolta dati consentono al sito web &hellip; Politica sull\u2019uso dei cookie Read More &raquo;\" \/>\n<meta property=\"og:url\" content=\"https:\/\/www.alcatelmobile.com\/it\/cookie-policy\/\" \/>\n<meta property=\"og:site_name\" content=\"Alcatel\" \/>\n<meta property=\"article:modified_time\" content=\"2021-07-07T07:19:00+00:00\" \/>\n<meta name=\"twitter:card\" content=\"summary_large_image\" \/>\n<meta name=\"twitter:label1\" content=\"Est. reading time\" \/>\n\t<meta name=\"twitter:data1\" content=\"7 minutes\" \/>\n<script type=\"application\/ld+json\" class=\"yoast-schema-graph\">{\"@context\":\"https:\/\/schema.org\",\"@graph\":[{\"@type\":\"WebPage\",\"@id\":\"https:\/\/www.alcatelmobile.com\/it\/cookie-policy\/\",\"url\":\"https:\/\/www.alcatelmobile.com\/it\/cookie-policy\/\",\"name\":\"Politica sull\u2019uso dei cookie - Alcatel\",\"isPartOf\":{\"@id\":\"https:\/\/www.alcatelmobile.com\/it\/#website\"},\"datePublished\":\"2019-07-11T02:58:53+00:00\",\"dateModified\":\"2021-07-07T07:19:00+00:00\",\"inLanguage\":\"en-US\",\"potentialAction\":[{\"@type\":\"ReadAction\",\"target\":[\"https:\/\/www.alcatelmobile.com\/it\/cookie-policy\/\"]}]},{\"@type\":\"WebSite\",\"@id\":\"https:\/\/www.alcatelmobile.com\/it\/#website\",\"url\":\"https:\/\/www.alcatelmobile.com\/it\/\",\"name\":\"Alcatel\",\"description\":\"\",\"publisher\":{\"@id\":\"https:\/\/www.alcatelmobile.com\/it\/#organization\"},\"potentialAction\":[{\"@type\":\"SearchAction\",\"target\":{\"@type\":\"EntryPoint\",\"urlTemplate\":\"https:\/\/www.alcatelmobile.com\/it\/?s={search_term_string}\"},\"query-input\":{\"@type\":\"PropertyValueSpecification\",\"valueRequired\":true,\"valueName\":\"search_term_string\"}}],\"inLanguage\":\"en-US\"},{\"@type\":\"Organization\",\"@id\":\"https:\/\/www.alcatelmobile.com\/it\/#organization\",\"name\":\"Alcatel\",\"url\":\"https:\/\/www.alcatelmobile.com\/it\/\",\"logo\":{\"@type\":\"ImageObject\",\"inLanguage\":\"en-US\",\"@id\":\"https:\/\/www.alcatelmobile.com\/it\/#\/schema\/logo\/image\/\",\"url\":\"https:\/\/www.alcatelmobile.com\/it\/wp-content\/uploads\/2019\/05\/Alcatel_logo_2016.svg\",\"contentUrl\":\"https:\/\/www.alcatelmobile.com\/it\/wp-content\/uploads\/2019\/05\/Alcatel_logo_2016.svg\",\"caption\":\"Alcatel\"},\"image\":{\"@id\":\"https:\/\/www.alcatelmobile.com\/it\/#\/schema\/logo\/image\/\"}}]}<\/script>\n<!-- \/ Yoast SEO plugin. -->","yoast_head_json":{"title":"Politica sull\u2019uso dei cookie - Alcatel","robots":{"index":"index","follow":"follow","max-snippet":"max-snippet:-1","max-image-preview":"max-image-preview:large","max-video-preview":"max-video-preview:-1"},"canonical":"https:\/\/www.alcatelmobile.com\/it\/cookie-policy\/","og_locale":"en_US","og_type":"article","og_title":"Politica sull\u2019uso dei cookie - Alcatel","og_description":"Utilizziamo i \u201ccookie\u201d e tecnologie web simili, inclusi pixel tag o web beacon (\u201dSistemi automatici di raccolta dati\u201d), per supportare alcune funzioni dell\u2019account Alcatel e di altri siti web ed applicazioni gestiti da noi. Questi sistemi automatici sono porzioni di codice installati sul tuo dispositivo. I Sistemi automatici di raccolta dati consentono al sito web &hellip; Politica sull\u2019uso dei cookie Read More &raquo;","og_url":"https:\/\/www.alcatelmobile.com\/it\/cookie-policy\/","og_site_name":"Alcatel","article_modified_time":"2021-07-07T07:19:00+00:00","twitter_card":"summary_large_image","twitter_misc":{"Est. reading time":"7 minutes"},"schema":{"@context":"https:\/\/schema.org","@graph":[{"@type":"WebPage","@id":"https:\/\/www.alcatelmobile.com\/it\/cookie-policy\/","url":"https:\/\/www.alcatelmobile.com\/it\/cookie-policy\/","name":"Politica sull\u2019uso dei cookie - Alcatel","isPartOf":{"@id":"https:\/\/www.alcatelmobile.com\/it\/#website"},"datePublished":"2019-07-11T02:58:53+00:00","dateModified":"2021-07-07T07:19:00+00:00","inLanguage":"en-US","potentialAction":[{"@type":"ReadAction","target":["https:\/\/www.alcatelmobile.com\/it\/cookie-policy\/"]}]},{"@type":"WebSite","@id":"https:\/\/www.alcatelmobile.com\/it\/#website","url":"https:\/\/www.alcatelmobile.com\/it\/","name":"Alcatel","description":"","publisher":{"@id":"https:\/\/www.alcatelmobile.com\/it\/#organization"},"potentialAction":[{"@type":"SearchAction","target":{"@type":"EntryPoint","urlTemplate":"https:\/\/www.alcatelmobile.com\/it\/?s={search_term_string}"},"query-input":{"@type":"PropertyValueSpecification","valueRequired":true,"valueName":"search_term_string"}}],"inLanguage":"en-US"},{"@type":"Organization","@id":"https:\/\/www.alcatelmobile.com\/it\/#organization","name":"Alcatel","url":"https:\/\/www.alcatelmobile.com\/it\/","logo":{"@type":"ImageObject","inLanguage":"en-US","@id":"https:\/\/www.alcatelmobile.com\/it\/#\/schema\/logo\/image\/","url":"https:\/\/www.alcatelmobile.com\/it\/wp-content\/uploads\/2019\/05\/Alcatel_logo_2016.svg","contentUrl":"https:\/\/www.alcatelmobile.com\/it\/wp-content\/uploads\/2019\/05\/Alcatel_logo_2016.svg","caption":"Alcatel"},"image":{"@id":"https:\/\/www.alcatelmobile.com\/it\/#\/schema\/logo\/image\/"}}]}},"_links":{"self":[{"href":"https:\/\/www.alcatelmobile.com\/it\/content\/wp-json\/wp\/v2\/pages\/26275","targetHints":{"allow":["GET"]}}],"collection":[{"href":"https:\/\/www.alcatelmobile.com\/it\/content\/wp-json\/wp\/v2\/pages"}],"about":[{"href":"https:\/\/www.alcatelmobile.com\/it\/content\/wp-json\/wp\/v2\/types\/page"}],"author":[{"embeddable":true,"href":"https:\/\/www.alcatelmobile.com\/it\/content\/wp-json\/wp\/v2\/users\/1"}],"replies":[{"embeddable":true,"href":"https:\/\/www.alcatelmobile.com\/it\/content\/wp-json\/wp\/v2\/comments?post=26275"}],"version-history":[{"count":4,"href":"https:\/\/www.alcatelmobile.com\/it\/content\/wp-json\/wp\/v2\/pages\/26275\/revisions"}],"predecessor-version":[{"id":32199,"href":"https:\/\/www.alcatelmobile.com\/it\/content\/wp-json\/wp\/v2\/pages\/26275\/revisions\/32199"}],"wp:attachment":[{"href":"https:\/\/www.alcatelmobile.com\/it\/content\/wp-json\/wp\/v2\/media?parent=26275"}],"curies":[{"name":"wp","href":"https:\/\/api.w.org\/{rel}","templated":true}]}}