{"id":284,"date":"2019-04-16T14:54:54","date_gmt":"2019-04-16T14:54:54","guid":{"rendered":"https:\/\/www.alcatelmobile.com\/?page_id=284"},"modified":"2019-11-22T13:54:19","modified_gmt":"2019-11-22T05:54:19","slug":"termini-condizioni","status":"publish","type":"page","link":"https:\/\/www.alcatelmobile.com\/it\/termini-condizioni\/","title":{"rendered":"TERMINI &#038; CONDIZIONI"},"content":{"rendered":"<p>I presenti termini e condizioni regolano l&#8217;uso da parte dell&#8217;utente del sito Web www.alcatel-mobile.com (di seguito, il \u201cSito Web\u201d). Il presente Sito \u00e8 pubblicato da TCT Mobile Europe SAS, di seguito designata come \u201cAlcatel\u201d, con sede in Immeuble Le Capitole, 55 avenue des Champs Pierreux Nanterre 92000, Francia. Si prega di leggere attentamente i presenti Termini e Condizioni d&#8217;uso e la nostra Informativa sulla privacy (di seguito, i \u201cTermini e Condizioni\u201d). I presenti Termini e Condizioni costituiscono un accordo contrattuale tra l&#8217;utente e TCT Mobile Europe SAS e possono essere soggetti a modifiche. In caso di mancata accettazione dei presenti Termini e Condizioni, l&#8217;utente non deve utilizzare il Sito Web. Utilizzando il Sito Web l&#8217;utente dichiara di accettare i presenti Termini e Condizioni. Alcuni contenuti di questo Sito Web potrebbero non essere adatti ai minori. Accedendo al Sito Web l&#8217;utente garantisce di essere maggiorenne e di essere autorizzato dalla legge del proprio paese di domicilio per accedere al Sito.<\/p>\n<h2 style=\"font-size: 1em; font-style: normal; margin-top: 20px; margin-bottom: 10px; color: #00a0e3; line-height: 1.3em; text-transform: uppercase; font-family: Lato, Helvetica, Arial, sans-serif; text-rendering: optimizelegibility; text-align: center;\">PROPRIET\u00c0 INTELLETTUALE<\/h2>\n<p>Fatta eccezione per eventuali contenuti generati dall&#8217;utente, il Sito Web, compresi tutti i copyright, marchi commerciali e altri diritti di propriet\u00e0 intellettuale ivi inclusi, sono protetti da diritti esclusivi e sono di propriet\u00e0 di Alcatel o di terzi. L&#8217;utente non potr\u00e0 riprodurre, distribuire, modificare o creare opere derivate di, mostrare pubblicamente (incluso incorniciando qualsiasi contenuto) o sfruttare commercialmente qualsiasi parte del Sito Web, salvo nella misura necessaria per visualizzare i contenuti ivi compresi e per creare un numero ragionevole di copie di parti di tali contenuti (senza modifiche) per l&#8217;uso personale e non commerciale dell&#8217;utente. Nel caso in cui l&#8217;utente ritenga che qualsiasi contenuto del Sito Web violi diritti di propriet\u00e0 intellettuale di terzi, \u00e8 pregato di contattarci immediatamente. Non appena ricevuto tale avviso, faremo quanto necessario per cessare tale violazione e rimuovere qualsiasi contenuto illecito dal nostro Sito Web. Il marchio di Alcatel, il logo e qualsiasi altro marchio, marchio di servizio, segno grafico e logo utilizzati in connessione con il presente Sito Web costituiscono marchi o marchi registrati di Alcatel o dei suoi concessori di licenza. Altri marchi, marchi di servizio, segni grafici e loghi utilizzati in connessione al Sito Web possono essere marchi dei rispettivi proprietari. All&#8217;utente non \u00e8 concesso alcun diritto o licenza relativamente ad alcuno dei suddetti marchi e ad ogni eventuale utilizzo degli stessi. In caso di qualsiasi violazione di quanto sopra indicato, Alcatel si riserva il diritto di richiedere all&#8217;utente di interrompere o di rettificare immediatamente l&#8217;uso illecito o, laddove l&#8217;uso illecito e\/o la violazione dovessero persistere, Alcatel si riserva il diritto di intraprendere un&#8217;azione legale nei confronti dell&#8217;utente.<\/p>\n<h2 style=\"font-size: 1em; font-style: normal; margin-top: 20px; margin-bottom: 10px; color: #00a0e3; line-height: 1.3em; text-transform: uppercase; font-family: Lato, Helvetica, Arial, sans-serif; text-rendering: optimizelegibility; text-align: center;\">PRIVACY E PROTEZIONE DEI DATI<\/h2>\n<p>Ogni eventuale dato fornitoci dall&#8217;utente mediante il quale Alcatel \u00e8 in grado di identificarlo \u00e8 conservato e trattato in conformit\u00e0 con la nostra Informativa sulla privacy. In relazione all&#8217;utilizzo del Sito Web l&#8217;utente pu\u00f2 condividere con noi il proprio indirizzo email per ulteriori comunicazioni tra l&#8217;utente e Alcatel. Prima di comunicare il proprio indirizzo e-mail, l&#8217;utente \u00e8 pregato di leggere attentamente la nostra Informativa sulla privacy al fine di comprendere le modalit\u00e0 di raccolta e utilizzo dei suoi dati da noi adottate nel momento in cui accede, visita o utilizza il Sito Web. I Dati personali dell&#8217;utente saranno raccolti, archiviati e trattati in conformit\u00e0 con la nostra Informativa sulla privacy che l&#8217;utente dovr\u00e0 leggere ed accettare prima di comunicare i propri dati personali al momento di utilizzare il Sito Web.<\/p>\n<h2 style=\"font-size: 1em; font-style: normal; margin-top: 20px; margin-bottom: 10px; color: #00a0e3; line-height: 1.3em; text-transform: uppercase; font-family: Lato, Helvetica, Arial, sans-serif; text-rendering: optimizelegibility; text-align: center;\">ESCLUSIONE DI GARANZIA; LIMITAZIONE DI RESPONSABILIT\u00c0<\/h2>\n<p>Il Sito web \u00e8 fornito da Alcatel &#8220;cos\u00ec com&#8217;\u00e8&#8221;. Nella misura massima consentita dalla legge applicabile, n\u00e9 Alcatel n\u00e9 suoi partner, fornitori o affiliati rilasciano alcuna dichiarazione o garanzia di alcun tipo, espressa o implicita, per quanto concerne il funzionamento del Sito, i contenuti ivi compresi o qualsiasi informazione resa disponibile da o attraverso il Sito Web.Alcatel e i suoi partner declinano altres\u00ec tutte le garanzie, espresse o implicite, in relazione al Sito Web, comprese, a titolo esemplificativo, garanzie implicite di commerciabilit\u00e0, titolo, idoneit\u00e0 per uno scopo particolare e non violazione. Alcatel non garantisce inoltre che l&#8217;utilizzo del Sito sar\u00e0 ininterrotto, disponibile in qualsiasi momento o da qualsiasi particolare posizione, sicuro o privo di errori, che i difetti saranno corretti, o che il Sito sia libero da virus o altre componenti potenzialmente dannose. L&#8217;utente sar\u00e0 responsabile di effettuare backup del proprio sistema. Alcatel non assume nessun altro impegno o rilascia altra garanzia relativamente al Sito Web e in particolare non garantisce e non sar\u00e0 responsabile per qualsiasi pretesa derivante da una decisione presa da Alcatel di rimuovere o rifiutare di elaborare qualsiasi dato o contenuto, di avvertire l&#8217;utente, di sospendere o cessare l&#8217;accesso dell&#8217;utente al Sito o di intraprendere qualsiasi altra azione durante la fase di indagine di una sospetta violazione o come conseguenza dell&#8217;accertamento da parte di Alcatel che si \u00e8 verificata una violazione dei presenti Termini e condizioni; o per qualsiasi pretesa relativa a mancati guadagni, perdita d&#8217;affari o di profitti, o a qualsiasi perdita o danneggiamento di dati in relazione all&#8217;utilizzo dell&#8217;Applicazione o del Sito Web da parte dell&#8217;utente. Alcatel declina ogni responsabilit\u00e0 per qualsiasi descrizione, compresa la responsabilit\u00e0 per negligenza (ad eccezione di lesioni personali o decesso), per eventuali danni o perdite di qualsiasi tipo (incluse, ma non limitatamente a, perdite d&#8217;affari, ricavi, profitti o perdite consequenziali) derivanti dall&#8217;utilizzo o dall&#8217;impossibilit\u00e0 di utilizzare il Sito da parte dell&#8217;utente. In caso di violazione dei presenti Termini e condizioni da parte dell&#8217;utente, questi sar\u00e0 responsabile nei confronti di Alcatel, dei suoi direttori, dirigenti, dipendenti, affiliati, agenti, appaltatori o concessori di licenza per qualsiasi pretesa derivante dalla violazione commessa. L&#8217;utente sar\u00e0 altres\u00ec responsabile di qualsiasi azione intrapresa da Alcatel come parte di un&#8217;indagine relativa ad una sospetta violazione dei presenti Termini e condizioni o come conseguenza dell&#8217;accertamento o conclusione da parte di Alcatel che si sia verificata una violazione dei presenti Termini e Condizioni.<\/p>\n<h2 style=\"font-size: 1em; font-style: normal; margin-top: 20px; margin-bottom: 10px; color: #00a0e3; line-height: 1.3em; text-transform: uppercase; font-family: Lato, Helvetica, Arial, sans-serif; text-rendering: optimizelegibility; text-align: center;\">LINK A SITI DI TERZI<\/h2>\n<p>Il Sito Web pu\u00f2 contenere link a siti Internet di terzi che non sono soggetti al controllo o non sono gestiti da Alcatel. Alcatel non si assume alcuna responsabilit\u00e0 per quanto riguarda il contenuto di tali siti. Alcatel fornisce i link esclusivamente per comodit\u00e0 dell&#8217;utente e non approva necessariamente il materiale contenuto in suddetti siti. L&#8217;utilizzo da parte dell&#8217;utente dei siti di terze parti crea un rapporto diretto tra l&#8217;utente e i terzi. \u00c8 responsabilit\u00e0 dell&#8217;utente, pertanto, leggere e rispettare le informative sulla privacy di tali terzi e i termini e condizioni applicabili ai loro siti Web. Ogni e qualsiasi pretesa per quanto riguarda suddetti siti o i contenuti ivi compresi dovranno indirizzarsi a tali terze parti.<\/p>\n<h2 style=\"font-size: 1em; font-style: normal; margin-top: 20px; margin-bottom: 10px; color: #00a0e3; line-height: 1.3em; text-transform: uppercase; font-family: Lato, Helvetica, Arial, sans-serif; text-rendering: optimizelegibility; text-align: center;\">MODIFICHE<\/h2>\n<p>Alcatel si riserva il diritto di modificare i presenti Termini e Condizioni in qualsiasi momento. Le modifiche e i termini o condizioni aggiuntivi saranno comunicati all&#8217;utente e, qualora accettati, avranno effetto immediato e saranno incorporati ai presenti Termini e Condizioni. Nel caso l&#8217;utente rifiuti di accettare tali modifiche sar\u00e0 tenuto a cessare immediatamente di accedere al Sito e all&#8217;Applicazione. Alcatel non sar\u00e0 responsabile per eventuali danni subiti dall&#8217;utente come risultato del fatto che questi continui ad utilizzare il Sito e l&#8217;Applicazione nonostante il suo disaccordo rispetto ai presenti Termini e condizioni o alle eventuali modifiche apportate agli stessi.<\/p>\n<h2 style=\"font-size: 1em; font-style: normal; margin-top: 20px; margin-bottom: 10px; color: #00a0e3; line-height: 1.3em; text-transform: uppercase; font-family: Lato, Helvetica, Arial, sans-serif; text-rendering: optimizelegibility; text-align: center;\">LEGGE APPLICABILE E FORO COMPETENTE<\/h2>\n<p>Il presente Sito Web \u00e8 amministrato e gestito dagli uffici di Alcatel situati in Francia. Accedendo al presente sito Web l&#8217;utente accetta che per le questioni relative all&#8217;utilizzo del Sito si applicheranno le leggi francesi a prescindere dalle disposizioni di tale ordinamento in materia di conflitto di leggi. In caso di controversie o dissensi tra Alcatel e l&#8217;utente derivanti da o correlati all&#8217;utilizzo del Sito da parte dell&#8217;utente, le parti cercheranno di risolvere tali dispute prontamente e in buona fede. Qualora le parti non riescano a risolvere le dispute in tempi ragionevoli (non superiori a trenta (30) giorni), ciascuna delle parti avr\u00e0 il diritto di rimettere tale controversia o contenzioso ai competenti fori francesi.<\/p>\n<h2 style=\"font-size: 1em; font-style: normal; margin-top: 20px; margin-bottom: 10px; color: #00a0e3; line-height: 1.3em; text-transform: uppercase; font-family: Lato, Helvetica, Arial, sans-serif; text-rendering: optimizelegibility; text-align: center;\">DISPOSIZIONI GENERALI<\/h2>\n<p>Nel caso in cui una o pi\u00f9 clausole dei presenti Termini e Condizioni d&#8217;uso siano ritenute nulle o inapplicabili da un tribunale competente per giurisdizione, tali clausole verranno limitate o eliminate nella misura strettamente necessaria e verranno sostituite con disposizioni valide che meglio esprimano le intenzioni dei presenti Termini e Condizioni in modo che gli stessi restino pienamente validi e applicabili. I presenti Termini e Condizioni rappresentano l&#8217;intero accordo tra l&#8217;utente e Alcatel in merito all&#8217;utilizzo del sito Web da parte dell&#8217;utente e qualsiasi precedente accordo o intesa scritti o orali esistenti tra le parti per quanto riguarda la materia in oggetto sono sostituiti e cancellati mediante i presenti Termini e Condizioni.<\/p>\n","protected":false},"excerpt":{"rendered":"<p>I presenti termini e condizioni regolano l&#8217;uso da parte dell&#8217;utente del sito Web www.alcatel-mobile.com (di seguito, il \u201cSito Web\u201d). Il presente Sito \u00e8 pubblicato da TCT Mobile Europe SAS, di seguito designata come \u201cAlcatel\u201d, con sede in Immeuble Le Capitole, 55 avenue des Champs Pierreux Nanterre 92000, Francia. Si prega di leggere attentamente i presenti &hellip;<\/p>\n<p class=\"read-more\"> <a class=\"\" href=\"https:\/\/www.alcatelmobile.com\/it\/termini-condizioni\/\"> <span class=\"screen-reader-text\">TERMINI &#038; CONDIZIONI<\/span> Read More &raquo;<\/a><\/p>\n","protected":false},"author":1,"featured_media":0,"parent":0,"menu_order":0,"comment_status":"closed","ping_status":"closed","template":"","meta":{"footnotes":""},"class_list":["post-284","page","type-page","status-publish","hentry"],"yoast_head":"<!-- This site is optimized with the Yoast SEO plugin v24.7 - https:\/\/yoast.com\/wordpress\/plugins\/seo\/ -->\n<title>TERMINI &amp; CONDIZIONI - Alcatel<\/title>\n<meta name=\"robots\" content=\"index, follow, max-snippet:-1, max-image-preview:large, max-video-preview:-1\" \/>\n<link rel=\"canonical\" href=\"https:\/\/www.alcatelmobile.com\/it\/termini-condizioni\/\" \/>\n<meta property=\"og:locale\" content=\"en_US\" \/>\n<meta property=\"og:type\" content=\"article\" \/>\n<meta property=\"og:title\" content=\"TERMINI &amp; CONDIZIONI - Alcatel\" \/>\n<meta property=\"og:description\" content=\"I presenti termini e condizioni regolano l&#8217;uso da parte dell&#8217;utente del sito Web www.alcatel-mobile.com (di seguito, il \u201cSito Web\u201d). Il presente Sito \u00e8 pubblicato da TCT Mobile Europe SAS, di seguito designata come \u201cAlcatel\u201d, con sede in Immeuble Le Capitole, 55 avenue des Champs Pierreux Nanterre 92000, Francia. Si prega di leggere attentamente i presenti &hellip; TERMINI &#038; CONDIZIONI Read More &raquo;\" \/>\n<meta property=\"og:url\" content=\"https:\/\/www.alcatelmobile.com\/it\/termini-condizioni\/\" \/>\n<meta property=\"og:site_name\" content=\"Alcatel\" \/>\n<meta property=\"article:modified_time\" content=\"2019-11-22T05:54:19+00:00\" \/>\n<meta name=\"twitter:card\" content=\"summary_large_image\" \/>\n<meta name=\"twitter:label1\" content=\"Est. reading time\" \/>\n\t<meta name=\"twitter:data1\" content=\"7 minutes\" \/>\n<script type=\"application\/ld+json\" class=\"yoast-schema-graph\">{\"@context\":\"https:\/\/schema.org\",\"@graph\":[{\"@type\":\"WebPage\",\"@id\":\"https:\/\/www.alcatelmobile.com\/it\/termini-condizioni\/\",\"url\":\"https:\/\/www.alcatelmobile.com\/it\/termini-condizioni\/\",\"name\":\"TERMINI & CONDIZIONI - Alcatel\",\"isPartOf\":{\"@id\":\"https:\/\/www.alcatelmobile.com\/it\/#website\"},\"datePublished\":\"2019-04-16T14:54:54+00:00\",\"dateModified\":\"2019-11-22T05:54:19+00:00\",\"inLanguage\":\"en-US\",\"potentialAction\":[{\"@type\":\"ReadAction\",\"target\":[\"https:\/\/www.alcatelmobile.com\/it\/termini-condizioni\/\"]}]},{\"@type\":\"WebSite\",\"@id\":\"https:\/\/www.alcatelmobile.com\/it\/#website\",\"url\":\"https:\/\/www.alcatelmobile.com\/it\/\",\"name\":\"Alcatel\",\"description\":\"\",\"publisher\":{\"@id\":\"https:\/\/www.alcatelmobile.com\/it\/#organization\"},\"potentialAction\":[{\"@type\":\"SearchAction\",\"target\":{\"@type\":\"EntryPoint\",\"urlTemplate\":\"https:\/\/www.alcatelmobile.com\/it\/?s={search_term_string}\"},\"query-input\":{\"@type\":\"PropertyValueSpecification\",\"valueRequired\":true,\"valueName\":\"search_term_string\"}}],\"inLanguage\":\"en-US\"},{\"@type\":\"Organization\",\"@id\":\"https:\/\/www.alcatelmobile.com\/it\/#organization\",\"name\":\"Alcatel\",\"url\":\"https:\/\/www.alcatelmobile.com\/it\/\",\"logo\":{\"@type\":\"ImageObject\",\"inLanguage\":\"en-US\",\"@id\":\"https:\/\/www.alcatelmobile.com\/it\/#\/schema\/logo\/image\/\",\"url\":\"https:\/\/www.alcatelmobile.com\/it\/wp-content\/uploads\/2019\/05\/Alcatel_logo_2016.svg\",\"contentUrl\":\"https:\/\/www.alcatelmobile.com\/it\/wp-content\/uploads\/2019\/05\/Alcatel_logo_2016.svg\",\"caption\":\"Alcatel\"},\"image\":{\"@id\":\"https:\/\/www.alcatelmobile.com\/it\/#\/schema\/logo\/image\/\"}}]}<\/script>\n<!-- \/ Yoast SEO plugin. -->","yoast_head_json":{"title":"TERMINI & CONDIZIONI - Alcatel","robots":{"index":"index","follow":"follow","max-snippet":"max-snippet:-1","max-image-preview":"max-image-preview:large","max-video-preview":"max-video-preview:-1"},"canonical":"https:\/\/www.alcatelmobile.com\/it\/termini-condizioni\/","og_locale":"en_US","og_type":"article","og_title":"TERMINI & CONDIZIONI - Alcatel","og_description":"I presenti termini e condizioni regolano l&#8217;uso da parte dell&#8217;utente del sito Web www.alcatel-mobile.com (di seguito, il \u201cSito Web\u201d). Il presente Sito \u00e8 pubblicato da TCT Mobile Europe SAS, di seguito designata come \u201cAlcatel\u201d, con sede in Immeuble Le Capitole, 55 avenue des Champs Pierreux Nanterre 92000, Francia. Si prega di leggere attentamente i presenti &hellip; TERMINI &#038; CONDIZIONI Read More &raquo;","og_url":"https:\/\/www.alcatelmobile.com\/it\/termini-condizioni\/","og_site_name":"Alcatel","article_modified_time":"2019-11-22T05:54:19+00:00","twitter_card":"summary_large_image","twitter_misc":{"Est. reading time":"7 minutes"},"schema":{"@context":"https:\/\/schema.org","@graph":[{"@type":"WebPage","@id":"https:\/\/www.alcatelmobile.com\/it\/termini-condizioni\/","url":"https:\/\/www.alcatelmobile.com\/it\/termini-condizioni\/","name":"TERMINI & CONDIZIONI - Alcatel","isPartOf":{"@id":"https:\/\/www.alcatelmobile.com\/it\/#website"},"datePublished":"2019-04-16T14:54:54+00:00","dateModified":"2019-11-22T05:54:19+00:00","inLanguage":"en-US","potentialAction":[{"@type":"ReadAction","target":["https:\/\/www.alcatelmobile.com\/it\/termini-condizioni\/"]}]},{"@type":"WebSite","@id":"https:\/\/www.alcatelmobile.com\/it\/#website","url":"https:\/\/www.alcatelmobile.com\/it\/","name":"Alcatel","description":"","publisher":{"@id":"https:\/\/www.alcatelmobile.com\/it\/#organization"},"potentialAction":[{"@type":"SearchAction","target":{"@type":"EntryPoint","urlTemplate":"https:\/\/www.alcatelmobile.com\/it\/?s={search_term_string}"},"query-input":{"@type":"PropertyValueSpecification","valueRequired":true,"valueName":"search_term_string"}}],"inLanguage":"en-US"},{"@type":"Organization","@id":"https:\/\/www.alcatelmobile.com\/it\/#organization","name":"Alcatel","url":"https:\/\/www.alcatelmobile.com\/it\/","logo":{"@type":"ImageObject","inLanguage":"en-US","@id":"https:\/\/www.alcatelmobile.com\/it\/#\/schema\/logo\/image\/","url":"https:\/\/www.alcatelmobile.com\/it\/wp-content\/uploads\/2019\/05\/Alcatel_logo_2016.svg","contentUrl":"https:\/\/www.alcatelmobile.com\/it\/wp-content\/uploads\/2019\/05\/Alcatel_logo_2016.svg","caption":"Alcatel"},"image":{"@id":"https:\/\/www.alcatelmobile.com\/it\/#\/schema\/logo\/image\/"}}]}},"_links":{"self":[{"href":"https:\/\/www.alcatelmobile.com\/it\/content\/wp-json\/wp\/v2\/pages\/284","targetHints":{"allow":["GET"]}}],"collection":[{"href":"https:\/\/www.alcatelmobile.com\/it\/content\/wp-json\/wp\/v2\/pages"}],"about":[{"href":"https:\/\/www.alcatelmobile.com\/it\/content\/wp-json\/wp\/v2\/types\/page"}],"author":[{"embeddable":true,"href":"https:\/\/www.alcatelmobile.com\/it\/content\/wp-json\/wp\/v2\/users\/1"}],"replies":[{"embeddable":true,"href":"https:\/\/www.alcatelmobile.com\/it\/content\/wp-json\/wp\/v2\/comments?post=284"}],"version-history":[{"count":12,"href":"https:\/\/www.alcatelmobile.com\/it\/content\/wp-json\/wp\/v2\/pages\/284\/revisions"}],"predecessor-version":[{"id":27762,"href":"https:\/\/www.alcatelmobile.com\/it\/content\/wp-json\/wp\/v2\/pages\/284\/revisions\/27762"}],"wp:attachment":[{"href":"https:\/\/www.alcatelmobile.com\/it\/content\/wp-json\/wp\/v2\/media?parent=284"}],"curies":[{"name":"wp","href":"https:\/\/api.w.org\/{rel}","templated":true}]}}